{"id":743247,"date":"2025-03-03T18:28:20","date_gmt":"2025-03-03T17:28:20","guid":{"rendered":"https:\/\/stoic-curie.212-227-153-4.plesk.page\/producto\/dvostruki-okretni-prikljucak-od-nehrdajuceg-celika-douglas-marine-trimmer-10-12-mm-8500kg\/"},"modified":"2026-02-25T00:01:07","modified_gmt":"2026-02-25T00:01:07","slug":"dvostruki-okretni-prikljucak-od-nehrdajuceg-celika-douglas-marine-trimmer-10-12-mm-8500kg","status":"publish","type":"product","link":"https:\/\/stoic-curie.212-227-153-4.plesk.page\/hr\/product\/dvostruki-okretni-prikljucak-od-nehrdajuceg-celika-douglas-marine-trimmer-10-12-mm-8500kg\/","title":{"rendered":"Dvostruki okretni prikljucak od nehr\u0111aju\u0107eg \u010delika Douglas Marine Trimmer 10-12 mm (8500kg)"},"content":{"rendered":"<p>Dvostruki okretni prikljucak od nehr\u0111aju\u0107eg \u010delika Douglas Marine Trimmer 10-12 mm (8500kg) &#8211; <\/p>\n<p>Douglas tip od nehr\u0111aju\u0107eg \u010delika sidro s dvostrukom rotiraju\u0107om glavom i spojkom u obliku vilice. Radi u sidru pramca bez zastoja i sprje\u010dava zapetljanje lanca. Omogu\u0107uje savr\u0161eno povla\u010denje i pohranu sidara u valjcima pramca. Nema potrebe za dodatnim spojnicama za povezivanje sidara. 0133428 za sidra od 7 do 16 Kg 0133432 za sidra od 20 do 30 Kg 0133433 za sidra od 30 do 50 Kg<\/p>\n","protected":false},"excerpt":{"rendered":"<p>Dvostruki okretni prikljucak od nehr\u0111aju\u0107eg \u010delika Douglas Marine Trimmer 10-12 mm (8500kg) &#8211; Douglas tip od nehr\u0111aju\u0107eg \u010delika sidro s<\/p>\n","protected":false},"featured_media":5945044,"comment_status":"open","ping_status":"closed","template":"","meta":[],"product_brand":[2901],"product_cat":[1865],"product_tag":[],"class_list":{"0":"post-743247","1":"product","2":"type-product","3":"status-publish","4":"has-post-thumbnail","6":"product_brand-douglas-marine-hr","7":"product_cat-vrtuljci-za-sidra","9":"first","10":"instock","11":"shipping-taxable","12":"purchasable","13":"product-type-simple"},"_links":{"self":[{"href":"https:\/\/stoic-curie.212-227-153-4.plesk.page\/hr\/wp-json\/wp\/v2\/product\/743247","targetHints":{"allow":["GET"]}}],"collection":[{"href":"https:\/\/stoic-curie.212-227-153-4.plesk.page\/hr\/wp-json\/wp\/v2\/product"}],"about":[{"href":"https:\/\/stoic-curie.212-227-153-4.plesk.page\/hr\/wp-json\/wp\/v2\/types\/product"}],"replies":[{"embeddable":true,"href":"https:\/\/stoic-curie.212-227-153-4.plesk.page\/hr\/wp-json\/wp\/v2\/comments?post=743247"}],"version-history":[{"count":0,"href":"https:\/\/stoic-curie.212-227-153-4.plesk.page\/hr\/wp-json\/wp\/v2\/product\/743247\/revisions"}],"wp:featuredmedia":[{"embeddable":true,"href":"https:\/\/stoic-curie.212-227-153-4.plesk.page\/hr\/wp-json\/wp\/v2\/media\/5945044"}],"wp:attachment":[{"href":"https:\/\/stoic-curie.212-227-153-4.plesk.page\/hr\/wp-json\/wp\/v2\/media?parent=743247"}],"wp:term":[{"taxonomy":"product_brand","embeddable":true,"href":"https:\/\/stoic-curie.212-227-153-4.plesk.page\/hr\/wp-json\/wp\/v2\/product_brand?post=743247"},{"taxonomy":"product_cat","embeddable":true,"href":"https:\/\/stoic-curie.212-227-153-4.plesk.page\/hr\/wp-json\/wp\/v2\/product_cat?post=743247"},{"taxonomy":"product_tag","embeddable":true,"href":"https:\/\/stoic-curie.212-227-153-4.plesk.page\/hr\/wp-json\/wp\/v2\/product_tag?post=743247"}],"curies":[{"name":"wp","href":"https:\/\/api.w.org\/{rel}","templated":true}]}}