{"id":743249,"date":"2025-03-03T18:28:21","date_gmt":"2025-03-03T17:28:21","guid":{"rendered":"https:\/\/stoic-curie.212-227-153-4.plesk.page\/producto\/set-50-visebojnih-lancanih-markera-od-12-mm\/"},"modified":"2026-02-25T00:01:07","modified_gmt":"2026-02-25T00:01:07","slug":"set-50-visebojnih-lancanih-markera-od-12-mm","status":"publish","type":"product","link":"https:\/\/stoic-curie.212-227-153-4.plesk.page\/hr\/product\/set-50-visebojnih-lancanih-markera-od-12-mm\/","title":{"rendered":"Set 50 vi\u0161ebojnih lancanih markera od 12 mm"},"content":{"rendered":"<p>Set 50 vi\u0161ebojnih lancanih markera od 12 mm &#8211; <\/p>\n<p>Marker za lanac od polimera otporan na udarce, posebno dizajniran za pomorsku upotrebu kako bi ozna\u010dio razli\u010dite du\u017eine lanca. Jednostavna monta\u017ea s preklapaju\u0107im sustavom: nakon \u0161to se umetnu u kariku, vi\u0161e ne ispadnu. Pakiranje od 50 komada, 10 komada za svaku od 5 boja.<\/p>\n","protected":false},"excerpt":{"rendered":"<p>Set 50 vi\u0161ebojnih lancanih markera od 12 mm &#8211; Marker za lanac od polimera otporan na udarce, posebno dizajniran za<\/p>\n","protected":false},"featured_media":5945047,"comment_status":"open","ping_status":"closed","template":"","meta":[],"product_brand":[3236],"product_cat":[1620,1619],"product_tag":[],"class_list":{"0":"post-743249","1":"product","2":"type-product","3":"status-publish","4":"has-post-thumbnail","6":"product_brand-osculati-hr","7":"product_cat-kalibrirani-lanac-od-nehrdajuceg-celika","8":"product_cat-kalibrirani-lanac-pocincan","10":"first","11":"instock","12":"shipping-taxable","13":"purchasable","14":"product-type-simple"},"_links":{"self":[{"href":"https:\/\/stoic-curie.212-227-153-4.plesk.page\/hr\/wp-json\/wp\/v2\/product\/743249","targetHints":{"allow":["GET"]}}],"collection":[{"href":"https:\/\/stoic-curie.212-227-153-4.plesk.page\/hr\/wp-json\/wp\/v2\/product"}],"about":[{"href":"https:\/\/stoic-curie.212-227-153-4.plesk.page\/hr\/wp-json\/wp\/v2\/types\/product"}],"replies":[{"embeddable":true,"href":"https:\/\/stoic-curie.212-227-153-4.plesk.page\/hr\/wp-json\/wp\/v2\/comments?post=743249"}],"version-history":[{"count":0,"href":"https:\/\/stoic-curie.212-227-153-4.plesk.page\/hr\/wp-json\/wp\/v2\/product\/743249\/revisions"}],"wp:featuredmedia":[{"embeddable":true,"href":"https:\/\/stoic-curie.212-227-153-4.plesk.page\/hr\/wp-json\/wp\/v2\/media\/5945047"}],"wp:attachment":[{"href":"https:\/\/stoic-curie.212-227-153-4.plesk.page\/hr\/wp-json\/wp\/v2\/media?parent=743249"}],"wp:term":[{"taxonomy":"product_brand","embeddable":true,"href":"https:\/\/stoic-curie.212-227-153-4.plesk.page\/hr\/wp-json\/wp\/v2\/product_brand?post=743249"},{"taxonomy":"product_cat","embeddable":true,"href":"https:\/\/stoic-curie.212-227-153-4.plesk.page\/hr\/wp-json\/wp\/v2\/product_cat?post=743249"},{"taxonomy":"product_tag","embeddable":true,"href":"https:\/\/stoic-curie.212-227-153-4.plesk.page\/hr\/wp-json\/wp\/v2\/product_tag?post=743249"}],"curies":[{"name":"wp","href":"https:\/\/api.w.org\/{rel}","templated":true}]}}