{"id":743253,"date":"2025-03-03T18:28:22","date_gmt":"2025-03-03T17:28:22","guid":{"rendered":"https:\/\/stoic-curie.212-227-153-4.plesk.page\/producto\/sklopiva-bitva-upustena-220-mm-od-nehrdajuceg-celika\/"},"modified":"2026-02-25T00:01:07","modified_gmt":"2026-02-25T00:01:07","slug":"sklopiva-bitva-upustena-220-mm-od-nehrdajuceg-celika","status":"publish","type":"product","link":"https:\/\/stoic-curie.212-227-153-4.plesk.page\/hr\/product\/sklopiva-bitva-upustena-220-mm-od-nehrdajuceg-celika\/","title":{"rendered":"Sklopiva bitva upu\u0161tena 220 mm od nehr\u0111aju\u0107eg \u010delika"},"content":{"rendered":"<p>Sklopiva bitva upu\u0161tena 220 mm od nehr\u0111aju\u0107eg \u010delika &#8211; <\/p>\n<p>Sklopivi polirani sidreni zateza\u010d od nehr\u0111aju\u0107eg \u010delika. Monta\u017ea s vijcima. Ne zahtijeva udubljenu rupu, mo\u017ee se sni\u017eavati savijanjem.<\/p>\n","protected":false},"excerpt":{"rendered":"<p>Sklopiva bitva upu\u0161tena 220 mm od nehr\u0111aju\u0107eg \u010delika &#8211; Sklopivi polirani sidreni zateza\u010d od nehr\u0111aju\u0107eg \u010delika. Monta\u017ea s vijcima. Ne<\/p>\n","protected":false},"featured_media":5945059,"comment_status":"open","ping_status":"closed","template":"","meta":[],"product_brand":[3121],"product_cat":[1704],"product_tag":[],"class_list":{"0":"post-743253","1":"product","2":"type-product","3":"status-publish","4":"has-post-thumbnail","6":"product_brand-marinetech-hr","7":"product_cat-palubne-kljune","9":"first","10":"instock","11":"shipping-taxable","12":"purchasable","13":"product-type-simple"},"_links":{"self":[{"href":"https:\/\/stoic-curie.212-227-153-4.plesk.page\/hr\/wp-json\/wp\/v2\/product\/743253","targetHints":{"allow":["GET"]}}],"collection":[{"href":"https:\/\/stoic-curie.212-227-153-4.plesk.page\/hr\/wp-json\/wp\/v2\/product"}],"about":[{"href":"https:\/\/stoic-curie.212-227-153-4.plesk.page\/hr\/wp-json\/wp\/v2\/types\/product"}],"replies":[{"embeddable":true,"href":"https:\/\/stoic-curie.212-227-153-4.plesk.page\/hr\/wp-json\/wp\/v2\/comments?post=743253"}],"version-history":[{"count":0,"href":"https:\/\/stoic-curie.212-227-153-4.plesk.page\/hr\/wp-json\/wp\/v2\/product\/743253\/revisions"}],"wp:featuredmedia":[{"embeddable":true,"href":"https:\/\/stoic-curie.212-227-153-4.plesk.page\/hr\/wp-json\/wp\/v2\/media\/5945059"}],"wp:attachment":[{"href":"https:\/\/stoic-curie.212-227-153-4.plesk.page\/hr\/wp-json\/wp\/v2\/media?parent=743253"}],"wp:term":[{"taxonomy":"product_brand","embeddable":true,"href":"https:\/\/stoic-curie.212-227-153-4.plesk.page\/hr\/wp-json\/wp\/v2\/product_brand?post=743253"},{"taxonomy":"product_cat","embeddable":true,"href":"https:\/\/stoic-curie.212-227-153-4.plesk.page\/hr\/wp-json\/wp\/v2\/product_cat?post=743253"},{"taxonomy":"product_tag","embeddable":true,"href":"https:\/\/stoic-curie.212-227-153-4.plesk.page\/hr\/wp-json\/wp\/v2\/product_tag?post=743253"}],"curies":[{"name":"wp","href":"https:\/\/api.w.org\/{rel}","templated":true}]}}