{"id":743254,"date":"2025-03-03T18:28:23","date_gmt":"2025-03-03T17:28:23","guid":{"rendered":"https:\/\/stoic-curie.212-227-153-4.plesk.page\/producto\/oplatna-zjevaca-od-nehrdajuceg-celika-s-valjcima-od-340-x-160-mm\/"},"modified":"2026-02-25T00:01:07","modified_gmt":"2026-02-25T00:01:07","slug":"oplatna-zjevaca-od-nehrdajuceg-celika-s-valjcima-od-340-x-160-mm","status":"publish","type":"product","link":"https:\/\/stoic-curie.212-227-153-4.plesk.page\/hr\/product\/oplatna-zjevaca-od-nehrdajuceg-celika-s-valjcima-od-340-x-160-mm\/","title":{"rendered":"Oplatna zjeva\u010da od nehr\u0111aju\u0107eg \u010delika s valjcima od 340 x 160 mm"},"content":{"rendered":"<p>Oplatna zjeva\u010da od nehr\u0111aju\u0107eg \u010delika s valjcima od 340 x 160 mm &#8211; <\/p>\n<p>Hawse cijev od nehr\u0111aju\u0107eg \u010delika AISI 316 s kota\u010di\u0107ima. Flan\u0161na monta\u017ea na vijcima. Oko treba izrezati prema \u017eeljenoj debljini. Oko H 125 mm.<\/p>\n","protected":false},"excerpt":{"rendered":"<p>Oplatna zjeva\u010da od nehr\u0111aju\u0107eg \u010delika s valjcima od 340 x 160 mm &#8211; Hawse cijev od nehr\u0111aju\u0107eg \u010delika AISI 316<\/p>\n","protected":false},"featured_media":5945061,"comment_status":"open","ping_status":"closed","template":"","meta":[],"product_brand":[3121],"product_cat":[1677],"product_tag":[],"class_list":{"0":"post-743254","1":"product","2":"type-product","3":"status-publish","4":"has-post-thumbnail","6":"product_brand-marinetech-hr","7":"product_cat-palubne-zjevace","9":"first","10":"instock","11":"shipping-taxable","12":"purchasable","13":"product-type-simple"},"_links":{"self":[{"href":"https:\/\/stoic-curie.212-227-153-4.plesk.page\/hr\/wp-json\/wp\/v2\/product\/743254","targetHints":{"allow":["GET"]}}],"collection":[{"href":"https:\/\/stoic-curie.212-227-153-4.plesk.page\/hr\/wp-json\/wp\/v2\/product"}],"about":[{"href":"https:\/\/stoic-curie.212-227-153-4.plesk.page\/hr\/wp-json\/wp\/v2\/types\/product"}],"replies":[{"embeddable":true,"href":"https:\/\/stoic-curie.212-227-153-4.plesk.page\/hr\/wp-json\/wp\/v2\/comments?post=743254"}],"version-history":[{"count":0,"href":"https:\/\/stoic-curie.212-227-153-4.plesk.page\/hr\/wp-json\/wp\/v2\/product\/743254\/revisions"}],"wp:featuredmedia":[{"embeddable":true,"href":"https:\/\/stoic-curie.212-227-153-4.plesk.page\/hr\/wp-json\/wp\/v2\/media\/5945061"}],"wp:attachment":[{"href":"https:\/\/stoic-curie.212-227-153-4.plesk.page\/hr\/wp-json\/wp\/v2\/media?parent=743254"}],"wp:term":[{"taxonomy":"product_brand","embeddable":true,"href":"https:\/\/stoic-curie.212-227-153-4.plesk.page\/hr\/wp-json\/wp\/v2\/product_brand?post=743254"},{"taxonomy":"product_cat","embeddable":true,"href":"https:\/\/stoic-curie.212-227-153-4.plesk.page\/hr\/wp-json\/wp\/v2\/product_cat?post=743254"},{"taxonomy":"product_tag","embeddable":true,"href":"https:\/\/stoic-curie.212-227-153-4.plesk.page\/hr\/wp-json\/wp\/v2\/product_tag?post=743254"}],"curies":[{"name":"wp","href":"https:\/\/api.w.org\/{rel}","templated":true}]}}