{"id":743255,"date":"2025-03-03T18:28:23","date_gmt":"2025-03-03T17:28:23","guid":{"rendered":"https:\/\/stoic-curie.212-227-153-4.plesk.page\/producto\/capstan-quick-thg-500w-12v\/"},"modified":"2026-02-25T00:01:07","modified_gmt":"2026-02-25T00:01:07","slug":"capstan-quick-thg-500w-12v","status":"publish","type":"product","link":"https:\/\/stoic-curie.212-227-153-4.plesk.page\/hr\/product\/capstan-quick-thg-500w-12v\/","title":{"rendered":"Capstan Quick THG 500W 12v"},"content":{"rendered":"<p>Capstan Quick THG 500W 12v &#8211; <\/p>\n<p>Predstavljamo Quick THG Capstan 500 s Strap Roller-om, izvanrednim rje\u0161enjem za jednostavno podizanje tendera ili drugih tereta bez potrebe za konopcem. Ovaj capstan ima \u010dvrstu anodiziranu aluminijsku podlogu i valjkastu bubanj, koji osiguravaju izdr\u017eljivost i pouzdanost u raznolikim pomorskim uvjetima.<\/p>\n<p>Motor je dizajniran da bude vodonepropusan, s IP67 klasifikacijom za 1000W i 1500W modele, a IP66 klasifikacijom za 500W model, pru\u017eaju\u0107i sigurnost u vla\u017enim uvjetima. Osim toga, capstan uklju\u010duje epicycli\u010dni zup\u010danik za u\u010dinkovitu operaciju.<\/p>\n<p>Uklju\u010deno u va\u0161u kupnju su kutija s kontrolama i polimerni pokrov za dodatnu za\u0161titu.<\/p>\n<p>Klju\u010dne zna\u010dajke:<\/p>\n<ul>\n<li>Valjak za strap za jednostavno podizanje tereta<\/li>\n<li>Anodizirana aluminijska osnova i bubanj za pobolj\u0161anu izdr\u017eljivost<\/li>\n<li>IP67 vodonepropusni motor (dostupan u 1000W i 1500W modelima)<\/li>\n<li>IP66 vodonepropusni motor (dostupan u 500W modelu)<\/li>\n<li>Anodizirani aluminijski zup\u010danik za pouzdane performanse<\/li>\n<li>Dolazi s standardnim plasti\u010dnim pokrovom za dodatnu za\u0161titu<\/li>\n<\/ul>\n<p>Imajte na umu da se traka, dostupna u 48 mm x 7,5 m ili 48 mm x 10 m, mora naru\u010diti zasebno.<\/p>\n<p>Ovaj capstan je odli\u010dan izbor za vlasnike \u010damaca koji tra\u017ee pouzdano i u\u010dinkovito rje\u0161enje za svoje potrebe utovara.<\/p>\n","protected":false},"excerpt":{"rendered":"<p>Capstan Quick THG 500W 12v &#8211; Predstavljamo Quick THG Capstan 500 s Strap Roller-om, izvanrednim rje\u0161enjem za jednostavno podizanje tendera<\/p>\n","protected":false},"featured_media":5945063,"comment_status":"open","ping_status":"closed","template":"","meta":[],"product_brand":[3281],"product_cat":[1611,1834],"product_tag":[],"class_list":{"0":"post-743255","1":"product","2":"type-product","3":"status-publish","4":"has-post-thumbnail","6":"product_brand-quick-hr","7":"product_cat-vitla-quick","8":"product_cat-vitla-za-prikolice-za-brodove","10":"first","11":"outofstock","12":"shipping-taxable","13":"purchasable","14":"product-type-simple"},"_links":{"self":[{"href":"https:\/\/stoic-curie.212-227-153-4.plesk.page\/hr\/wp-json\/wp\/v2\/product\/743255","targetHints":{"allow":["GET"]}}],"collection":[{"href":"https:\/\/stoic-curie.212-227-153-4.plesk.page\/hr\/wp-json\/wp\/v2\/product"}],"about":[{"href":"https:\/\/stoic-curie.212-227-153-4.plesk.page\/hr\/wp-json\/wp\/v2\/types\/product"}],"replies":[{"embeddable":true,"href":"https:\/\/stoic-curie.212-227-153-4.plesk.page\/hr\/wp-json\/wp\/v2\/comments?post=743255"}],"version-history":[{"count":0,"href":"https:\/\/stoic-curie.212-227-153-4.plesk.page\/hr\/wp-json\/wp\/v2\/product\/743255\/revisions"}],"wp:featuredmedia":[{"embeddable":true,"href":"https:\/\/stoic-curie.212-227-153-4.plesk.page\/hr\/wp-json\/wp\/v2\/media\/5945063"}],"wp:attachment":[{"href":"https:\/\/stoic-curie.212-227-153-4.plesk.page\/hr\/wp-json\/wp\/v2\/media?parent=743255"}],"wp:term":[{"taxonomy":"product_brand","embeddable":true,"href":"https:\/\/stoic-curie.212-227-153-4.plesk.page\/hr\/wp-json\/wp\/v2\/product_brand?post=743255"},{"taxonomy":"product_cat","embeddable":true,"href":"https:\/\/stoic-curie.212-227-153-4.plesk.page\/hr\/wp-json\/wp\/v2\/product_cat?post=743255"},{"taxonomy":"product_tag","embeddable":true,"href":"https:\/\/stoic-curie.212-227-153-4.plesk.page\/hr\/wp-json\/wp\/v2\/product_tag?post=743255"}],"curies":[{"name":"wp","href":"https:\/\/api.w.org\/{rel}","templated":true}]}}