{"id":743258,"date":"2025-03-03T18:28:24","date_gmt":"2025-03-03T17:28:24","guid":{"rendered":"https:\/\/stoic-curie.212-227-153-4.plesk.page\/producto\/quick-daljinski-upravljac-hrc-visenamjenski-6-tipke-led-baklja\/"},"modified":"2026-02-25T00:01:07","modified_gmt":"2026-02-25T00:01:07","slug":"quick-daljinski-upravljac-hrc-visenamjenski-6-tipke-led-baklja","status":"publish","type":"product","link":"https:\/\/stoic-curie.212-227-153-4.plesk.page\/hr\/product\/quick-daljinski-upravljac-hrc-visenamjenski-6-tipke-led-baklja\/","title":{"rendered":"Quick daljinski upravljac HRC Vi\u0161enamjenski 6 tipke + Led baklja"},"content":{"rendered":"<p>Quick daljinski upravljac HRC Vi\u0161enamjenski 6 tipke + Led baklja &#8211; <\/p>\n<p>Vodonepropusne ru\u010dne daljinske kontrole HRC koje se koriste za upravljanje dizalicama, prilazima, morskim ljestvama, vitlovima itd. Izra\u0111ene su s gumenim ulo\u0161cima otpornim na udarce za pobolj\u0161anje prijanjanja. S kabelom koji se mo\u017ee produ\u017eiti do 4,2 metra, vodonepropusnom uti\u010dnicom, nosa\u010dem i integriranom LED lampom na zahtjev.<\/p>\n","protected":false},"excerpt":{"rendered":"<p>Quick daljinski upravljac HRC Vi\u0161enamjenski 6 tipke + Led baklja &#8211; Vodonepropusne ru\u010dne daljinske kontrole HRC koje se koriste za<\/p>\n","protected":false},"featured_media":5944221,"comment_status":"open","ping_status":"closed","template":"","meta":[],"product_brand":[3281],"product_cat":[1611],"product_tag":[],"class_list":{"0":"post-743258","1":"product","2":"type-product","3":"status-publish","4":"has-post-thumbnail","6":"product_brand-quick-hr","7":"product_cat-vitla-quick","9":"first","10":"instock","11":"shipping-taxable","12":"purchasable","13":"product-type-simple"},"_links":{"self":[{"href":"https:\/\/stoic-curie.212-227-153-4.plesk.page\/hr\/wp-json\/wp\/v2\/product\/743258","targetHints":{"allow":["GET"]}}],"collection":[{"href":"https:\/\/stoic-curie.212-227-153-4.plesk.page\/hr\/wp-json\/wp\/v2\/product"}],"about":[{"href":"https:\/\/stoic-curie.212-227-153-4.plesk.page\/hr\/wp-json\/wp\/v2\/types\/product"}],"replies":[{"embeddable":true,"href":"https:\/\/stoic-curie.212-227-153-4.plesk.page\/hr\/wp-json\/wp\/v2\/comments?post=743258"}],"version-history":[{"count":0,"href":"https:\/\/stoic-curie.212-227-153-4.plesk.page\/hr\/wp-json\/wp\/v2\/product\/743258\/revisions"}],"wp:featuredmedia":[{"embeddable":true,"href":"https:\/\/stoic-curie.212-227-153-4.plesk.page\/hr\/wp-json\/wp\/v2\/media\/5944221"}],"wp:attachment":[{"href":"https:\/\/stoic-curie.212-227-153-4.plesk.page\/hr\/wp-json\/wp\/v2\/media?parent=743258"}],"wp:term":[{"taxonomy":"product_brand","embeddable":true,"href":"https:\/\/stoic-curie.212-227-153-4.plesk.page\/hr\/wp-json\/wp\/v2\/product_brand?post=743258"},{"taxonomy":"product_cat","embeddable":true,"href":"https:\/\/stoic-curie.212-227-153-4.plesk.page\/hr\/wp-json\/wp\/v2\/product_cat?post=743258"},{"taxonomy":"product_tag","embeddable":true,"href":"https:\/\/stoic-curie.212-227-153-4.plesk.page\/hr\/wp-json\/wp\/v2\/product_tag?post=743258"}],"curies":[{"name":"wp","href":"https:\/\/api.w.org\/{rel}","templated":true}]}}