{"id":743259,"date":"2025-03-03T18:28:24","date_gmt":"2025-03-03T17:28:24","guid":{"rendered":"https:\/\/stoic-curie.212-227-153-4.plesk.page\/producto\/quick-daljinski-upravljac-gore-dolje-lancani-brojac-2-tipke-led-svjetiljka\/"},"modified":"2026-02-25T00:01:07","modified_gmt":"2026-02-25T00:01:07","slug":"quick-daljinski-upravljac-gore-dolje-lancani-brojac-2-tipke-led-svjetiljka","status":"publish","type":"product","link":"https:\/\/stoic-curie.212-227-153-4.plesk.page\/hr\/product\/quick-daljinski-upravljac-gore-dolje-lancani-brojac-2-tipke-led-svjetiljka\/","title":{"rendered":"Quick daljinski upravljac gore-dolje Lancani brojac 2 tipke + Led svjetiljka"},"content":{"rendered":"<p>Quick daljinski upravljac gore-dolje Lancani brojac 2 tipke + Led svjetiljka &#8211; <\/p>\n<p>Ru\u010dni IP67 12\/24V gore-dolje mjera\u010d lanca s produ\u017enim kabelom od 4,2 m i integriranim LED svjetlom. Opremljen vodonepropusnom utika\u010dem, senzorom mjera\u010da lanca i dr\u017ea\u010dem. S automatskim funkcijama alarma za spu\u0161tanje i podizanje, broji duljinu otpu\u0161tenog lanca u stopama ili metrima, kao i njegovu brzinu i naponsku snagu. Prikaz dimenzioniran na 5 jezika, tipke sa pozadinskim osvjetljenjem i CAN-bus podatkovni su\u010delje.<\/p>\n","protected":false},"excerpt":{"rendered":"<p>Quick daljinski upravljac gore-dolje Lancani brojac 2 tipke + Led svjetiljka &#8211; Ru\u010dni IP67 12\/24V gore-dolje mjera\u010d lanca s produ\u017enim<\/p>\n","protected":false},"featured_media":5945069,"comment_status":"open","ping_status":"closed","template":"","meta":[],"product_brand":[3281],"product_cat":[1611],"product_tag":[],"class_list":{"0":"post-743259","1":"product","2":"type-product","3":"status-publish","4":"has-post-thumbnail","6":"product_brand-quick-hr","7":"product_cat-vitla-quick","9":"first","10":"instock","11":"shipping-taxable","12":"purchasable","13":"product-type-simple"},"_links":{"self":[{"href":"https:\/\/stoic-curie.212-227-153-4.plesk.page\/hr\/wp-json\/wp\/v2\/product\/743259","targetHints":{"allow":["GET"]}}],"collection":[{"href":"https:\/\/stoic-curie.212-227-153-4.plesk.page\/hr\/wp-json\/wp\/v2\/product"}],"about":[{"href":"https:\/\/stoic-curie.212-227-153-4.plesk.page\/hr\/wp-json\/wp\/v2\/types\/product"}],"replies":[{"embeddable":true,"href":"https:\/\/stoic-curie.212-227-153-4.plesk.page\/hr\/wp-json\/wp\/v2\/comments?post=743259"}],"version-history":[{"count":0,"href":"https:\/\/stoic-curie.212-227-153-4.plesk.page\/hr\/wp-json\/wp\/v2\/product\/743259\/revisions"}],"wp:featuredmedia":[{"embeddable":true,"href":"https:\/\/stoic-curie.212-227-153-4.plesk.page\/hr\/wp-json\/wp\/v2\/media\/5945069"}],"wp:attachment":[{"href":"https:\/\/stoic-curie.212-227-153-4.plesk.page\/hr\/wp-json\/wp\/v2\/media?parent=743259"}],"wp:term":[{"taxonomy":"product_brand","embeddable":true,"href":"https:\/\/stoic-curie.212-227-153-4.plesk.page\/hr\/wp-json\/wp\/v2\/product_brand?post=743259"},{"taxonomy":"product_cat","embeddable":true,"href":"https:\/\/stoic-curie.212-227-153-4.plesk.page\/hr\/wp-json\/wp\/v2\/product_cat?post=743259"},{"taxonomy":"product_tag","embeddable":true,"href":"https:\/\/stoic-curie.212-227-153-4.plesk.page\/hr\/wp-json\/wp\/v2\/product_tag?post=743259"}],"curies":[{"name":"wp","href":"https:\/\/api.w.org\/{rel}","templated":true}]}}