{"id":743260,"date":"2025-03-03T18:28:24","date_gmt":"2025-03-03T17:28:24","guid":{"rendered":"https:\/\/stoic-curie.212-227-153-4.plesk.page\/producto\/quick-prijemnici-6-kanala\/"},"modified":"2026-02-25T00:01:07","modified_gmt":"2026-02-25T00:01:07","slug":"quick-prijemnici-6-kanala","status":"publish","type":"product","link":"https:\/\/stoic-curie.212-227-153-4.plesk.page\/hr\/product\/quick-prijemnici-6-kanala\/","title":{"rendered":"Quick RRC Prijemnici 6 Kanala"},"content":{"rendered":"<p>Quick RRC Prijemnici 6 Kanala &#8211; <\/p>\n<p>Radio daljinski upravlja\u010di s prijemnicima od 2 do 12 releja\/kanala, univerzalno napajanje 12\/24V i optimizirana potro\u0161nja od 25mA. <br \/> Sa 7-nivojskom LED indikacijom statusa rada i indikatorskim zaslonom. <br \/> Inverzija polariteta i za\u0161tita od niske baterije. <br \/> Mo\u017ee pohraniti do 50 oda\u0161ilja\u010da. <br \/> Dvije funkcije mogu se aktivirati istovremeno. <br \/> Mo\u017ee se povezati na vanjsku antenu.<\/p>\n","protected":false},"excerpt":{"rendered":"<p>Quick RRC Prijemnici 6 Kanala &#8211; Radio daljinski upravlja\u010di s prijemnicima od 2 do 12 releja\/kanala, univerzalno napajanje 12\/24V i<\/p>\n","protected":false},"featured_media":5938500,"comment_status":"open","ping_status":"closed","template":"","meta":[],"product_brand":[3281],"product_cat":[1610,1611],"product_tag":[],"class_list":{"0":"post-743260","1":"product","2":"type-product","3":"status-publish","4":"has-post-thumbnail","6":"product_brand-quick-hr","7":"product_cat-pramcani-potisnici-quick","8":"product_cat-vitla-quick","10":"first","11":"instock","12":"shipping-taxable","13":"purchasable","14":"product-type-simple"},"_links":{"self":[{"href":"https:\/\/stoic-curie.212-227-153-4.plesk.page\/hr\/wp-json\/wp\/v2\/product\/743260","targetHints":{"allow":["GET"]}}],"collection":[{"href":"https:\/\/stoic-curie.212-227-153-4.plesk.page\/hr\/wp-json\/wp\/v2\/product"}],"about":[{"href":"https:\/\/stoic-curie.212-227-153-4.plesk.page\/hr\/wp-json\/wp\/v2\/types\/product"}],"replies":[{"embeddable":true,"href":"https:\/\/stoic-curie.212-227-153-4.plesk.page\/hr\/wp-json\/wp\/v2\/comments?post=743260"}],"version-history":[{"count":0,"href":"https:\/\/stoic-curie.212-227-153-4.plesk.page\/hr\/wp-json\/wp\/v2\/product\/743260\/revisions"}],"wp:featuredmedia":[{"embeddable":true,"href":"https:\/\/stoic-curie.212-227-153-4.plesk.page\/hr\/wp-json\/wp\/v2\/media\/5938500"}],"wp:attachment":[{"href":"https:\/\/stoic-curie.212-227-153-4.plesk.page\/hr\/wp-json\/wp\/v2\/media?parent=743260"}],"wp:term":[{"taxonomy":"product_brand","embeddable":true,"href":"https:\/\/stoic-curie.212-227-153-4.plesk.page\/hr\/wp-json\/wp\/v2\/product_brand?post=743260"},{"taxonomy":"product_cat","embeddable":true,"href":"https:\/\/stoic-curie.212-227-153-4.plesk.page\/hr\/wp-json\/wp\/v2\/product_cat?post=743260"},{"taxonomy":"product_tag","embeddable":true,"href":"https:\/\/stoic-curie.212-227-153-4.plesk.page\/hr\/wp-json\/wp\/v2\/product_tag?post=743260"}],"curies":[{"name":"wp","href":"https:\/\/api.w.org\/{rel}","templated":true}]}}