{"id":743265,"date":"2025-03-03T18:28:26","date_gmt":"2025-03-03T17:28:26","guid":{"rendered":"https:\/\/stoic-curie.212-227-153-4.plesk.page\/producto\/squareline-evolution-bijela-linija-12mm-x200mts\/"},"modified":"2026-02-25T00:01:07","modified_gmt":"2026-02-25T00:01:07","slug":"squareline-evolution-bijela-linija-12mm-x200mts","status":"publish","type":"product","link":"https:\/\/stoic-curie.212-227-153-4.plesk.page\/hr\/product\/squareline-evolution-bijela-linija-12mm-x200mts\/","title":{"rendered":"Squareline Evolution Bijela linija 12mm x200mts"},"content":{"rendered":"<p>Squareline Evolution Bijela linija 12mm x200mts   &#8211; <\/p>\n<p>12-\u017ei\u010dana dvostruko prela\u010dena visokokvalitetna, otporna na abraziju, visokotla\u010dna poliester uzica za vezivanje i sidrenje. Mekano rukovanje, bez zamotavanja. Neplutaju\u0107e. daN = rastezljiva \u010dvrsto\u0107a u kg<\/p>\n","protected":false},"excerpt":{"rendered":"<p>Squareline Evolution Bijela linija 12mm x200mts &#8211; 12-\u017ei\u010dana dvostruko prela\u010dena visokokvalitetna, otporna na abraziju, visokotla\u010dna poliester uzica za vezivanje i<\/p>\n","protected":false},"featured_media":5944348,"comment_status":"open","ping_status":"closed","template":"","meta":[],"product_brand":[3101],"product_cat":[1622],"product_tag":[],"class_list":{"0":"post-743265","1":"product","2":"type-product","3":"status-publish","4":"has-post-thumbnail","6":"product_brand-marco-benvenuti-hr","7":"product_cat-konopi-za-pristajanje-i-privez","9":"first","10":"instock","11":"shipping-taxable","12":"purchasable","13":"product-type-simple"},"_links":{"self":[{"href":"https:\/\/stoic-curie.212-227-153-4.plesk.page\/hr\/wp-json\/wp\/v2\/product\/743265","targetHints":{"allow":["GET"]}}],"collection":[{"href":"https:\/\/stoic-curie.212-227-153-4.plesk.page\/hr\/wp-json\/wp\/v2\/product"}],"about":[{"href":"https:\/\/stoic-curie.212-227-153-4.plesk.page\/hr\/wp-json\/wp\/v2\/types\/product"}],"replies":[{"embeddable":true,"href":"https:\/\/stoic-curie.212-227-153-4.plesk.page\/hr\/wp-json\/wp\/v2\/comments?post=743265"}],"version-history":[{"count":0,"href":"https:\/\/stoic-curie.212-227-153-4.plesk.page\/hr\/wp-json\/wp\/v2\/product\/743265\/revisions"}],"wp:featuredmedia":[{"embeddable":true,"href":"https:\/\/stoic-curie.212-227-153-4.plesk.page\/hr\/wp-json\/wp\/v2\/media\/5944348"}],"wp:attachment":[{"href":"https:\/\/stoic-curie.212-227-153-4.plesk.page\/hr\/wp-json\/wp\/v2\/media?parent=743265"}],"wp:term":[{"taxonomy":"product_brand","embeddable":true,"href":"https:\/\/stoic-curie.212-227-153-4.plesk.page\/hr\/wp-json\/wp\/v2\/product_brand?post=743265"},{"taxonomy":"product_cat","embeddable":true,"href":"https:\/\/stoic-curie.212-227-153-4.plesk.page\/hr\/wp-json\/wp\/v2\/product_cat?post=743265"},{"taxonomy":"product_tag","embeddable":true,"href":"https:\/\/stoic-curie.212-227-153-4.plesk.page\/hr\/wp-json\/wp\/v2\/product_tag?post=743265"}],"curies":[{"name":"wp","href":"https:\/\/api.w.org\/{rel}","templated":true}]}}