{"id":743285,"date":"2025-03-03T18:28:32","date_gmt":"2025-03-03T17:28:32","guid":{"rendered":"https:\/\/stoic-curie.212-227-153-4.plesk.page\/producto\/crno-bijeli-pleteni-konop-za-privez-20mm-x100mts\/"},"modified":"2026-02-25T00:01:07","modified_gmt":"2026-02-25T00:01:07","slug":"crno-bijeli-pleteni-konop-za-privez-20mm-x100mts","status":"publish","type":"product","link":"https:\/\/stoic-curie.212-227-153-4.plesk.page\/hr\/product\/crno-bijeli-pleteni-konop-za-privez-20mm-x100mts\/","title":{"rendered":"Crno-bijeli pleteni konop za privez 20mm x100mts"},"content":{"rendered":"<p>Crno-bijeli pleteni konop za privez 20mm x100mts &#8211; <\/p>\n<p>16-pletove boje kodirane dvostruke pletene linije od poliester za dok i sidrene u\u017ee. Lako se rukuje, izuzetno je otporn\u00e1 na naprezanje i tro\u0161enje, \u0161to osigurava visoku izdr\u017eljivost. Ne pluta. daN = nosivost u kg.<\/p>\n","protected":false},"excerpt":{"rendered":"<p>Crno-bijeli pleteni konop za privez 20mm x100mts &#8211; 16-pletove boje kodirane dvostruke pletene linije od poliester za dok i sidrene<\/p>\n","protected":false},"featured_media":5945071,"comment_status":"open","ping_status":"closed","template":"","meta":[],"product_brand":[3101],"product_cat":[1622,1862],"product_tag":[],"class_list":{"0":"post-743285","1":"product","2":"type-product","3":"status-publish","4":"has-post-thumbnail","6":"product_brand-marco-benvenuti-hr","7":"product_cat-konopi-za-pristajanje-i-privez","8":"product_cat-sidreno-uze","10":"first","11":"instock","12":"shipping-taxable","13":"purchasable","14":"product-type-simple"},"_links":{"self":[{"href":"https:\/\/stoic-curie.212-227-153-4.plesk.page\/hr\/wp-json\/wp\/v2\/product\/743285","targetHints":{"allow":["GET"]}}],"collection":[{"href":"https:\/\/stoic-curie.212-227-153-4.plesk.page\/hr\/wp-json\/wp\/v2\/product"}],"about":[{"href":"https:\/\/stoic-curie.212-227-153-4.plesk.page\/hr\/wp-json\/wp\/v2\/types\/product"}],"replies":[{"embeddable":true,"href":"https:\/\/stoic-curie.212-227-153-4.plesk.page\/hr\/wp-json\/wp\/v2\/comments?post=743285"}],"version-history":[{"count":0,"href":"https:\/\/stoic-curie.212-227-153-4.plesk.page\/hr\/wp-json\/wp\/v2\/product\/743285\/revisions"}],"wp:featuredmedia":[{"embeddable":true,"href":"https:\/\/stoic-curie.212-227-153-4.plesk.page\/hr\/wp-json\/wp\/v2\/media\/5945071"}],"wp:attachment":[{"href":"https:\/\/stoic-curie.212-227-153-4.plesk.page\/hr\/wp-json\/wp\/v2\/media?parent=743285"}],"wp:term":[{"taxonomy":"product_brand","embeddable":true,"href":"https:\/\/stoic-curie.212-227-153-4.plesk.page\/hr\/wp-json\/wp\/v2\/product_brand?post=743285"},{"taxonomy":"product_cat","embeddable":true,"href":"https:\/\/stoic-curie.212-227-153-4.plesk.page\/hr\/wp-json\/wp\/v2\/product_cat?post=743285"},{"taxonomy":"product_tag","embeddable":true,"href":"https:\/\/stoic-curie.212-227-153-4.plesk.page\/hr\/wp-json\/wp\/v2\/product_tag?post=743285"}],"curies":[{"name":"wp","href":"https:\/\/api.w.org\/{rel}","templated":true}]}}