{"id":743293,"date":"2025-03-03T18:28:34","date_gmt":"2025-03-03T17:28:34","guid":{"rendered":"https:\/\/stoic-curie.212-227-153-4.plesk.page\/producto\/crni-pleteni-konop-za-vez-18mm-x100mts\/"},"modified":"2026-02-25T00:01:07","modified_gmt":"2026-02-25T00:01:07","slug":"crni-pleteni-konop-za-vez-18mm-x100mts","status":"publish","type":"product","link":"https:\/\/stoic-curie.212-227-153-4.plesk.page\/hr\/product\/crni-pleteni-konop-za-vez-18mm-x100mts\/","title":{"rendered":"Crni pleteni konop za vez 18mm x100mts"},"content":{"rendered":"<p>Crni pleteni konop za vez 18mm x100mts &#8211; <\/p>\n<p>16-pletana dvostruka pletenica od poliesterske konop\u010de za dokove i sidra. Ekstremno jaka s najve\u0107om fleksibilno\u0161\u0107u koja jam\u010di visoku otpornost. Lako se spaja. Ne pluta. daN = prolazna snaga u Kg.<\/p>\n","protected":false},"excerpt":{"rendered":"<p>Crni pleteni konop za vez 18mm x100mts &#8211; 16-pletana dvostruka pletenica od poliesterske konop\u010de za dokove i sidra. Ekstremno jaka<\/p>\n","protected":false},"featured_media":5945072,"comment_status":"open","ping_status":"closed","template":"","meta":[],"product_brand":[3101],"product_cat":[1622],"product_tag":[],"class_list":{"0":"post-743293","1":"product","2":"type-product","3":"status-publish","4":"has-post-thumbnail","6":"product_brand-marco-benvenuti-hr","7":"product_cat-konopi-za-pristajanje-i-privez","9":"first","10":"instock","11":"shipping-taxable","12":"purchasable","13":"product-type-simple"},"_links":{"self":[{"href":"https:\/\/stoic-curie.212-227-153-4.plesk.page\/hr\/wp-json\/wp\/v2\/product\/743293","targetHints":{"allow":["GET"]}}],"collection":[{"href":"https:\/\/stoic-curie.212-227-153-4.plesk.page\/hr\/wp-json\/wp\/v2\/product"}],"about":[{"href":"https:\/\/stoic-curie.212-227-153-4.plesk.page\/hr\/wp-json\/wp\/v2\/types\/product"}],"replies":[{"embeddable":true,"href":"https:\/\/stoic-curie.212-227-153-4.plesk.page\/hr\/wp-json\/wp\/v2\/comments?post=743293"}],"version-history":[{"count":0,"href":"https:\/\/stoic-curie.212-227-153-4.plesk.page\/hr\/wp-json\/wp\/v2\/product\/743293\/revisions"}],"wp:featuredmedia":[{"embeddable":true,"href":"https:\/\/stoic-curie.212-227-153-4.plesk.page\/hr\/wp-json\/wp\/v2\/media\/5945072"}],"wp:attachment":[{"href":"https:\/\/stoic-curie.212-227-153-4.plesk.page\/hr\/wp-json\/wp\/v2\/media?parent=743293"}],"wp:term":[{"taxonomy":"product_brand","embeddable":true,"href":"https:\/\/stoic-curie.212-227-153-4.plesk.page\/hr\/wp-json\/wp\/v2\/product_brand?post=743293"},{"taxonomy":"product_cat","embeddable":true,"href":"https:\/\/stoic-curie.212-227-153-4.plesk.page\/hr\/wp-json\/wp\/v2\/product_cat?post=743293"},{"taxonomy":"product_tag","embeddable":true,"href":"https:\/\/stoic-curie.212-227-153-4.plesk.page\/hr\/wp-json\/wp\/v2\/product_tag?post=743293"}],"curies":[{"name":"wp","href":"https:\/\/api.w.org\/{rel}","templated":true}]}}