{"id":743317,"date":"2025-03-03T18:28:42","date_gmt":"2025-03-03T17:28:42","guid":{"rendered":"https:\/\/stoic-curie.212-227-153-4.plesk.page\/producto\/konop-liros-handy-elastic-16mm-x100mts-mornarica-plava\/"},"modified":"2026-02-25T00:01:07","modified_gmt":"2026-02-25T00:01:07","slug":"konop-liros-handy-elastic-16mm-x100mts-mornarica-plava","status":"publish","type":"product","link":"https:\/\/stoic-curie.212-227-153-4.plesk.page\/hr\/product\/konop-liros-handy-elastic-16mm-x100mts-mornarica-plava\/","title":{"rendered":"Konop Liros Handy elastic 16mm x100mts Mornarica Plava"},"content":{"rendered":"<p>Konop Liros Handy elastic 16mm x100mts Mornarica Plava  &#8211; <\/p>\n<p style=\"color: rgb(34, 34, 34); font-family: Arial, Helvetica, sans-serif; font-size: small;\">Liros Handy-Elastic predstavljaju izvanredan izbor za privezne i sidrene konope, karakteriziran svojom mekom teksturom, jednostavno\u0161\u0107u rukovanja i lakim spajanjem. Ova u\u017ee se isti\u010de svojom visokom snagom lomljenja i radnom silom manjom od 20%, \u0161to osigurava izvanrednu izdr\u017eljivost i otpornost na habanje. Dizajnirano je za kori\u0161tenje bez nu\u017enosti amortizera.<\/p>\n<p style=\"color: rgb(34, 34, 34); font-family: Arial, Helvetica, sans-serif; font-size: small;\"><strong>Klju\u010dne zna\u010dajke:<\/strong><\/p>\n<ul style=\"color: rgb(34, 34, 34); font-family: Arial, Helvetica, sans-serif; font-size: small;\">\n<li><strong>Materijal jezgre<\/strong>: Pletena poliamid, koja nudi superiornu elasti\u010dnost<\/li>\n<li><strong>Materijal omota\u010da<\/strong>: Poliamid visoke \u010dvrsto\u0107e, otporan na UV zra\u010denje<\/li>\n<li><strong>Ne-plovak<\/strong>: Ovo u\u017ee je dizajnirano da ostane potopljeno u vodi.<\/li>\n<li><strong>Vrsta konstrukcije<\/strong>: 1:1 pletena konstrukcija<\/li>\n<\/ul>\n<p style=\"color: rgb(34, 34, 34); font-family: Arial, Helvetica, sans-serif; font-size: small;\"><strong>Dodatne prednosti:<\/strong><\/p>\n<ul style=\"color: rgb(34, 34, 34); font-family: Arial, Helvetica, sans-serif; font-size: small;\">\n<li>Jednostavno spajanje<\/li>\n<li>Visoko elasti\u010dno i stabilno protiv UV degradacije<\/li>\n<li>Izvrsna otpornost na abraziju<\/li>\n<li>Jednostavno za upravljanje<\/li>\n<\/ul>\n<p style=\"color: rgb(34, 34, 34); font-family: Arial, Helvetica, sans-serif; font-size: small;\">Ova visoko-elasti\u010dna privezna u\u017ee je idealna za apliciranje u vu\u010dama i sidrenju. Dizajnirana je s visokim elasti\u010dnim vlaknima koja u\u010dinkovito apsorbiraju udarce u izazovnim uvjetima.<\/p>\n<p style=\"color: rgb(34, 34, 34); font-family: Arial, Helvetica, sans-serif; font-size: small;\">Odaberite Handy-Elastic za pouzdano i u\u010dinkovito rje\u0161enje koje ispunjava sve va\u0161e zahtjeve vezane uz plovidbu.<\/p>\n","protected":false},"excerpt":{"rendered":"<p>Konop Liros Handy elastic 16mm x100mts Mornarica Plava &#8211; Liros Handy-Elastic predstavljaju izvanredan izbor za privezne i sidrene konope, karakteriziran<\/p>\n","protected":false},"featured_media":5945073,"comment_status":"open","ping_status":"closed","template":"","meta":[],"product_brand":[3066],"product_cat":[1622],"product_tag":[],"class_list":{"0":"post-743317","1":"product","2":"type-product","3":"status-publish","4":"has-post-thumbnail","6":"product_brand-liros-hr","7":"product_cat-konopi-za-pristajanje-i-privez","9":"first","10":"instock","11":"shipping-taxable","12":"purchasable","13":"product-type-simple"},"_links":{"self":[{"href":"https:\/\/stoic-curie.212-227-153-4.plesk.page\/hr\/wp-json\/wp\/v2\/product\/743317","targetHints":{"allow":["GET"]}}],"collection":[{"href":"https:\/\/stoic-curie.212-227-153-4.plesk.page\/hr\/wp-json\/wp\/v2\/product"}],"about":[{"href":"https:\/\/stoic-curie.212-227-153-4.plesk.page\/hr\/wp-json\/wp\/v2\/types\/product"}],"replies":[{"embeddable":true,"href":"https:\/\/stoic-curie.212-227-153-4.plesk.page\/hr\/wp-json\/wp\/v2\/comments?post=743317"}],"version-history":[{"count":0,"href":"https:\/\/stoic-curie.212-227-153-4.plesk.page\/hr\/wp-json\/wp\/v2\/product\/743317\/revisions"}],"wp:featuredmedia":[{"embeddable":true,"href":"https:\/\/stoic-curie.212-227-153-4.plesk.page\/hr\/wp-json\/wp\/v2\/media\/5945073"}],"wp:attachment":[{"href":"https:\/\/stoic-curie.212-227-153-4.plesk.page\/hr\/wp-json\/wp\/v2\/media?parent=743317"}],"wp:term":[{"taxonomy":"product_brand","embeddable":true,"href":"https:\/\/stoic-curie.212-227-153-4.plesk.page\/hr\/wp-json\/wp\/v2\/product_brand?post=743317"},{"taxonomy":"product_cat","embeddable":true,"href":"https:\/\/stoic-curie.212-227-153-4.plesk.page\/hr\/wp-json\/wp\/v2\/product_cat?post=743317"},{"taxonomy":"product_tag","embeddable":true,"href":"https:\/\/stoic-curie.212-227-153-4.plesk.page\/hr\/wp-json\/wp\/v2\/product_tag?post=743317"}],"curies":[{"name":"wp","href":"https:\/\/api.w.org\/{rel}","templated":true}]}}