{"id":743318,"date":"2025-03-03T18:28:42","date_gmt":"2025-03-03T17:28:42","guid":{"rendered":"https:\/\/stoic-curie.212-227-153-4.plesk.page\/producto\/konop-liros-handy-elastic-18mm-x100mts-mornarica-plava\/"},"modified":"2026-02-25T00:01:07","modified_gmt":"2026-02-25T00:01:07","slug":"konop-liros-handy-elastic-18mm-x100mts-mornarica-plava","status":"publish","type":"product","link":"https:\/\/stoic-curie.212-227-153-4.plesk.page\/hr\/product\/konop-liros-handy-elastic-18mm-x100mts-mornarica-plava\/","title":{"rendered":"Konop Liros Handy elastic 18mm x100mts Mornarica Plava"},"content":{"rendered":"<p>Konop Liros Handy elastic 18mm x100mts Mornarica Plava  &#8211; <\/p>\n<p style=\"color: rgb(34, 34, 34); font-family: Arial, Helvetica, sans-serif; font-size: small;\">Liros Handy-Elastic je izvanredna sidrena i dokerska u\u017ead koja je ugodna na dodir, jednostavna za rukovanje i lako se prepli\u0107e. Ova u\u017ead ima visoku razornu snagu i radnu elasti\u010dnost ispod 20%, \u0161to osigurava dugotrajnost i otpornost na habanje. Mo\u017ee se koristiti bez potrebe za amortizerima.<\/p>\n<p style=\"color: rgb(34, 34, 34); font-family: Arial, Helvetica, sans-serif; font-size: small;\"><strong>Klju\u010dne zna\u010dajke:<\/strong><\/p>\n<ul style=\"color: rgb(34, 34, 34); font-family: Arial, Helvetica, sans-serif; font-size: small;\">\n<li><strong>Glavni materijal<\/strong>: Pleteni poliamid s odli\u010dnom elasti\u010dno\u0161\u0107u<\/li>\n<li><strong>Materijal obloge<\/strong>: Poliamid visoke izdr\u017eljivosti koji nudi otpornost na UV zra\u010denje<\/li>\n<li><strong>Neplutaju\u0107e<\/strong>: Ova u\u017ead ne pluta na vodi.<\/li>\n<li><strong>Vrsta konstrukcije<\/strong>: Pletena konstrukcija 1:1<\/li>\n<\/ul>\n<p style=\"color: rgb(34, 34, 34); font-family: Arial, Helvetica, sans-serif; font-size: small;\"><strong>Dodatne prednosti:<\/strong><\/p>\n<ul style=\"color: rgb(34, 34, 34); font-family: Arial, Helvetica, sans-serif; font-size: small;\">\n<li>Vrlo lako se prepli\u0107e<\/li>\n<li>Visoko elasti\u010dno i stabilno protiv UV o\u0161te\u0107enja<\/li>\n<li>Izuzetno otporno na abraziju<\/li>\n<li>Jednostavno za upravljanje<\/li>\n<\/ul>\n<p style=\"color: rgb(34, 34, 34); font-family: Arial, Helvetica, sans-serif; font-size: small;\">Ova visokoelasti\u010dna vezna u\u017ead idealna je za vu\u010du i sidrenje. Izra\u0111ena je od visokoelasti\u010dnih vlakana koja u\u010dinkovito apsorbiraju udarce u izazovnim uvjetima.<\/p>\n<p style=\"color: rgb(34, 34, 34); font-family: Arial, Helvetica, sans-serif; font-size: small;\">Odaberite Handy-Elastic za pouzdano i u\u010dinkovito rje\u0161enje za sve va\u0161e plovidbene potrebe.<\/p>\n","protected":false},"excerpt":{"rendered":"<p>Konop Liros Handy elastic 18mm x100mts Mornarica Plava &#8211; Liros Handy-Elastic je izvanredna sidrena i dokerska u\u017ead koja je ugodna<\/p>\n","protected":false},"featured_media":5945073,"comment_status":"open","ping_status":"closed","template":"","meta":[],"product_brand":[3066],"product_cat":[1622],"product_tag":[],"class_list":{"0":"post-743318","1":"product","2":"type-product","3":"status-publish","4":"has-post-thumbnail","6":"product_brand-liros-hr","7":"product_cat-konopi-za-pristajanje-i-privez","9":"first","10":"instock","11":"shipping-taxable","12":"purchasable","13":"product-type-simple"},"_links":{"self":[{"href":"https:\/\/stoic-curie.212-227-153-4.plesk.page\/hr\/wp-json\/wp\/v2\/product\/743318","targetHints":{"allow":["GET"]}}],"collection":[{"href":"https:\/\/stoic-curie.212-227-153-4.plesk.page\/hr\/wp-json\/wp\/v2\/product"}],"about":[{"href":"https:\/\/stoic-curie.212-227-153-4.plesk.page\/hr\/wp-json\/wp\/v2\/types\/product"}],"replies":[{"embeddable":true,"href":"https:\/\/stoic-curie.212-227-153-4.plesk.page\/hr\/wp-json\/wp\/v2\/comments?post=743318"}],"version-history":[{"count":0,"href":"https:\/\/stoic-curie.212-227-153-4.plesk.page\/hr\/wp-json\/wp\/v2\/product\/743318\/revisions"}],"wp:featuredmedia":[{"embeddable":true,"href":"https:\/\/stoic-curie.212-227-153-4.plesk.page\/hr\/wp-json\/wp\/v2\/media\/5945073"}],"wp:attachment":[{"href":"https:\/\/stoic-curie.212-227-153-4.plesk.page\/hr\/wp-json\/wp\/v2\/media?parent=743318"}],"wp:term":[{"taxonomy":"product_brand","embeddable":true,"href":"https:\/\/stoic-curie.212-227-153-4.plesk.page\/hr\/wp-json\/wp\/v2\/product_brand?post=743318"},{"taxonomy":"product_cat","embeddable":true,"href":"https:\/\/stoic-curie.212-227-153-4.plesk.page\/hr\/wp-json\/wp\/v2\/product_cat?post=743318"},{"taxonomy":"product_tag","embeddable":true,"href":"https:\/\/stoic-curie.212-227-153-4.plesk.page\/hr\/wp-json\/wp\/v2\/product_tag?post=743318"}],"curies":[{"name":"wp","href":"https:\/\/api.w.org\/{rel}","templated":true}]}}