{"id":743319,"date":"2025-03-03T18:28:42","date_gmt":"2025-03-03T17:28:42","guid":{"rendered":"https:\/\/stoic-curie.212-227-153-4.plesk.page\/producto\/konop-liros-handy-elastic-20mm-x100mts-mornarica-plava\/"},"modified":"2026-02-25T00:01:07","modified_gmt":"2026-02-25T00:01:07","slug":"konop-liros-handy-elastic-20mm-x100mts-mornarica-plava","status":"publish","type":"product","link":"https:\/\/stoic-curie.212-227-153-4.plesk.page\/hr\/product\/konop-liros-handy-elastic-20mm-x100mts-mornarica-plava\/","title":{"rendered":"Konop Liros Handy elastic 20mm x100mts Mornarica Plava"},"content":{"rendered":"<p>Konop Liros Handy elastic 20mm x100mts Mornarica Plava  &#8211; <\/p>\n<p style=\"color: rgb(34, 34, 34); font-family: Arial, Helvetica, sans-serif; font-size: small;\">Liros Handy-Elastic je premium u\u017ee za vezivanje i sidrenje koje je mekano na dodir, lako se upravlja i jednostavno se splice. Ovo u\u017ee ima visoku prolaznu \u010dvrsto\u0107u i radnu istezanje ispod 20%, \u0161to osigurava izuzetnu izdr\u017eljivost i otpornost na habanje. Tako\u0111er se mo\u017ee koristiti bez potrebe za amortizerima.<\/p>\n<p style=\"color: rgb(34, 34, 34); font-family: Arial, Helvetica, sans-serif; font-size: small;\"><strong>Klju\u010dne zna\u010dajke:<\/strong><\/p>\n<ul style=\"color: rgb(34, 34, 34); font-family: Arial, Helvetica, sans-serif; font-size: small;\">\n<li><strong>Osnovni materijal<\/strong>: Visoko elasti\u010dan pleteni poliamid<\/li>\n<li><strong>Materijal pokrova<\/strong>: Visoko otporniji, UV-otpornik poliamid<\/li>\n<li><strong>Nedostupno na vodi<\/strong>: Ovo u\u017ee ne pluta na vodi.<\/li>\n<li><strong>Vrsta konstrukcije<\/strong>: 1:1 pletenica<\/li>\n<\/ul>\n<p style=\"color: rgb(34, 34, 34); font-family: Arial, Helvetica, sans-serif; font-size: small;\"><strong>Dodatne prednosti:<\/strong><\/p>\n<ul style=\"color: rgb(34, 34, 34); font-family: Arial, Helvetica, sans-serif; font-size: small;\">\n<li>Vrlo jednostavno za splice<\/li>\n<li>Visoko elasti\u010dno i stabilno protiv UV zraka<\/li>\n<li>Izuzetno otporno na habanje<\/li>\n<li>Lako se upravlja<\/li>\n<\/ul>\n<p style=\"color: rgb(34, 34, 34); font-family: Arial, Helvetica, sans-serif; font-size: small;\">Ova u\u017ee za privezivanje s visokim istezanjem idealno je za vu\u010du i sidrenje. Specijalno je izra\u0111ena s visokim elasti\u010dnim vlaknima za apsorpciju udara tijekom te\u0161kih uvjeta.<\/p>\n<p style=\"color: rgb(34, 34, 34); font-family: Arial, Helvetica, sans-serif; font-size: small;\">Odaberite Handy-Elastic za pouzdano i u\u010dinkovito rje\u0161enje za va\u0161e potrebe na vodi.<\/p>\n","protected":false},"excerpt":{"rendered":"<p>Konop Liros Handy elastic 20mm x100mts Mornarica Plava &#8211; Liros Handy-Elastic je premium u\u017ee za vezivanje i sidrenje koje je<\/p>\n","protected":false},"featured_media":5945073,"comment_status":"open","ping_status":"closed","template":"","meta":[],"product_brand":[3066],"product_cat":[1622],"product_tag":[],"class_list":{"0":"post-743319","1":"product","2":"type-product","3":"status-publish","4":"has-post-thumbnail","6":"product_brand-liros-hr","7":"product_cat-konopi-za-pristajanje-i-privez","9":"first","10":"instock","11":"shipping-taxable","12":"purchasable","13":"product-type-simple"},"_links":{"self":[{"href":"https:\/\/stoic-curie.212-227-153-4.plesk.page\/hr\/wp-json\/wp\/v2\/product\/743319","targetHints":{"allow":["GET"]}}],"collection":[{"href":"https:\/\/stoic-curie.212-227-153-4.plesk.page\/hr\/wp-json\/wp\/v2\/product"}],"about":[{"href":"https:\/\/stoic-curie.212-227-153-4.plesk.page\/hr\/wp-json\/wp\/v2\/types\/product"}],"replies":[{"embeddable":true,"href":"https:\/\/stoic-curie.212-227-153-4.plesk.page\/hr\/wp-json\/wp\/v2\/comments?post=743319"}],"version-history":[{"count":0,"href":"https:\/\/stoic-curie.212-227-153-4.plesk.page\/hr\/wp-json\/wp\/v2\/product\/743319\/revisions"}],"wp:featuredmedia":[{"embeddable":true,"href":"https:\/\/stoic-curie.212-227-153-4.plesk.page\/hr\/wp-json\/wp\/v2\/media\/5945073"}],"wp:attachment":[{"href":"https:\/\/stoic-curie.212-227-153-4.plesk.page\/hr\/wp-json\/wp\/v2\/media?parent=743319"}],"wp:term":[{"taxonomy":"product_brand","embeddable":true,"href":"https:\/\/stoic-curie.212-227-153-4.plesk.page\/hr\/wp-json\/wp\/v2\/product_brand?post=743319"},{"taxonomy":"product_cat","embeddable":true,"href":"https:\/\/stoic-curie.212-227-153-4.plesk.page\/hr\/wp-json\/wp\/v2\/product_cat?post=743319"},{"taxonomy":"product_tag","embeddable":true,"href":"https:\/\/stoic-curie.212-227-153-4.plesk.page\/hr\/wp-json\/wp\/v2\/product_tag?post=743319"}],"curies":[{"name":"wp","href":"https:\/\/api.w.org\/{rel}","templated":true}]}}