{"id":743320,"date":"2025-03-03T18:28:43","date_gmt":"2025-03-03T17:28:43","guid":{"rendered":"https:\/\/stoic-curie.212-227-153-4.plesk.page\/producto\/konop-liros-handy-elastic-22mm-x100mts-mornarica-plava\/"},"modified":"2026-02-25T00:01:07","modified_gmt":"2026-02-25T00:01:07","slug":"konop-liros-handy-elastic-22mm-x100mts-mornarica-plava","status":"publish","type":"product","link":"https:\/\/stoic-curie.212-227-153-4.plesk.page\/hr\/product\/konop-liros-handy-elastic-22mm-x100mts-mornarica-plava\/","title":{"rendered":"Konop Liros Handy elastic 22mm x100mts Mornarica Plava"},"content":{"rendered":"<p>Konop Liros Handy elastic 22mm x100mts Mornarica Plava  &#8211; <\/p>\n<p style=\"color: rgb(34, 34, 34); font-family: Arial, Helvetica, sans-serif; font-size: small;\">Predstavljamo Handy-Elastic, 22mm \u2013 visokokvalitetnu sidrenu i veznu u\u017ead koja je mekana, jednostavna za rukovanje i lako se spleta. Ova u\u017ead se mo\u017ee pohvaliti visokom granicom loma i radnom rastezljivo\u0161\u0107u manjom od 20%, \u0161to je \u010dini izuzetno izdr\u017eljivom i otpornom na abraziju. Mo\u017ee se koristiti \u010dak i bez amortizera.<\/p>\n<p style=\"color: rgb(34, 34, 34); font-family: Arial, Helvetica, sans-serif; font-size: small;\">Klju\u010dne zna\u010dajke:<\/p>\n<ul style=\"color: rgb(34, 34, 34); font-family: Arial, Helvetica, sans-serif; font-size: small;\">\n<li><strong>Jezgra<\/strong>: Visoko elasti\u010dna pletena poliamidna vlakna<\/li>\n<li><strong>Pokriva\u010d<\/strong>: Visoko otporna, UV-stabilna poliamidna vlakna<\/li>\n<li><strong>Neplutaju\u0107a<\/strong>: Ova u\u017ead ne pluta po vodi.<\/li>\n<li><strong>Konstrukcija<\/strong>: 1:1 pletenje<\/li>\n<\/ul>\n<p style=\"color: rgb(34, 34, 34); font-family: Arial, Helvetica, sans-serif; font-size: small;\"><strong>Broj artikla<\/strong>: 00136-2200<br \/><strong>Standardno stanje<\/strong>: SP<br \/><strong>Granica loma<\/strong>: 10,600 daN<br \/><strong>Promjer<\/strong>: 22.00 mm<\/p>\n<p style=\"color: rgb(34, 34, 34); font-family: Arial, Helvetica, sans-serif; font-size: small;\">Dodatne prednosti:<\/p>\n<ul style=\"color: rgb(34, 34, 34); font-family: Arial, Helvetica, sans-serif; font-size: small;\">\n<li>Vrlo lako se spleta<\/li>\n<li>Visoko elasti\u010dno i UV-stabilno<\/li>\n<li>Izuzetno otporno na abraziju<\/li>\n<li>Jednostavno za rukovanje<\/li>\n<li>Dostupno u promjerima do 40 mm na zahtjev<\/li>\n<\/ul>\n<p style=\"color: rgb(34, 34, 34); font-family: Arial, Helvetica, sans-serif; font-size: small;\">Ova visoko rastezljiva sidrena linija idealna je za vu\u010du ili sidrenje. Osmi\u0161ljena je sa visoko elasti\u010dnim vlaknima koja omogu\u0107uju apsorpciju udaraca u ekstremnim uvjetima.<\/p>\n<p style=\"color: rgb(34, 34, 34); font-family: Arial, Helvetica, sans-serif; font-size: small;\">Odaberite Handy-Elastic kao pouzdano i u\u010dinkovito rje\u0161enje za va\u0161e plovidbene potrebe.<\/p>\n","protected":false},"excerpt":{"rendered":"<p>Konop Liros Handy elastic 22mm x100mts Mornarica Plava &#8211; Predstavljamo Handy-Elastic, 22mm \u2013 visokokvalitetnu sidrenu i veznu u\u017ead koja je<\/p>\n","protected":false},"featured_media":5945073,"comment_status":"open","ping_status":"closed","template":"","meta":[],"product_brand":[3066],"product_cat":[1622],"product_tag":[],"class_list":{"0":"post-743320","1":"product","2":"type-product","3":"status-publish","4":"has-post-thumbnail","6":"product_brand-liros-hr","7":"product_cat-konopi-za-pristajanje-i-privez","9":"first","10":"instock","11":"shipping-taxable","12":"purchasable","13":"product-type-simple"},"_links":{"self":[{"href":"https:\/\/stoic-curie.212-227-153-4.plesk.page\/hr\/wp-json\/wp\/v2\/product\/743320","targetHints":{"allow":["GET"]}}],"collection":[{"href":"https:\/\/stoic-curie.212-227-153-4.plesk.page\/hr\/wp-json\/wp\/v2\/product"}],"about":[{"href":"https:\/\/stoic-curie.212-227-153-4.plesk.page\/hr\/wp-json\/wp\/v2\/types\/product"}],"replies":[{"embeddable":true,"href":"https:\/\/stoic-curie.212-227-153-4.plesk.page\/hr\/wp-json\/wp\/v2\/comments?post=743320"}],"version-history":[{"count":0,"href":"https:\/\/stoic-curie.212-227-153-4.plesk.page\/hr\/wp-json\/wp\/v2\/product\/743320\/revisions"}],"wp:featuredmedia":[{"embeddable":true,"href":"https:\/\/stoic-curie.212-227-153-4.plesk.page\/hr\/wp-json\/wp\/v2\/media\/5945073"}],"wp:attachment":[{"href":"https:\/\/stoic-curie.212-227-153-4.plesk.page\/hr\/wp-json\/wp\/v2\/media?parent=743320"}],"wp:term":[{"taxonomy":"product_brand","embeddable":true,"href":"https:\/\/stoic-curie.212-227-153-4.plesk.page\/hr\/wp-json\/wp\/v2\/product_brand?post=743320"},{"taxonomy":"product_cat","embeddable":true,"href":"https:\/\/stoic-curie.212-227-153-4.plesk.page\/hr\/wp-json\/wp\/v2\/product_cat?post=743320"},{"taxonomy":"product_tag","embeddable":true,"href":"https:\/\/stoic-curie.212-227-153-4.plesk.page\/hr\/wp-json\/wp\/v2\/product_tag?post=743320"}],"curies":[{"name":"wp","href":"https:\/\/api.w.org\/{rel}","templated":true}]}}