{"id":743326,"date":"2025-03-03T18:28:44","date_gmt":"2025-03-03T17:28:44","guid":{"rendered":"https:\/\/stoic-curie.212-227-153-4.plesk.page\/producto\/konop-liros-handy-elastic-16mm-x100mts-crna\/"},"modified":"2026-02-25T00:01:07","modified_gmt":"2026-02-25T00:01:07","slug":"konop-liros-handy-elastic-16mm-x100mts-crna","status":"publish","type":"product","link":"https:\/\/stoic-curie.212-227-153-4.plesk.page\/hr\/product\/konop-liros-handy-elastic-16mm-x100mts-crna\/","title":{"rendered":"Konop Liros Handy elastic 16mm x100mts Crna"},"content":{"rendered":"<p>Konop Liros Handy elastic 16mm x100mts Crna &#8211; <\/p>\n<p style=\"color: rgb(34, 34, 34); font-family: Arial, Helvetica, sans-serif; font-size: small;\">Liros Handy-Elastic je odli\u010dna opcija za vezivanje i sidrenje konopa, poznata po svojjoj mekoj povr\u0161ini, jednostavnosti kori\u0161tenja i jednostavnom spajanju. Ova u\u017ee se isti\u010de svojom impresivnom snagom prekida i radnom ekstenzijom od manje od 20%, pru\u017eaju\u0107i izvrsnu izdr\u017eljivost i otpornost na habanje. Posebno je dizajnirano za rad bez potrebe za amortizerima.<\/p>\n<p style=\"color: rgb(34, 34, 34); font-family: Arial, Helvetica, sans-serif; font-size: small;\"><strong>Klju\u010dne zna\u010dajke:<\/strong><\/p>\n<ul style=\"color: rgb(34, 34, 34); font-family: Arial, Helvetica, sans-serif; font-size: small;\">\n<li><strong>Materijal jezgre<\/strong>: Pleteni Poliamid, koji pru\u017ea izvrsnu elasti\u010dnost<\/li>\n<li><strong>Materijal omota\u010da<\/strong>: Poliamid visoke \u010dvrsto\u0107e, otporan na UV o\u0161te\u0107enja<\/li>\n<li><strong>Ne pluta<\/strong>: Ova u\u017ee je dizajnirana da ostane potopljena u vodi.<\/li>\n<li><strong>Vrsta konstrukcije<\/strong>: Pletena gra\u0111a 1:1<\/li>\n<\/ul>\n<p style=\"color: rgb(34, 34, 34); font-family: Arial, Helvetica, sans-serif; font-size: small;\"><strong>Dodatne prednosti:<\/strong><\/p>\n<ul style=\"color: rgb(34, 34, 34); font-family: Arial, Helvetica, sans-serif; font-size: small;\">\n<li>Jednostavan proces spajanja<\/li>\n<li>Izuzetno elasti\u010dno i stabilno protiv UV propadanja<\/li>\n<li>Izvrsna otpornost na habanje<\/li>\n<li>Jednostavno za rukovanje<\/li>\n<\/ul>\n<p style=\"color: rgb(34, 34, 34); font-family: Arial, Helvetica, sans-serif; font-size: small;\">Ova visokoelasti\u010dna konopca za privez je savr\u0161ena za vu\u010du i sidrenje. Dizajnirana je s visokim elasti\u010dnim vlaknima za u\u010dinkovito upijanje udaraca u te\u0161kim uvjetima.<\/p>\n<p style=\"color: rgb(34, 34, 34); font-family: Arial, Helvetica, sans-serif; font-size: small;\">Odaberite Handy-Elastic za pouzdano i u\u010dinkovito rje\u0161enje koje \u0107e zadovoljiti sve va\u0161e potrebe za plovidbu.<\/p>\n","protected":false},"excerpt":{"rendered":"<p>Konop Liros Handy elastic 16mm x100mts Crna &#8211; Liros Handy-Elastic je odli\u010dna opcija za vezivanje i sidrenje konopa, poznata po<\/p>\n","protected":false},"featured_media":5945076,"comment_status":"open","ping_status":"closed","template":"","meta":[],"product_brand":[3066],"product_cat":[1622],"product_tag":[],"class_list":{"0":"post-743326","1":"product","2":"type-product","3":"status-publish","4":"has-post-thumbnail","6":"product_brand-liros-hr","7":"product_cat-konopi-za-pristajanje-i-privez","9":"first","10":"instock","11":"shipping-taxable","12":"purchasable","13":"product-type-simple"},"_links":{"self":[{"href":"https:\/\/stoic-curie.212-227-153-4.plesk.page\/hr\/wp-json\/wp\/v2\/product\/743326","targetHints":{"allow":["GET"]}}],"collection":[{"href":"https:\/\/stoic-curie.212-227-153-4.plesk.page\/hr\/wp-json\/wp\/v2\/product"}],"about":[{"href":"https:\/\/stoic-curie.212-227-153-4.plesk.page\/hr\/wp-json\/wp\/v2\/types\/product"}],"replies":[{"embeddable":true,"href":"https:\/\/stoic-curie.212-227-153-4.plesk.page\/hr\/wp-json\/wp\/v2\/comments?post=743326"}],"version-history":[{"count":0,"href":"https:\/\/stoic-curie.212-227-153-4.plesk.page\/hr\/wp-json\/wp\/v2\/product\/743326\/revisions"}],"wp:featuredmedia":[{"embeddable":true,"href":"https:\/\/stoic-curie.212-227-153-4.plesk.page\/hr\/wp-json\/wp\/v2\/media\/5945076"}],"wp:attachment":[{"href":"https:\/\/stoic-curie.212-227-153-4.plesk.page\/hr\/wp-json\/wp\/v2\/media?parent=743326"}],"wp:term":[{"taxonomy":"product_brand","embeddable":true,"href":"https:\/\/stoic-curie.212-227-153-4.plesk.page\/hr\/wp-json\/wp\/v2\/product_brand?post=743326"},{"taxonomy":"product_cat","embeddable":true,"href":"https:\/\/stoic-curie.212-227-153-4.plesk.page\/hr\/wp-json\/wp\/v2\/product_cat?post=743326"},{"taxonomy":"product_tag","embeddable":true,"href":"https:\/\/stoic-curie.212-227-153-4.plesk.page\/hr\/wp-json\/wp\/v2\/product_tag?post=743326"}],"curies":[{"name":"wp","href":"https:\/\/api.w.org\/{rel}","templated":true}]}}