{"id":743327,"date":"2025-03-03T18:28:45","date_gmt":"2025-03-03T17:28:45","guid":{"rendered":"https:\/\/stoic-curie.212-227-153-4.plesk.page\/producto\/konop-liros-handy-elastic-18mm-x100mts-crna\/"},"modified":"2026-02-25T00:01:07","modified_gmt":"2026-02-25T00:01:07","slug":"konop-liros-handy-elastic-18mm-x100mts-crna","status":"publish","type":"product","link":"https:\/\/stoic-curie.212-227-153-4.plesk.page\/hr\/product\/konop-liros-handy-elastic-18mm-x100mts-crna\/","title":{"rendered":"Konop Liros Handy elastic 18mm x100mts Crna"},"content":{"rendered":"<p>Konop Liros Handy elastic 18mm x100mts Crna &#8211; <\/p>\n<p style=\"color: rgb(34, 34, 34); font-family: Arial, Helvetica, sans-serif; font-size: small;\">Liros Handy-Elastic je izvanredna linija za privez i sidrenje koja je prijatna na dodir, jednostavna za rukovanje i lako se spaja. Ova linija se mo\u017ee pohvaliti visokom snagom lomljenja i radnom elasti\u010dno\u0161\u0107u manjoj od 20%, \u0161to je \u010dini izuzetno dugotrajnom i otpornom na tro\u0161enje. Mo\u017ee se koristiti bez potrebe za apsorberima udara.<\/p>\n<p style=\"color: rgb(34, 34, 34); font-family: Arial, Helvetica, sans-serif; font-size: small;\"><strong>Klju\u010dne karakteristike:<\/strong><\/p>\n<ul style=\"color: rgb(34, 34, 34); font-family: Arial, Helvetica, sans-serif; font-size: small;\">\n<li><strong>Osnovni materijal<\/strong>: Pleteni poliamid koji pru\u017ea izvanrednu elasti\u010dnost<\/li>\n<li><strong>Materijal povr\u0161ine<\/strong>: Poliamid visoke otpornosti na UV zrake<\/li>\n<li><strong>Ne-plutaju\u0107i<\/strong>: Ova linija ne pluta na vodi.<\/li>\n<li><strong>Vrsta konstrukcije<\/strong>: 1:1 pletena konstrukcija<\/li>\n<\/ul>\n<p style=\"color: rgb(34, 34, 34); font-family: Arial, Helvetica, sans-serif; font-size: small;\"><strong>Dodatne prednosti:<\/strong><\/p>\n<ul style=\"color: rgb(34, 34, 34); font-family: Arial, Helvetica, sans-serif; font-size: small;\">\n<li>Vrlo lako se spaja<\/li>\n<li>Visoko elasti\u010dna i otporna na UV o\u0161te\u0107enja<\/li>\n<li>Izuzetno otporna na abraziju<\/li>\n<li>Jednostavna za upravljanje<\/li>\n<\/ul>\n<p style=\"color: rgb(34, 34, 34); font-family: Arial, Helvetica, sans-serif; font-size: small;\">Ova visokoelasti\u010dna sidrena linija savr\u0161ena je za vu\u010du i sidrenje. Dizajnirana je s visoko elasti\u010dnim vlaknima za u\u010dinkovito apsorbiranje udaraca u te\u0161kim uvjetima.<\/p>\n<p style=\"color: rgb(34, 34, 34); font-family: Arial, Helvetica, sans-serif; font-size: small;\">Odaberite Handy-Elastic za pouzdan i u\u010dinkovit izbor za sve va\u0161e potrebe na brodu.<\/p>\n","protected":false},"excerpt":{"rendered":"<p>Konop Liros Handy elastic 18mm x100mts Crna &#8211; Liros Handy-Elastic je izvanredna linija za privez i sidrenje koja je prijatna<\/p>\n","protected":false},"featured_media":5945076,"comment_status":"open","ping_status":"closed","template":"","meta":[],"product_brand":[3066],"product_cat":[1622],"product_tag":[],"class_list":{"0":"post-743327","1":"product","2":"type-product","3":"status-publish","4":"has-post-thumbnail","6":"product_brand-liros-hr","7":"product_cat-konopi-za-pristajanje-i-privez","9":"first","10":"instock","11":"shipping-taxable","12":"purchasable","13":"product-type-simple"},"_links":{"self":[{"href":"https:\/\/stoic-curie.212-227-153-4.plesk.page\/hr\/wp-json\/wp\/v2\/product\/743327","targetHints":{"allow":["GET"]}}],"collection":[{"href":"https:\/\/stoic-curie.212-227-153-4.plesk.page\/hr\/wp-json\/wp\/v2\/product"}],"about":[{"href":"https:\/\/stoic-curie.212-227-153-4.plesk.page\/hr\/wp-json\/wp\/v2\/types\/product"}],"replies":[{"embeddable":true,"href":"https:\/\/stoic-curie.212-227-153-4.plesk.page\/hr\/wp-json\/wp\/v2\/comments?post=743327"}],"version-history":[{"count":0,"href":"https:\/\/stoic-curie.212-227-153-4.plesk.page\/hr\/wp-json\/wp\/v2\/product\/743327\/revisions"}],"wp:featuredmedia":[{"embeddable":true,"href":"https:\/\/stoic-curie.212-227-153-4.plesk.page\/hr\/wp-json\/wp\/v2\/media\/5945076"}],"wp:attachment":[{"href":"https:\/\/stoic-curie.212-227-153-4.plesk.page\/hr\/wp-json\/wp\/v2\/media?parent=743327"}],"wp:term":[{"taxonomy":"product_brand","embeddable":true,"href":"https:\/\/stoic-curie.212-227-153-4.plesk.page\/hr\/wp-json\/wp\/v2\/product_brand?post=743327"},{"taxonomy":"product_cat","embeddable":true,"href":"https:\/\/stoic-curie.212-227-153-4.plesk.page\/hr\/wp-json\/wp\/v2\/product_cat?post=743327"},{"taxonomy":"product_tag","embeddable":true,"href":"https:\/\/stoic-curie.212-227-153-4.plesk.page\/hr\/wp-json\/wp\/v2\/product_tag?post=743327"}],"curies":[{"name":"wp","href":"https:\/\/api.w.org\/{rel}","templated":true}]}}