{"id":743328,"date":"2025-03-03T18:28:45","date_gmt":"2025-03-03T17:28:45","guid":{"rendered":"https:\/\/stoic-curie.212-227-153-4.plesk.page\/producto\/konop-liros-handy-elastic-20mm-x100mts-crna\/"},"modified":"2026-02-25T00:01:07","modified_gmt":"2026-02-25T00:01:07","slug":"konop-liros-handy-elastic-20mm-x100mts-crna","status":"publish","type":"product","link":"https:\/\/stoic-curie.212-227-153-4.plesk.page\/hr\/product\/konop-liros-handy-elastic-20mm-x100mts-crna\/","title":{"rendered":"Konop Liros Handy elastic 20mm x100mts Crna"},"content":{"rendered":"<p>Konop Liros Handy elastic 20mm x100mts Crna &#8211; <\/p>\n<p style=\"color: rgb(34, 34, 34); font-family: Arial, Helvetica, sans-serif; font-size: small;\">Liros Handy-Elastic je vrhunska linija za vezivanje i sidrenje koja je ugodna na dodir, jednostavna za rukovanje i lako se spaja. Ova linija se ponosi visokom razlomnom snagom i radnom rastezljivo\u0161\u0107u od manje od 20%, \u0161to je \u010dini izuzetno izdr\u017eljivom i otpornom na habanje. Tako\u0111er se mo\u017ee koristiti bez potrebe za amortizerima udarca.<\/p>\n<p style=\"color: rgb(34, 34, 34); font-family: Arial, Helvetica, sans-serif; font-size: small;\"><strong>Klju\u010dne zna\u010dajke:<\/strong><\/p>\n<ul style=\"color: rgb(34, 34, 34); font-family: Arial, Helvetica, sans-serif; font-size: small;\">\n<li><strong>Osnovni materijal<\/strong>: Pleteni poliamid s visokom elasti\u010dno\u0161\u0107u<\/li>\n<li><strong>Materijal pla\u0161ta<\/strong>: Poliamid visoke otpornosti na UV zrake<\/li>\n<li><strong>Ne pluta<\/strong>: Ova linija ne pluta na vodi.<\/li>\n<li><strong>Tip konstrukcije<\/strong>: 1:1 pleteni dizajn<\/li>\n<\/ul>\n<p style=\"color: rgb(34, 34, 34); font-family: Arial, Helvetica, sans-serif; font-size: small;\"><strong>Dodatne prednosti:<\/strong><\/p>\n<ul style=\"color: rgb(34, 34, 34); font-family: Arial, Helvetica, sans-serif; font-size: small;\">\n<li>Vrlo lako se spaja<\/li>\n<li>Visoko elasti\u010dna i stabilna protiv UV izlo\u017eenosti<\/li>\n<li>Izvanredno otporna na abraziju<\/li>\n<li>Jednostavna za upravljanje<\/li>\n<\/ul>\n<p style=\"color: rgb(34, 34, 34); font-family: Arial, Helvetica, sans-serif; font-size: small;\">Ova visoko rastezljiva konopa za vezivanje idealna je za vu\u010du i sidrenje. Dizajnirana je s visokim elasti\u010dnim vlaknima koja upijaju udarce u te\u0161kim uvjetima.<\/p>\n<p style=\"color: rgb(34, 34, 34); font-family: Arial, Helvetica, sans-serif; font-size: small;\">Odaberite Handy-Elastic za pouzdan i u\u010dinkovit rje\u0161enje za va\u0161e vodene aktivnosti.<\/p>\n","protected":false},"excerpt":{"rendered":"<p>Konop Liros Handy elastic 20mm x100mts Crna &#8211; Liros Handy-Elastic je vrhunska linija za vezivanje i sidrenje koja je ugodna<\/p>\n","protected":false},"featured_media":5945076,"comment_status":"open","ping_status":"closed","template":"","meta":[],"product_brand":[3066],"product_cat":[1622],"product_tag":[],"class_list":{"0":"post-743328","1":"product","2":"type-product","3":"status-publish","4":"has-post-thumbnail","6":"product_brand-liros-hr","7":"product_cat-konopi-za-pristajanje-i-privez","9":"first","10":"instock","11":"shipping-taxable","12":"purchasable","13":"product-type-simple"},"_links":{"self":[{"href":"https:\/\/stoic-curie.212-227-153-4.plesk.page\/hr\/wp-json\/wp\/v2\/product\/743328","targetHints":{"allow":["GET"]}}],"collection":[{"href":"https:\/\/stoic-curie.212-227-153-4.plesk.page\/hr\/wp-json\/wp\/v2\/product"}],"about":[{"href":"https:\/\/stoic-curie.212-227-153-4.plesk.page\/hr\/wp-json\/wp\/v2\/types\/product"}],"replies":[{"embeddable":true,"href":"https:\/\/stoic-curie.212-227-153-4.plesk.page\/hr\/wp-json\/wp\/v2\/comments?post=743328"}],"version-history":[{"count":0,"href":"https:\/\/stoic-curie.212-227-153-4.plesk.page\/hr\/wp-json\/wp\/v2\/product\/743328\/revisions"}],"wp:featuredmedia":[{"embeddable":true,"href":"https:\/\/stoic-curie.212-227-153-4.plesk.page\/hr\/wp-json\/wp\/v2\/media\/5945076"}],"wp:attachment":[{"href":"https:\/\/stoic-curie.212-227-153-4.plesk.page\/hr\/wp-json\/wp\/v2\/media?parent=743328"}],"wp:term":[{"taxonomy":"product_brand","embeddable":true,"href":"https:\/\/stoic-curie.212-227-153-4.plesk.page\/hr\/wp-json\/wp\/v2\/product_brand?post=743328"},{"taxonomy":"product_cat","embeddable":true,"href":"https:\/\/stoic-curie.212-227-153-4.plesk.page\/hr\/wp-json\/wp\/v2\/product_cat?post=743328"},{"taxonomy":"product_tag","embeddable":true,"href":"https:\/\/stoic-curie.212-227-153-4.plesk.page\/hr\/wp-json\/wp\/v2\/product_tag?post=743328"}],"curies":[{"name":"wp","href":"https:\/\/api.w.org\/{rel}","templated":true}]}}