{"id":743329,"date":"2025-03-03T18:28:45","date_gmt":"2025-03-03T17:28:45","guid":{"rendered":"https:\/\/stoic-curie.212-227-153-4.plesk.page\/producto\/konop-liros-handy-elastic-22mm-x100mts-crna\/"},"modified":"2026-02-25T00:01:07","modified_gmt":"2026-02-25T00:01:07","slug":"konop-liros-handy-elastic-22mm-x100mts-crna","status":"publish","type":"product","link":"https:\/\/stoic-curie.212-227-153-4.plesk.page\/hr\/product\/konop-liros-handy-elastic-22mm-x100mts-crna\/","title":{"rendered":"Konop Liros Handy elastic 22mm x100mts Crna"},"content":{"rendered":"<p>Konop Liros Handy elastic 22mm x100mts Crna  &#8211; <\/p>\n<p>Sa zadovoljstvom predstavljamo Handy-Elastic, 22mm \u2013 izvanrednu veznu i sidrili\u010dnu \u0161pagu koja je mekana na dodir, jednostavna za rukovanje i lako je spajati. Ova \u0161paga ima izvanrednu nosivost i radnu rastezljivost ispod 20%, \u0161to osigurava visoku izdr\u017eljivost i otpornost na habanje. Mo\u017ee se koristiti \u010dak i bez potrebe za amortizerima.<\/p>\n<p><strong>Klju\u010dne Zna\u010dajke:<\/strong><\/p>\n<ul>\n<li><strong>Materijal Jezgre<\/strong>: Visoko-elasti\u010dni pleteni poliamid<\/li>\n<li><strong>Materijal Omota\u010da<\/strong>: Poliamid visoke otpornosti na UV zrake<\/li>\n<li><strong>Ne-plutaju\u0107i<\/strong>: Ova \u0161paga ne pluta na vodi.<\/li>\n<li><strong>Tip Gra\u0111e<\/strong>: 1:1 pletena<\/li>\n<\/ul>\n<p><strong>Broj Artikla<\/strong>: 00136-2200<br \/><strong>Podrazumijevaju\u0107e Stanje<\/strong>: SP<br \/><strong>Nosivost<\/strong>: 10,600 daN<br \/><strong>Promjer<\/strong>: 22.00 mm<\/p>\n<p><strong>Dodatne Prednosti:<\/strong><\/p>\n<ul>\n<li>Vrlo jednostavno se spaja<\/li>\n<li>Izuzetno elasti\u010dno i otporno na UV o\u0161te\u0107enja<\/li>\n<li>Ekstremno otporno na abraziju<\/li>\n<li>Jednostavno za rukovanje<\/li>\n<li>Dostupno u promjerima do 40mm na zahtjev<\/li>\n<\/ul>\n<p>Ova visoko-rastezljiva vezna \u0161paga idealna je za vu\u010du ili sidrenje, dizajnirana s visokim elasti\u010dnim vlaknima za apsorpciju udaraca u te\u0161kim uvjetima.<\/p>\n<p>Odaberite Handy-Elastic za pouzdano i u\u010dinkovito rje\u0161enje za sve va\u0161e potrebe vezane uz plovidbu.<\/p>\n","protected":false},"excerpt":{"rendered":"<p>Konop Liros Handy elastic 22mm x100mts Crna &#8211; Sa zadovoljstvom predstavljamo Handy-Elastic, 22mm \u2013 izvanrednu veznu i sidrili\u010dnu \u0161pagu koja<\/p>\n","protected":false},"featured_media":5945076,"comment_status":"open","ping_status":"closed","template":"","meta":[],"product_brand":[3066],"product_cat":[1622],"product_tag":[],"class_list":{"0":"post-743329","1":"product","2":"type-product","3":"status-publish","4":"has-post-thumbnail","6":"product_brand-liros-hr","7":"product_cat-konopi-za-pristajanje-i-privez","9":"first","10":"instock","11":"shipping-taxable","12":"purchasable","13":"product-type-simple"},"_links":{"self":[{"href":"https:\/\/stoic-curie.212-227-153-4.plesk.page\/hr\/wp-json\/wp\/v2\/product\/743329","targetHints":{"allow":["GET"]}}],"collection":[{"href":"https:\/\/stoic-curie.212-227-153-4.plesk.page\/hr\/wp-json\/wp\/v2\/product"}],"about":[{"href":"https:\/\/stoic-curie.212-227-153-4.plesk.page\/hr\/wp-json\/wp\/v2\/types\/product"}],"replies":[{"embeddable":true,"href":"https:\/\/stoic-curie.212-227-153-4.plesk.page\/hr\/wp-json\/wp\/v2\/comments?post=743329"}],"version-history":[{"count":0,"href":"https:\/\/stoic-curie.212-227-153-4.plesk.page\/hr\/wp-json\/wp\/v2\/product\/743329\/revisions"}],"wp:featuredmedia":[{"embeddable":true,"href":"https:\/\/stoic-curie.212-227-153-4.plesk.page\/hr\/wp-json\/wp\/v2\/media\/5945076"}],"wp:attachment":[{"href":"https:\/\/stoic-curie.212-227-153-4.plesk.page\/hr\/wp-json\/wp\/v2\/media?parent=743329"}],"wp:term":[{"taxonomy":"product_brand","embeddable":true,"href":"https:\/\/stoic-curie.212-227-153-4.plesk.page\/hr\/wp-json\/wp\/v2\/product_brand?post=743329"},{"taxonomy":"product_cat","embeddable":true,"href":"https:\/\/stoic-curie.212-227-153-4.plesk.page\/hr\/wp-json\/wp\/v2\/product_cat?post=743329"},{"taxonomy":"product_tag","embeddable":true,"href":"https:\/\/stoic-curie.212-227-153-4.plesk.page\/hr\/wp-json\/wp\/v2\/product_tag?post=743329"}],"curies":[{"name":"wp","href":"https:\/\/api.w.org\/{rel}","templated":true}]}}