{"id":743331,"date":"2025-03-03T18:28:46","date_gmt":"2025-03-03T17:28:46","guid":{"rendered":"https:\/\/stoic-curie.212-227-153-4.plesk.page\/producto\/liros-super-yacht-konop-za-vez-24mm-x100mts-navy-blue\/"},"modified":"2026-02-25T00:01:07","modified_gmt":"2026-02-25T00:01:07","slug":"liros-super-yacht-konop-za-vez-24mm-x100mts-navy-blue","status":"publish","type":"product","link":"https:\/\/stoic-curie.212-227-153-4.plesk.page\/hr\/product\/liros-super-yacht-konop-za-vez-24mm-x100mts-navy-blue\/","title":{"rendered":"Liros Super Yacht konop za vez 24mm x100mts Navy Blue"},"content":{"rendered":"<p>Liros Super Yacht konop za vez 24mm x100mts Navy Blue   &#8211; <\/p>\n<p>LIROS Super Yacht u\u017ee je posebno dizajnirano za superjahte duljine do 200 stopa (pribli\u017eno 90 metara). Ova u\u017ee za vezanje i pristajanje kombinira fleksibilnu, visoko \u010dvrstu pletenu poliestersku jezgru s 24-pletenom poliesterskom ovojnicom, osiguravaju\u0107i optimalnu sigurnost i jednostavnost rukovanja. Konstrukcija omogu\u0107uje jednostavno spajanje, pobolj\u0161avaju\u0107i njenu upotrebljivost.<\/p>\n<p>Fleksibilna jezgra postavlja sigurnost kao prioritet, dok specijalizirana LIROS ovojnica nudi iznimnu udobnost tijekom kori\u0161tenja.<\/p>\n<p>Na\u0161a premium LIROS verzija, koja sadr\u017ei o\u010di\u0161te s za\u0161titom od ko\u017ee, dostupna je na upit u prilago\u0111enim duljinama.<\/p>\n<p>Tehni\u010dki podaci:<\/p>\n<ul>\n<li>Ovojnica: Visoko uvijeni poliester<\/li>\n<li>Konstrukcija: 24-pletena, oblo\u017eena<\/li>\n<li>Jezgra: Visoko \u010dvrsti pleteni poliester<\/li>\n<li>Promjer: 24 mm<\/li>\n<li>Broj artikla: 01300-2400<\/li>\n<li>Zadano stanje: SP<\/li>\n<li>Snaga prekida: 11.500 daN<\/li>\n<li>Radna napetost: Vi\u0161e od 15%<\/li>\n<li>Karakteristike: Najve\u0107a sigurnost, izuzetno lako rukovanje i visoka otpornost na habanje s LIROS ko\u017enom za\u0161titom dostupnom u sme\u0111oj ili crnoj boji.<\/li>\n<\/ul>\n<p>Ova u\u017ee za vezivanje izvrstan je izbor za vlasnike \u010damaca koji tra\u017ee pouzdanost i kvalitetu u svojoj opremi.<\/p>\n","protected":false},"excerpt":{"rendered":"<p>Liros Super Yacht konop za vez 24mm x100mts Navy Blue &#8211; LIROS Super Yacht u\u017ee je posebno dizajnirano za superjahte<\/p>\n","protected":false},"featured_media":5945077,"comment_status":"open","ping_status":"closed","template":"","meta":[],"product_brand":[3066],"product_cat":[1622],"product_tag":[],"class_list":{"0":"post-743331","1":"product","2":"type-product","3":"status-publish","4":"has-post-thumbnail","6":"product_brand-liros-hr","7":"product_cat-konopi-za-pristajanje-i-privez","9":"first","10":"instock","11":"shipping-taxable","12":"purchasable","13":"product-type-simple"},"_links":{"self":[{"href":"https:\/\/stoic-curie.212-227-153-4.plesk.page\/hr\/wp-json\/wp\/v2\/product\/743331","targetHints":{"allow":["GET"]}}],"collection":[{"href":"https:\/\/stoic-curie.212-227-153-4.plesk.page\/hr\/wp-json\/wp\/v2\/product"}],"about":[{"href":"https:\/\/stoic-curie.212-227-153-4.plesk.page\/hr\/wp-json\/wp\/v2\/types\/product"}],"replies":[{"embeddable":true,"href":"https:\/\/stoic-curie.212-227-153-4.plesk.page\/hr\/wp-json\/wp\/v2\/comments?post=743331"}],"version-history":[{"count":0,"href":"https:\/\/stoic-curie.212-227-153-4.plesk.page\/hr\/wp-json\/wp\/v2\/product\/743331\/revisions"}],"wp:featuredmedia":[{"embeddable":true,"href":"https:\/\/stoic-curie.212-227-153-4.plesk.page\/hr\/wp-json\/wp\/v2\/media\/5945077"}],"wp:attachment":[{"href":"https:\/\/stoic-curie.212-227-153-4.plesk.page\/hr\/wp-json\/wp\/v2\/media?parent=743331"}],"wp:term":[{"taxonomy":"product_brand","embeddable":true,"href":"https:\/\/stoic-curie.212-227-153-4.plesk.page\/hr\/wp-json\/wp\/v2\/product_brand?post=743331"},{"taxonomy":"product_cat","embeddable":true,"href":"https:\/\/stoic-curie.212-227-153-4.plesk.page\/hr\/wp-json\/wp\/v2\/product_cat?post=743331"},{"taxonomy":"product_tag","embeddable":true,"href":"https:\/\/stoic-curie.212-227-153-4.plesk.page\/hr\/wp-json\/wp\/v2\/product_tag?post=743331"}],"curies":[{"name":"wp","href":"https:\/\/api.w.org\/{rel}","templated":true}]}}