{"id":743349,"date":"2025-03-03T18:28:51","date_gmt":"2025-03-03T17:28:51","guid":{"rendered":"https:\/\/stoic-curie.212-227-153-4.plesk.page\/producto\/konop-za-privez-bijeli-16mm-x-12mt-s-radancom\/"},"modified":"2026-02-25T00:01:07","modified_gmt":"2026-02-25T00:01:07","slug":"konop-za-privez-bijeli-16mm-x-12mt-s-radancom","status":"publish","type":"product","link":"https:\/\/stoic-curie.212-227-153-4.plesk.page\/hr\/product\/konop-za-privez-bijeli-16mm-x-12mt-s-radancom\/","title":{"rendered":"Konop za privez, bijeli, 16mm X 12mt s radan\u010dom"},"content":{"rendered":"<p>Konop za privez, bijeli, 16mm X 12mt s radan\u010dom &#8211; <\/p>\n<p>U\u017ee za vezivanje i sidrenje s preplatenim inox okomitim zati\u010dem. Proizvedeno od visokotla\u010dnog dvostruko pletenog poliestera. Ne pluta.<\/p>\n","protected":false},"excerpt":{"rendered":"<p>Konop za privez, bijeli, 16mm X 12mt s radan\u010dom &#8211; U\u017ee za vezivanje i sidrenje s preplatenim inox okomitim zati\u010dem.<\/p>\n","protected":false},"featured_media":5944283,"comment_status":"open","ping_status":"closed","template":"","meta":[],"product_brand":[3101,2172],"product_cat":[1623,1862],"product_tag":[],"class_list":{"0":"post-743349","1":"product","2":"type-product","3":"status-publish","4":"has-post-thumbnail","6":"product_brand-marco-benvenuti-hr","7":"product_brand-nova-argonautica","8":"product_cat-prethodno-spojena-uzad","9":"product_cat-sidreno-uze","11":"first","12":"instock","13":"shipping-taxable","14":"purchasable","15":"product-type-simple"},"_links":{"self":[{"href":"https:\/\/stoic-curie.212-227-153-4.plesk.page\/hr\/wp-json\/wp\/v2\/product\/743349","targetHints":{"allow":["GET"]}}],"collection":[{"href":"https:\/\/stoic-curie.212-227-153-4.plesk.page\/hr\/wp-json\/wp\/v2\/product"}],"about":[{"href":"https:\/\/stoic-curie.212-227-153-4.plesk.page\/hr\/wp-json\/wp\/v2\/types\/product"}],"replies":[{"embeddable":true,"href":"https:\/\/stoic-curie.212-227-153-4.plesk.page\/hr\/wp-json\/wp\/v2\/comments?post=743349"}],"version-history":[{"count":0,"href":"https:\/\/stoic-curie.212-227-153-4.plesk.page\/hr\/wp-json\/wp\/v2\/product\/743349\/revisions"}],"wp:featuredmedia":[{"embeddable":true,"href":"https:\/\/stoic-curie.212-227-153-4.plesk.page\/hr\/wp-json\/wp\/v2\/media\/5944283"}],"wp:attachment":[{"href":"https:\/\/stoic-curie.212-227-153-4.plesk.page\/hr\/wp-json\/wp\/v2\/media?parent=743349"}],"wp:term":[{"taxonomy":"product_brand","embeddable":true,"href":"https:\/\/stoic-curie.212-227-153-4.plesk.page\/hr\/wp-json\/wp\/v2\/product_brand?post=743349"},{"taxonomy":"product_cat","embeddable":true,"href":"https:\/\/stoic-curie.212-227-153-4.plesk.page\/hr\/wp-json\/wp\/v2\/product_cat?post=743349"},{"taxonomy":"product_tag","embeddable":true,"href":"https:\/\/stoic-curie.212-227-153-4.plesk.page\/hr\/wp-json\/wp\/v2\/product_tag?post=743349"}],"curies":[{"name":"wp","href":"https:\/\/api.w.org\/{rel}","templated":true}]}}