{"id":743360,"date":"2025-03-03T18:28:54","date_gmt":"2025-03-03T17:28:54","guid":{"rendered":"https:\/\/stoic-curie.212-227-153-4.plesk.page\/producto\/set-za-upletanje-od-nehrdajuceg-celika-s-4-igle\/"},"modified":"2026-02-25T00:01:07","modified_gmt":"2026-02-25T00:01:07","slug":"set-za-upletanje-od-nehrdajuceg-celika-s-4-igle","status":"publish","type":"product","link":"https:\/\/stoic-curie.212-227-153-4.plesk.page\/hr\/product\/set-za-upletanje-od-nehrdajuceg-celika-s-4-igle\/","title":{"rendered":"Set za upletanje od nehr\u0111aju\u0107eg \u010delika s 4 igle"},"content":{"rendered":"<p>Set za upletanje od nehr\u0111aju\u0107eg \u010delika s 4 igle &#8211; <\/p>\n<p>Set od 4 igle od nehr\u0111aju\u0107eg \u010delika za splicing. Duljine igala u mm: 120\/140\/180\/220. Odgovaraju\u0107i promjeri u mm: 5\/7\/9\/12.<\/p>\n","protected":false},"excerpt":{"rendered":"<p>Set za upletanje od nehr\u0111aju\u0107eg \u010delika s 4 igle &#8211; Set od 4 igle od nehr\u0111aju\u0107eg \u010delika za splicing. Duljine<\/p>\n","protected":false},"featured_media":5945082,"comment_status":"open","ping_status":"closed","template":"","meta":[],"product_brand":[3491],"product_cat":[1613,1856],"product_tag":[],"class_list":{"0":"post-743360","1":"product","2":"type-product","3":"status-publish","4":"has-post-thumbnail","6":"product_brand-trem-hr","7":"product_cat-alati-za-rezanje","8":"product_cat-jedrilicarski-nozevi-i-alati","10":"first","11":"instock","12":"shipping-taxable","13":"purchasable","14":"product-type-simple"},"_links":{"self":[{"href":"https:\/\/stoic-curie.212-227-153-4.plesk.page\/hr\/wp-json\/wp\/v2\/product\/743360","targetHints":{"allow":["GET"]}}],"collection":[{"href":"https:\/\/stoic-curie.212-227-153-4.plesk.page\/hr\/wp-json\/wp\/v2\/product"}],"about":[{"href":"https:\/\/stoic-curie.212-227-153-4.plesk.page\/hr\/wp-json\/wp\/v2\/types\/product"}],"replies":[{"embeddable":true,"href":"https:\/\/stoic-curie.212-227-153-4.plesk.page\/hr\/wp-json\/wp\/v2\/comments?post=743360"}],"version-history":[{"count":0,"href":"https:\/\/stoic-curie.212-227-153-4.plesk.page\/hr\/wp-json\/wp\/v2\/product\/743360\/revisions"}],"wp:featuredmedia":[{"embeddable":true,"href":"https:\/\/stoic-curie.212-227-153-4.plesk.page\/hr\/wp-json\/wp\/v2\/media\/5945082"}],"wp:attachment":[{"href":"https:\/\/stoic-curie.212-227-153-4.plesk.page\/hr\/wp-json\/wp\/v2\/media?parent=743360"}],"wp:term":[{"taxonomy":"product_brand","embeddable":true,"href":"https:\/\/stoic-curie.212-227-153-4.plesk.page\/hr\/wp-json\/wp\/v2\/product_brand?post=743360"},{"taxonomy":"product_cat","embeddable":true,"href":"https:\/\/stoic-curie.212-227-153-4.plesk.page\/hr\/wp-json\/wp\/v2\/product_cat?post=743360"},{"taxonomy":"product_tag","embeddable":true,"href":"https:\/\/stoic-curie.212-227-153-4.plesk.page\/hr\/wp-json\/wp\/v2\/product_tag?post=743360"}],"curies":[{"name":"wp","href":"https:\/\/api.w.org\/{rel}","templated":true}]}}