{"id":743364,"date":"2025-03-03T18:28:55","date_gmt":"2025-03-03T17:28:55","guid":{"rendered":"https:\/\/stoic-curie.212-227-153-4.plesk.page\/producto\/signalna-plutaca-na-napuhavanje-narancasta-200-x-200-x-h200-cm\/"},"modified":"2026-02-25T00:01:07","modified_gmt":"2026-02-25T00:01:07","slug":"signalna-plutaca-na-napuhavanje-narancasta-200-x-200-x-h200-cm","status":"publish","type":"product","link":"https:\/\/stoic-curie.212-227-153-4.plesk.page\/hr\/product\/signalna-plutaca-na-napuhavanje-narancasta-200-x-200-x-h200-cm\/","title":{"rendered":"Signalna plutaca na napuhavanje narancasta 200 x 200 x H200 cm"},"content":{"rendered":"<p>Signalna plutaca na napuhavanje narancasta 200 x 200 x H200 cm &#8211; <\/p>\n<p>Vrlo sna\u017ene i otporne PVC prekrivene boje od 1000D poliestera za natjecanja na vodi. Sa brzim ventilom za inflaciju i deflaciju te 7 prstenova od nehr\u0111aju\u0107eg \u010delika na dnu koji jam\u010de sigurnu i otpornu fiksaciju u svim vremenskim uvjetima. Zbog \u010dvrsto\u0107e materijala mre\u017ea nije potrebna. U kompletu s dr\u0161kama za jednostavan transport i pozicioniranje te 3 PVC d\u017eepa za prikazivanje reklama. Kompaktna i brza opcijska pumpa za inflaciju, kod 2930080.<\/p>\n","protected":false},"excerpt":{"rendered":"<p>Signalna plutaca na napuhavanje narancasta 200 x 200 x H200 cm &#8211; Vrlo sna\u017ene i otporne PVC prekrivene boje od<\/p>\n","protected":false},"featured_media":5945085,"comment_status":"open","ping_status":"closed","template":"","meta":[],"product_brand":[3491],"product_cat":[1850],"product_tag":[],"class_list":{"0":"post-743364","1":"product","2":"type-product","3":"status-publish","4":"has-post-thumbnail","6":"product_brand-trem-hr","7":"product_cat-plutace-za-privez-i-signalizaciju","9":"first","10":"instock","11":"shipping-taxable","12":"purchasable","13":"product-type-simple"},"_links":{"self":[{"href":"https:\/\/stoic-curie.212-227-153-4.plesk.page\/hr\/wp-json\/wp\/v2\/product\/743364","targetHints":{"allow":["GET"]}}],"collection":[{"href":"https:\/\/stoic-curie.212-227-153-4.plesk.page\/hr\/wp-json\/wp\/v2\/product"}],"about":[{"href":"https:\/\/stoic-curie.212-227-153-4.plesk.page\/hr\/wp-json\/wp\/v2\/types\/product"}],"replies":[{"embeddable":true,"href":"https:\/\/stoic-curie.212-227-153-4.plesk.page\/hr\/wp-json\/wp\/v2\/comments?post=743364"}],"version-history":[{"count":0,"href":"https:\/\/stoic-curie.212-227-153-4.plesk.page\/hr\/wp-json\/wp\/v2\/product\/743364\/revisions"}],"wp:featuredmedia":[{"embeddable":true,"href":"https:\/\/stoic-curie.212-227-153-4.plesk.page\/hr\/wp-json\/wp\/v2\/media\/5945085"}],"wp:attachment":[{"href":"https:\/\/stoic-curie.212-227-153-4.plesk.page\/hr\/wp-json\/wp\/v2\/media?parent=743364"}],"wp:term":[{"taxonomy":"product_brand","embeddable":true,"href":"https:\/\/stoic-curie.212-227-153-4.plesk.page\/hr\/wp-json\/wp\/v2\/product_brand?post=743364"},{"taxonomy":"product_cat","embeddable":true,"href":"https:\/\/stoic-curie.212-227-153-4.plesk.page\/hr\/wp-json\/wp\/v2\/product_cat?post=743364"},{"taxonomy":"product_tag","embeddable":true,"href":"https:\/\/stoic-curie.212-227-153-4.plesk.page\/hr\/wp-json\/wp\/v2\/product_tag?post=743364"}],"curies":[{"name":"wp","href":"https:\/\/api.w.org\/{rel}","templated":true}]}}