{"id":743365,"date":"2025-03-03T18:28:55","date_gmt":"2025-03-03T17:28:55","guid":{"rendered":"https:\/\/stoic-curie.212-227-153-4.plesk.page\/producto\/elektricna-pumpa-za-napuhavanje-12v-800-w-signalne-plutace\/"},"modified":"2026-02-25T00:01:07","modified_gmt":"2026-02-25T00:01:07","slug":"elektricna-pumpa-za-napuhavanje-12v-800-w-signalne-plutace","status":"publish","type":"product","link":"https:\/\/stoic-curie.212-227-153-4.plesk.page\/hr\/product\/elektricna-pumpa-za-napuhavanje-12v-800-w-signalne-plutace\/","title":{"rendered":"Elektricna pumpa za napuhavanje 12V 800 W (Signalne pluta\u010de)"},"content":{"rendered":"<p>Elektricna pumpa za napuhavanje 12V 800 W (Signalne pluta\u010de) &#8211; <\/p>\n<p>Kompaktan inflator od 220V s crijevom du\u017eine 1 m. Mo\u017ee napuhati i ispuhati. Potro\u0161nja 800W. Dimenzije: 20 x 13 x H15 cm. Uklju\u010duje adapter za napuhavanje i regatne boje.<\/p>\n","protected":false},"excerpt":{"rendered":"<p>Elektricna pumpa za napuhavanje 12V 800 W (Signalne pluta\u010de) &#8211; Kompaktan inflator od 220V s crijevom du\u017eine 1 m. Mo\u017ee<\/p>\n","protected":false},"featured_media":5945092,"comment_status":"open","ping_status":"closed","template":"","meta":[],"product_brand":[3491],"product_cat":[1850],"product_tag":[],"class_list":{"0":"post-743365","1":"product","2":"type-product","3":"status-publish","4":"has-post-thumbnail","6":"product_brand-trem-hr","7":"product_cat-plutace-za-privez-i-signalizaciju","9":"first","10":"instock","11":"shipping-taxable","12":"purchasable","13":"product-type-simple"},"_links":{"self":[{"href":"https:\/\/stoic-curie.212-227-153-4.plesk.page\/hr\/wp-json\/wp\/v2\/product\/743365","targetHints":{"allow":["GET"]}}],"collection":[{"href":"https:\/\/stoic-curie.212-227-153-4.plesk.page\/hr\/wp-json\/wp\/v2\/product"}],"about":[{"href":"https:\/\/stoic-curie.212-227-153-4.plesk.page\/hr\/wp-json\/wp\/v2\/types\/product"}],"replies":[{"embeddable":true,"href":"https:\/\/stoic-curie.212-227-153-4.plesk.page\/hr\/wp-json\/wp\/v2\/comments?post=743365"}],"version-history":[{"count":0,"href":"https:\/\/stoic-curie.212-227-153-4.plesk.page\/hr\/wp-json\/wp\/v2\/product\/743365\/revisions"}],"wp:featuredmedia":[{"embeddable":true,"href":"https:\/\/stoic-curie.212-227-153-4.plesk.page\/hr\/wp-json\/wp\/v2\/media\/5945092"}],"wp:attachment":[{"href":"https:\/\/stoic-curie.212-227-153-4.plesk.page\/hr\/wp-json\/wp\/v2\/media?parent=743365"}],"wp:term":[{"taxonomy":"product_brand","embeddable":true,"href":"https:\/\/stoic-curie.212-227-153-4.plesk.page\/hr\/wp-json\/wp\/v2\/product_brand?post=743365"},{"taxonomy":"product_cat","embeddable":true,"href":"https:\/\/stoic-curie.212-227-153-4.plesk.page\/hr\/wp-json\/wp\/v2\/product_cat?post=743365"},{"taxonomy":"product_tag","embeddable":true,"href":"https:\/\/stoic-curie.212-227-153-4.plesk.page\/hr\/wp-json\/wp\/v2\/product_tag?post=743365"}],"curies":[{"name":"wp","href":"https:\/\/api.w.org\/{rel}","templated":true}]}}