{"id":743373,"date":"2025-03-03T18:28:59","date_gmt":"2025-03-03T17:28:59","guid":{"rendered":"https:\/\/stoic-curie.212-227-153-4.plesk.page\/producto\/castro-privezna-plutaca-ispunjena-poliuretanskom-pjenom-460x900mm\/"},"modified":"2026-02-25T00:01:07","modified_gmt":"2026-02-25T00:01:07","slug":"castro-privezna-plutaca-ispunjena-poliuretanskom-pjenom-460x900mm","status":"publish","type":"product","link":"https:\/\/stoic-curie.212-227-153-4.plesk.page\/hr\/product\/castro-privezna-plutaca-ispunjena-poliuretanskom-pjenom-460x900mm\/","title":{"rendered":"Castro privezna pluta\u010da ispunjena poliuretanskom pjenom, 460x900mm"},"content":{"rendered":"<p>Castro privezna pluta\u010da ispunjena poliuretanskom pjenom, 460x900mm &#8211; <\/p>\n<p>Oja\u010dana polietilenska boja ispunjena pjenom od poliuretana s zatvorenim \u0107elijama. Visoko\u010deli\u010dna \u0161ipka premazana Rilsanom. Izvrsna otpornost na abraziju i UVA zrake. Izvanredna plovnost.<\/p>\n","protected":false},"excerpt":{"rendered":"<p>Castro privezna pluta\u010da ispunjena poliuretanskom pjenom, 460x900mm &#8211; Oja\u010dana polietilenska boja ispunjena pjenom od poliuretana s zatvorenim \u0107elijama. Visoko\u010deli\u010dna \u0161ipka<\/p>\n","protected":false},"featured_media":5945104,"comment_status":"open","ping_status":"closed","template":"","meta":[],"product_brand":[3026],"product_cat":[1850],"product_tag":[],"class_list":{"0":"post-743373","1":"product","2":"type-product","3":"status-publish","4":"has-post-thumbnail","6":"product_brand-ip-castro-hr","7":"product_cat-plutace-za-privez-i-signalizaciju","9":"first","10":"instock","11":"shipping-taxable","12":"purchasable","13":"product-type-simple"},"_links":{"self":[{"href":"https:\/\/stoic-curie.212-227-153-4.plesk.page\/hr\/wp-json\/wp\/v2\/product\/743373","targetHints":{"allow":["GET"]}}],"collection":[{"href":"https:\/\/stoic-curie.212-227-153-4.plesk.page\/hr\/wp-json\/wp\/v2\/product"}],"about":[{"href":"https:\/\/stoic-curie.212-227-153-4.plesk.page\/hr\/wp-json\/wp\/v2\/types\/product"}],"replies":[{"embeddable":true,"href":"https:\/\/stoic-curie.212-227-153-4.plesk.page\/hr\/wp-json\/wp\/v2\/comments?post=743373"}],"version-history":[{"count":0,"href":"https:\/\/stoic-curie.212-227-153-4.plesk.page\/hr\/wp-json\/wp\/v2\/product\/743373\/revisions"}],"wp:featuredmedia":[{"embeddable":true,"href":"https:\/\/stoic-curie.212-227-153-4.plesk.page\/hr\/wp-json\/wp\/v2\/media\/5945104"}],"wp:attachment":[{"href":"https:\/\/stoic-curie.212-227-153-4.plesk.page\/hr\/wp-json\/wp\/v2\/media?parent=743373"}],"wp:term":[{"taxonomy":"product_brand","embeddable":true,"href":"https:\/\/stoic-curie.212-227-153-4.plesk.page\/hr\/wp-json\/wp\/v2\/product_brand?post=743373"},{"taxonomy":"product_cat","embeddable":true,"href":"https:\/\/stoic-curie.212-227-153-4.plesk.page\/hr\/wp-json\/wp\/v2\/product_cat?post=743373"},{"taxonomy":"product_tag","embeddable":true,"href":"https:\/\/stoic-curie.212-227-153-4.plesk.page\/hr\/wp-json\/wp\/v2\/product_tag?post=743373"}],"curies":[{"name":"wp","href":"https:\/\/api.w.org\/{rel}","templated":true}]}}