{"id":743380,"date":"2025-03-03T18:29:01","date_gmt":"2025-03-03T17:29:01","guid":{"rendered":"https:\/\/stoic-curie.212-227-153-4.plesk.page\/producto\/castro-a-4hd-plutaca-crvena-530mm\/"},"modified":"2026-02-25T00:01:07","modified_gmt":"2026-02-25T00:01:07","slug":"castro-a-4hd-plutaca-crvena-530mm","status":"publish","type":"product","link":"https:\/\/stoic-curie.212-227-153-4.plesk.page\/hr\/product\/castro-a-4hd-plutaca-crvena-530mm\/","title":{"rendered":"Castro A-4HD plutaca Crvena 530mm"},"content":{"rendered":"<p>Castro A-4HD plutaca Crvena 530mm &#8211; <\/p>\n<p>Izuzetno robusni fendery s oja\u010danim okom. Oja\u010dana prstenasta veza izme\u0111u tijela i glave. Ventil visoke kvalitete za savr\u0161eno brtvljenje.<\/p>\n","protected":false},"excerpt":{"rendered":"<p>Castro A-4HD plutaca Crvena 530mm &#8211; Izuzetno robusni fendery s oja\u010danim okom. Oja\u010dana prstenasta veza izme\u0111u tijela i glave. Ventil<\/p>\n","protected":false},"featured_media":5945105,"comment_status":"open","ping_status":"closed","template":"","meta":[],"product_brand":[3026],"product_cat":[1850],"product_tag":[],"class_list":{"0":"post-743380","1":"product","2":"type-product","3":"status-publish","4":"has-post-thumbnail","6":"product_brand-ip-castro-hr","7":"product_cat-plutace-za-privez-i-signalizaciju","9":"first","10":"instock","11":"shipping-taxable","12":"purchasable","13":"product-type-simple"},"_links":{"self":[{"href":"https:\/\/stoic-curie.212-227-153-4.plesk.page\/hr\/wp-json\/wp\/v2\/product\/743380","targetHints":{"allow":["GET"]}}],"collection":[{"href":"https:\/\/stoic-curie.212-227-153-4.plesk.page\/hr\/wp-json\/wp\/v2\/product"}],"about":[{"href":"https:\/\/stoic-curie.212-227-153-4.plesk.page\/hr\/wp-json\/wp\/v2\/types\/product"}],"replies":[{"embeddable":true,"href":"https:\/\/stoic-curie.212-227-153-4.plesk.page\/hr\/wp-json\/wp\/v2\/comments?post=743380"}],"version-history":[{"count":0,"href":"https:\/\/stoic-curie.212-227-153-4.plesk.page\/hr\/wp-json\/wp\/v2\/product\/743380\/revisions"}],"wp:featuredmedia":[{"embeddable":true,"href":"https:\/\/stoic-curie.212-227-153-4.plesk.page\/hr\/wp-json\/wp\/v2\/media\/5945105"}],"wp:attachment":[{"href":"https:\/\/stoic-curie.212-227-153-4.plesk.page\/hr\/wp-json\/wp\/v2\/media?parent=743380"}],"wp:term":[{"taxonomy":"product_brand","embeddable":true,"href":"https:\/\/stoic-curie.212-227-153-4.plesk.page\/hr\/wp-json\/wp\/v2\/product_brand?post=743380"},{"taxonomy":"product_cat","embeddable":true,"href":"https:\/\/stoic-curie.212-227-153-4.plesk.page\/hr\/wp-json\/wp\/v2\/product_cat?post=743380"},{"taxonomy":"product_tag","embeddable":true,"href":"https:\/\/stoic-curie.212-227-153-4.plesk.page\/hr\/wp-json\/wp\/v2\/product_tag?post=743380"}],"curies":[{"name":"wp","href":"https:\/\/api.w.org\/{rel}","templated":true}]}}