{"id":743387,"date":"2025-03-03T18:29:04","date_gmt":"2025-03-03T17:29:04","guid":{"rendered":"https:\/\/stoic-curie.212-227-153-4.plesk.page\/producto\/castro-f7-bokobran-plava-glava-1250x380mm\/"},"modified":"2026-02-25T00:01:07","modified_gmt":"2026-02-25T00:01:07","slug":"castro-f7-bokobran-plava-glava-1250x380mm","status":"publish","type":"product","link":"https:\/\/stoic-curie.212-227-153-4.plesk.page\/hr\/product\/castro-f7-bokobran-plava-glava-1250x380mm\/","title":{"rendered":"Castro F7 bokobran, plava glava 1250x380mm"},"content":{"rendered":"<p>Castro F7 bokobran, plava glava 1250x380mm &#8211; <\/p>\n<p>Ekstremno robusni fenderi s dvama oja\u010danim okcima. Oja\u010dana spojna prsten izme\u0111u tijela i glave. Ventil visoke kvalitete za savr\u0161eno brtvljenje.<\/p>\n","protected":false},"excerpt":{"rendered":"<p>Castro F7 bokobran, plava glava 1250x380mm &#8211; Ekstremno robusni fenderi s dvama oja\u010danim okcima. Oja\u010dana spojna prsten izme\u0111u tijela i<\/p>\n","protected":false},"featured_media":5945112,"comment_status":"open","ping_status":"closed","template":"","meta":[],"product_brand":[3026],"product_cat":[1848],"product_tag":[],"class_list":{"0":"post-743387","1":"product","2":"type-product","3":"status-publish","4":"has-post-thumbnail","6":"product_brand-ip-castro-hr","7":"product_cat-brodski-bokobrani","9":"first","10":"instock","11":"shipping-taxable","12":"purchasable","13":"product-type-simple"},"_links":{"self":[{"href":"https:\/\/stoic-curie.212-227-153-4.plesk.page\/hr\/wp-json\/wp\/v2\/product\/743387","targetHints":{"allow":["GET"]}}],"collection":[{"href":"https:\/\/stoic-curie.212-227-153-4.plesk.page\/hr\/wp-json\/wp\/v2\/product"}],"about":[{"href":"https:\/\/stoic-curie.212-227-153-4.plesk.page\/hr\/wp-json\/wp\/v2\/types\/product"}],"replies":[{"embeddable":true,"href":"https:\/\/stoic-curie.212-227-153-4.plesk.page\/hr\/wp-json\/wp\/v2\/comments?post=743387"}],"version-history":[{"count":0,"href":"https:\/\/stoic-curie.212-227-153-4.plesk.page\/hr\/wp-json\/wp\/v2\/product\/743387\/revisions"}],"wp:featuredmedia":[{"embeddable":true,"href":"https:\/\/stoic-curie.212-227-153-4.plesk.page\/hr\/wp-json\/wp\/v2\/media\/5945112"}],"wp:attachment":[{"href":"https:\/\/stoic-curie.212-227-153-4.plesk.page\/hr\/wp-json\/wp\/v2\/media?parent=743387"}],"wp:term":[{"taxonomy":"product_brand","embeddable":true,"href":"https:\/\/stoic-curie.212-227-153-4.plesk.page\/hr\/wp-json\/wp\/v2\/product_brand?post=743387"},{"taxonomy":"product_cat","embeddable":true,"href":"https:\/\/stoic-curie.212-227-153-4.plesk.page\/hr\/wp-json\/wp\/v2\/product_cat?post=743387"},{"taxonomy":"product_tag","embeddable":true,"href":"https:\/\/stoic-curie.212-227-153-4.plesk.page\/hr\/wp-json\/wp\/v2\/product_tag?post=743387"}],"curies":[{"name":"wp","href":"https:\/\/api.w.org\/{rel}","templated":true}]}}