{"id":743409,"date":"2025-03-03T18:30:52","date_gmt":"2025-03-03T17:30:52","guid":{"rendered":"https:\/\/stoic-curie.212-227-153-4.plesk.page\/producto\/navlaka-mega-bokobrana-1140x460mm-crna\/"},"modified":"2026-02-25T00:01:07","modified_gmt":"2026-02-25T00:01:07","slug":"navlaka-mega-bokobrana-1140x460mm-crna","status":"publish","type":"product","link":"https:\/\/stoic-curie.212-227-153-4.plesk.page\/hr\/product\/navlaka-mega-bokobrana-1140x460mm-crna\/","title":{"rendered":"Navlaka Mega bokobrana 1140x460mm crna"},"content":{"rendered":"<p>Navlaka Mega bokobrana 1140x460mm crna &#8211; <\/p>\n<p>Trajne dvostruke fleece navlake za Mega Fender fendere. \u0160tite Mega Fendere od habanja, ogrebotina i \u0161kripanja. Meke i \u010dvrste, ne ostavljaju mrlje na stranama i traju du\u017ee.<\/p>\n","protected":false},"excerpt":{"rendered":"<p>Navlaka Mega bokobrana 1140x460mm crna &#8211; Trajne dvostruke fleece navlake za Mega Fender fendere. \u0160tite Mega Fendere od habanja, ogrebotina<\/p>\n","protected":false},"featured_media":5945138,"comment_status":"open","ping_status":"closed","template":"","meta":[],"product_brand":[2936],"product_cat":[1851],"product_tag":[],"class_list":{"0":"post-743409","1":"product","2":"type-product","3":"status-publish","4":"has-post-thumbnail","6":"product_brand-fendress-hr","7":"product_cat-navlake-za-bokobrane","9":"first","10":"instock","11":"shipping-taxable","12":"purchasable","13":"product-type-simple"},"_links":{"self":[{"href":"https:\/\/stoic-curie.212-227-153-4.plesk.page\/hr\/wp-json\/wp\/v2\/product\/743409","targetHints":{"allow":["GET"]}}],"collection":[{"href":"https:\/\/stoic-curie.212-227-153-4.plesk.page\/hr\/wp-json\/wp\/v2\/product"}],"about":[{"href":"https:\/\/stoic-curie.212-227-153-4.plesk.page\/hr\/wp-json\/wp\/v2\/types\/product"}],"replies":[{"embeddable":true,"href":"https:\/\/stoic-curie.212-227-153-4.plesk.page\/hr\/wp-json\/wp\/v2\/comments?post=743409"}],"version-history":[{"count":0,"href":"https:\/\/stoic-curie.212-227-153-4.plesk.page\/hr\/wp-json\/wp\/v2\/product\/743409\/revisions"}],"wp:featuredmedia":[{"embeddable":true,"href":"https:\/\/stoic-curie.212-227-153-4.plesk.page\/hr\/wp-json\/wp\/v2\/media\/5945138"}],"wp:attachment":[{"href":"https:\/\/stoic-curie.212-227-153-4.plesk.page\/hr\/wp-json\/wp\/v2\/media?parent=743409"}],"wp:term":[{"taxonomy":"product_brand","embeddable":true,"href":"https:\/\/stoic-curie.212-227-153-4.plesk.page\/hr\/wp-json\/wp\/v2\/product_brand?post=743409"},{"taxonomy":"product_cat","embeddable":true,"href":"https:\/\/stoic-curie.212-227-153-4.plesk.page\/hr\/wp-json\/wp\/v2\/product_cat?post=743409"},{"taxonomy":"product_tag","embeddable":true,"href":"https:\/\/stoic-curie.212-227-153-4.plesk.page\/hr\/wp-json\/wp\/v2\/product_tag?post=743409"}],"curies":[{"name":"wp","href":"https:\/\/api.w.org\/{rel}","templated":true}]}}