{"id":743425,"date":"2025-03-03T18:30:59","date_gmt":"2025-03-03T17:30:59","guid":{"rendered":"https:\/\/stoic-curie.212-227-153-4.plesk.page\/producto\/navlaka-mega-bokobrana-740x610mm-siva\/"},"modified":"2026-02-25T00:01:07","modified_gmt":"2026-02-25T00:01:07","slug":"navlaka-mega-bokobrana-740x610mm-siva","status":"publish","type":"product","link":"https:\/\/stoic-curie.212-227-153-4.plesk.page\/hr\/product\/navlaka-mega-bokobrana-740x610mm-siva\/","title":{"rendered":"Navlaka Mega bokobrana 740x610mm siva"},"content":{"rendered":"<p>Navlaka Mega bokobrana 740x610mm siva &#8211; <\/p>\n<p>Izdr\u017eljivo dvostruko flisno platno Fendress pokriva\u010da za Mega Fender. \u0160titi Mega Fendere eliminiraju\u0107i tro\u0161enje, ogrebotine i \u0161kripanje. Mekani i \u010dvrsti, ne ostavljaju mrlje na stranicama i dulje traju.<\/p>\n","protected":false},"excerpt":{"rendered":"<p>Navlaka Mega bokobrana 740x610mm siva &#8211; Izdr\u017eljivo dvostruko flisno platno Fendress pokriva\u010da za Mega Fender. \u0160titi Mega Fendere eliminiraju\u0107i tro\u0161enje,<\/p>\n","protected":false},"featured_media":5945140,"comment_status":"open","ping_status":"closed","template":"","meta":[],"product_brand":[2936],"product_cat":[1851],"product_tag":[],"class_list":{"0":"post-743425","1":"product","2":"type-product","3":"status-publish","4":"has-post-thumbnail","6":"product_brand-fendress-hr","7":"product_cat-navlake-za-bokobrane","9":"first","10":"instock","11":"shipping-taxable","12":"purchasable","13":"product-type-simple"},"_links":{"self":[{"href":"https:\/\/stoic-curie.212-227-153-4.plesk.page\/hr\/wp-json\/wp\/v2\/product\/743425","targetHints":{"allow":["GET"]}}],"collection":[{"href":"https:\/\/stoic-curie.212-227-153-4.plesk.page\/hr\/wp-json\/wp\/v2\/product"}],"about":[{"href":"https:\/\/stoic-curie.212-227-153-4.plesk.page\/hr\/wp-json\/wp\/v2\/types\/product"}],"replies":[{"embeddable":true,"href":"https:\/\/stoic-curie.212-227-153-4.plesk.page\/hr\/wp-json\/wp\/v2\/comments?post=743425"}],"version-history":[{"count":0,"href":"https:\/\/stoic-curie.212-227-153-4.plesk.page\/hr\/wp-json\/wp\/v2\/product\/743425\/revisions"}],"wp:featuredmedia":[{"embeddable":true,"href":"https:\/\/stoic-curie.212-227-153-4.plesk.page\/hr\/wp-json\/wp\/v2\/media\/5945140"}],"wp:attachment":[{"href":"https:\/\/stoic-curie.212-227-153-4.plesk.page\/hr\/wp-json\/wp\/v2\/media?parent=743425"}],"wp:term":[{"taxonomy":"product_brand","embeddable":true,"href":"https:\/\/stoic-curie.212-227-153-4.plesk.page\/hr\/wp-json\/wp\/v2\/product_brand?post=743425"},{"taxonomy":"product_cat","embeddable":true,"href":"https:\/\/stoic-curie.212-227-153-4.plesk.page\/hr\/wp-json\/wp\/v2\/product_cat?post=743425"},{"taxonomy":"product_tag","embeddable":true,"href":"https:\/\/stoic-curie.212-227-153-4.plesk.page\/hr\/wp-json\/wp\/v2\/product_tag?post=743425"}],"curies":[{"name":"wp","href":"https:\/\/api.w.org\/{rel}","templated":true}]}}