{"id":743444,"date":"2025-03-03T18:31:07","date_gmt":"2025-03-03T17:31:07","guid":{"rendered":"https:\/\/stoic-curie.212-227-153-4.plesk.page\/producto\/fendress-navlaka-za-bokobran-f10-tamno-siva\/"},"modified":"2026-02-25T00:01:07","modified_gmt":"2026-02-25T00:01:07","slug":"fendress-navlaka-za-bokobran-f10-tamno-siva","status":"publish","type":"product","link":"https:\/\/stoic-curie.212-227-153-4.plesk.page\/hr\/product\/fendress-navlaka-za-bokobran-f10-tamno-siva\/","title":{"rendered":"Fendress navlaka za bokobran F10 tamno siva"},"content":{"rendered":"<p>Fendress navlaka za bokobran F10 tamno siva &#8211; <\/p>\n<p>Ru\u010dno ra\u0111ene Fendress pokriva\u010de fendera s pli\u0161om. Premium za\u0161tita za va\u0161e fendere, dok eliminira \u0161kripanje i tragove. Mekane i izdr\u017eljive, ove pokriva\u010de fendera u\u010dinkovito \u0161tite va\u0161u gel-coat boju i produ\u017euju trajnost va\u0161ih fendera.<\/p>\n<p>\u2022 \u201cFendress Covers\u201d su 100% akrilne, ru\u010dno ra\u0111ene, premium kvalitete, otporne i neabrazivne pletiva. Mekani, pli\u0161ani pokriva\u010di fendera nude vrhunsku za\u0161titu za va\u0161e bo\u010dne strane.<br \/>\u2022 \u201cFendress Covers\u201d su otporni na UV zra\u010denje i morsku vodu, u\u010dinkovito \u0161tite\u0107i va\u0161u gel-coat boju od tragova i abrazija. Robusna pri\u010dvr\u0161\u0107ena tkanina sadr\u017ei sve najbolje karakteristike, uklju\u010duju\u0107i otpornost na kidanje i abraziju, brzo su\u0161enje i laku uklanjanje za \u010di\u0161\u0107enje.<br \/>\u2022 \u201cFendress Covers\u201d produ\u017euju vijek trajanja va\u0161ih fendera i eliminiraju iritiraju\u0107e \u0161kripanje fendera. Boje otporne na UV ne ostavljaju tragove na va\u0161im stranama. Mogu se prati u perilici.<br \/>\u2022 \u201cFendress Covers\u201d imaju gornju stranu visoke otpornosti i elasti\u010dnu donju rub koja omogu\u0107ava prilago\u0111eno uklapanje za sve vrste fendera. Pokriva\u010di su dostupni u 9 boja.<\/p>\n","protected":false},"excerpt":{"rendered":"<p>Fendress navlaka za bokobran F10 tamno siva &#8211; Ru\u010dno ra\u0111ene Fendress pokriva\u010de fendera s pli\u0161om. Premium za\u0161tita za va\u0161e fendere,<\/p>\n","protected":false},"featured_media":5945142,"comment_status":"open","ping_status":"closed","template":"","meta":[],"product_brand":[2936],"product_cat":[1851],"product_tag":[],"class_list":{"0":"post-743444","1":"product","2":"type-product","3":"status-publish","4":"has-post-thumbnail","6":"product_brand-fendress-hr","7":"product_cat-navlake-za-bokobrane","9":"first","10":"instock","11":"shipping-taxable","12":"purchasable","13":"product-type-simple"},"_links":{"self":[{"href":"https:\/\/stoic-curie.212-227-153-4.plesk.page\/hr\/wp-json\/wp\/v2\/product\/743444","targetHints":{"allow":["GET"]}}],"collection":[{"href":"https:\/\/stoic-curie.212-227-153-4.plesk.page\/hr\/wp-json\/wp\/v2\/product"}],"about":[{"href":"https:\/\/stoic-curie.212-227-153-4.plesk.page\/hr\/wp-json\/wp\/v2\/types\/product"}],"replies":[{"embeddable":true,"href":"https:\/\/stoic-curie.212-227-153-4.plesk.page\/hr\/wp-json\/wp\/v2\/comments?post=743444"}],"version-history":[{"count":0,"href":"https:\/\/stoic-curie.212-227-153-4.plesk.page\/hr\/wp-json\/wp\/v2\/product\/743444\/revisions"}],"wp:featuredmedia":[{"embeddable":true,"href":"https:\/\/stoic-curie.212-227-153-4.plesk.page\/hr\/wp-json\/wp\/v2\/media\/5945142"}],"wp:attachment":[{"href":"https:\/\/stoic-curie.212-227-153-4.plesk.page\/hr\/wp-json\/wp\/v2\/media?parent=743444"}],"wp:term":[{"taxonomy":"product_brand","embeddable":true,"href":"https:\/\/stoic-curie.212-227-153-4.plesk.page\/hr\/wp-json\/wp\/v2\/product_brand?post=743444"},{"taxonomy":"product_cat","embeddable":true,"href":"https:\/\/stoic-curie.212-227-153-4.plesk.page\/hr\/wp-json\/wp\/v2\/product_cat?post=743444"},{"taxonomy":"product_tag","embeddable":true,"href":"https:\/\/stoic-curie.212-227-153-4.plesk.page\/hr\/wp-json\/wp\/v2\/product_tag?post=743444"}],"curies":[{"name":"wp","href":"https:\/\/api.w.org\/{rel}","templated":true}]}}