{"id":743446,"date":"2025-03-03T18:31:09","date_gmt":"2025-03-03T17:31:09","guid":{"rendered":"https:\/\/stoic-curie.212-227-153-4.plesk.page\/producto\/fendress-navlaka-za-bokobran-f10-crna\/"},"modified":"2026-02-25T00:01:07","modified_gmt":"2026-02-25T00:01:07","slug":"fendress-navlaka-za-bokobran-f10-crna","status":"publish","type":"product","link":"https:\/\/stoic-curie.212-227-153-4.plesk.page\/hr\/product\/fendress-navlaka-za-bokobran-f10-crna\/","title":{"rendered":"Fendress navlaka za bokobran F10 Crna"},"content":{"rendered":"<p>Fendress navlaka za bokobran F10 Crna &#8211; <\/p>\n<p>Ru\u010dni fender pokriva\u010di od pli\u0161anog flisa Fendress. Premium za\u0161tita za va\u0161e fendere, dok eliminira \u0161kripanje fendera i o\u017eiljke. Mekani i izdr\u017eljivi, ovi fender pokriva\u010di u\u010dinkovito \u0161tite va\u0161u gel-coat boju i produ\u017euju \u017eivotni vijek va\u0161ih fendera. <\/p>\n<p>\u2022 &#8220;Fendress Covers&#8221; su 100% akrilni ru\u010dno izra\u0111eni, premium kvalitete, otporni i neabrazivni, pleteni u petlji. Mekani, pli\u0161asti fender pokriva\u010di nude najbolju za\u0161titu za va\u0161u brodsku stranu. <br \/>\u2022 &#8220;Fendress Covers&#8221; su otporni na UV zra\u010denje i morsku vodu, u\u010dinkovito \u0161tite\u0107i va\u0161u gel-coat boju od o\u017eiljaka i abrazija. Izdr\u017eljivo i robusno flisano tkivo sadr\u017ei sve najbolje karakteristike, uklju\u010duju\u0107i otpornost na kidanje i abraziju, brzo su\u0161enje i lako uklanjanje za \u010di\u0161\u0107enje. <br \/>\u2022 &#8220;Fendress Covers&#8221; produ\u017euju \u017eivot va\u0161ih fendera i uklanjaju iritiraju\u0107e \u0161kripanje fendera. Boje otporne na UV zra\u010denje ne ostavljaju tragove na bo\u010dnoj strani va\u0161eg broda. Perive u perilici rublja. <br \/>\u2022 &#8220;Fendress Covers&#8221; imaju visoku otpornost na gornji dio i elasti\u010dni donji rub koji omogu\u0107uje prilago\u0111eno pristajanje za sve vrste fendera. Pokriva\u010di su dostupni u 9 boja.<\/p>\n","protected":false},"excerpt":{"rendered":"<p>Fendress navlaka za bokobran F10 Crna &#8211; Ru\u010dni fender pokriva\u010di od pli\u0161anog flisa Fendress. Premium za\u0161tita za va\u0161e fendere, dok<\/p>\n","protected":false},"featured_media":5944361,"comment_status":"open","ping_status":"closed","template":"","meta":[],"product_brand":[2936],"product_cat":[1851],"product_tag":[],"class_list":{"0":"post-743446","1":"product","2":"type-product","3":"status-publish","4":"has-post-thumbnail","6":"product_brand-fendress-hr","7":"product_cat-navlake-za-bokobrane","9":"first","10":"instock","11":"shipping-taxable","12":"purchasable","13":"product-type-simple"},"_links":{"self":[{"href":"https:\/\/stoic-curie.212-227-153-4.plesk.page\/hr\/wp-json\/wp\/v2\/product\/743446","targetHints":{"allow":["GET"]}}],"collection":[{"href":"https:\/\/stoic-curie.212-227-153-4.plesk.page\/hr\/wp-json\/wp\/v2\/product"}],"about":[{"href":"https:\/\/stoic-curie.212-227-153-4.plesk.page\/hr\/wp-json\/wp\/v2\/types\/product"}],"replies":[{"embeddable":true,"href":"https:\/\/stoic-curie.212-227-153-4.plesk.page\/hr\/wp-json\/wp\/v2\/comments?post=743446"}],"version-history":[{"count":0,"href":"https:\/\/stoic-curie.212-227-153-4.plesk.page\/hr\/wp-json\/wp\/v2\/product\/743446\/revisions"}],"wp:featuredmedia":[{"embeddable":true,"href":"https:\/\/stoic-curie.212-227-153-4.plesk.page\/hr\/wp-json\/wp\/v2\/media\/5944361"}],"wp:attachment":[{"href":"https:\/\/stoic-curie.212-227-153-4.plesk.page\/hr\/wp-json\/wp\/v2\/media?parent=743446"}],"wp:term":[{"taxonomy":"product_brand","embeddable":true,"href":"https:\/\/stoic-curie.212-227-153-4.plesk.page\/hr\/wp-json\/wp\/v2\/product_brand?post=743446"},{"taxonomy":"product_cat","embeddable":true,"href":"https:\/\/stoic-curie.212-227-153-4.plesk.page\/hr\/wp-json\/wp\/v2\/product_cat?post=743446"},{"taxonomy":"product_tag","embeddable":true,"href":"https:\/\/stoic-curie.212-227-153-4.plesk.page\/hr\/wp-json\/wp\/v2\/product_tag?post=743446"}],"curies":[{"name":"wp","href":"https:\/\/api.w.org\/{rel}","templated":true}]}}