{"id":743457,"date":"2025-03-03T18:31:13","date_gmt":"2025-03-03T17:31:13","guid":{"rendered":"https:\/\/stoic-curie.212-227-153-4.plesk.page\/producto\/tessilmare-bino-2-metra-bar-od-nehrdajuceg-celika\/"},"modified":"2026-02-25T00:01:07","modified_gmt":"2026-02-25T00:01:07","slug":"tessilmare-bino-2-metra-bar-od-nehrdajuceg-celika","status":"publish","type":"product","link":"https:\/\/stoic-curie.212-227-153-4.plesk.page\/hr\/product\/tessilmare-bino-2-metra-bar-od-nehrdajuceg-celika\/","title":{"rendered":"Tessilmare Bino 2 metra bar od nehr\u0111aju\u0107eg \u010delika"},"content":{"rendered":"<p>Tessilmare Bino 2 metra bar od nehr\u0111aju\u0107eg \u010delika &#8211; <\/p>\n<p>Moderni profil odbija\u010da idealan za te\u0161ku upotrebu na bilo kojem radnom ili profesionalnom plovilu. Dizajniran za apsorpciju velikih udaraca uz odr\u017eavanje lagane strukture, s jednostavnom instalacijom pomo\u0107u fiksne osnove, prethodno izbu\u0161ene nehr\u0111aju\u0107e \u010deli\u010dne \u0161ipke i profila s pritiskom. Pogodan je za bilo koji trup s glatkim, kutijastim ili ravnim spojem.<\/p>\n","protected":false},"excerpt":{"rendered":"<p>Tessilmare Bino 2 metra bar od nehr\u0111aju\u0107eg \u010delika &#8211; Moderni profil odbija\u010da idealan za te\u0161ku upotrebu na bilo kojem radnom<\/p>\n","protected":false},"featured_media":5945151,"comment_status":"open","ping_status":"closed","template":"","meta":[],"product_brand":[3481],"product_cat":[1852],"product_tag":[],"class_list":{"0":"post-743457","1":"product","2":"type-product","3":"status-publish","4":"has-post-thumbnail","6":"product_brand-tessilmare-hr","7":"product_cat-profili-za-bokobrane","9":"first","10":"instock","11":"shipping-taxable","12":"purchasable","13":"product-type-simple"},"_links":{"self":[{"href":"https:\/\/stoic-curie.212-227-153-4.plesk.page\/hr\/wp-json\/wp\/v2\/product\/743457","targetHints":{"allow":["GET"]}}],"collection":[{"href":"https:\/\/stoic-curie.212-227-153-4.plesk.page\/hr\/wp-json\/wp\/v2\/product"}],"about":[{"href":"https:\/\/stoic-curie.212-227-153-4.plesk.page\/hr\/wp-json\/wp\/v2\/types\/product"}],"replies":[{"embeddable":true,"href":"https:\/\/stoic-curie.212-227-153-4.plesk.page\/hr\/wp-json\/wp\/v2\/comments?post=743457"}],"version-history":[{"count":0,"href":"https:\/\/stoic-curie.212-227-153-4.plesk.page\/hr\/wp-json\/wp\/v2\/product\/743457\/revisions"}],"wp:featuredmedia":[{"embeddable":true,"href":"https:\/\/stoic-curie.212-227-153-4.plesk.page\/hr\/wp-json\/wp\/v2\/media\/5945151"}],"wp:attachment":[{"href":"https:\/\/stoic-curie.212-227-153-4.plesk.page\/hr\/wp-json\/wp\/v2\/media?parent=743457"}],"wp:term":[{"taxonomy":"product_brand","embeddable":true,"href":"https:\/\/stoic-curie.212-227-153-4.plesk.page\/hr\/wp-json\/wp\/v2\/product_brand?post=743457"},{"taxonomy":"product_cat","embeddable":true,"href":"https:\/\/stoic-curie.212-227-153-4.plesk.page\/hr\/wp-json\/wp\/v2\/product_cat?post=743457"},{"taxonomy":"product_tag","embeddable":true,"href":"https:\/\/stoic-curie.212-227-153-4.plesk.page\/hr\/wp-json\/wp\/v2\/product_tag?post=743457"}],"curies":[{"name":"wp","href":"https:\/\/api.w.org\/{rel}","templated":true}]}}