{"id":743462,"date":"2025-03-03T18:31:16","date_gmt":"2025-03-03T17:31:16","guid":{"rendered":"https:\/\/stoic-curie.212-227-153-4.plesk.page\/producto\/tessilmare-radial-30-crni-12mt\/"},"modified":"2026-02-25T00:01:08","modified_gmt":"2026-02-25T00:01:08","slug":"tessilmare-radial-30-crni-12mt","status":"publish","type":"product","link":"https:\/\/stoic-curie.212-227-153-4.plesk.page\/hr\/product\/tessilmare-radial-30-crni-12mt\/","title":{"rendered":"Tessilmare Radial 30 Crni 12mt"},"content":{"rendered":"<p>Tessilmare Radial 30 Crni 12mt &#8211; <\/p>\n<p style=\"color: rgb(34, 34, 34); font-family: Arial, Helvetica, sans-serif; font-size: small;\">Ovaj patentirani sustav odbojnika sastoji se od dvije glavne komponente:<\/p>\n<ol style=\"color: rgb(34, 34, 34); font-family: Arial, Helvetica, sans-serif; font-size: small;\">\n<li>Izdr\u017eljiva \u0161ipka koja se mo\u017ee sigurno pri\u010dvrstiti za plovilo pomo\u0107u vijaka ili zakovica, \u010dime se eliminira potreba za specijaliziranim alatom.<\/li>\n<li>Fleksibilni gumeni profil koji se povezuje s bazom. Ovaj neprekidni umetak dostupan je u prilago\u0111eno izrezanim rolama kako bi se smanjio otpad. Radijalne PVC gume mogu se savijati u bilo kojem smjeru bez potrebe za zagrijavanjem, \u0161to dovodi do 70% smanjenja vremena sastavljanja, u\u0161tede tro\u0161kova, jednostavnosti popravka i br\u017eeg preoblikovanja.<\/li>\n<\/ol>\n<p style=\"color: rgb(34, 34, 34); font-family: Arial, Helvetica, sans-serif; font-size: small;\">Radijalni profil odbojnika za \u010damce poznat je po jednostavnom postupku instalacije, koji ne zahtijeva nikakve specijalizirane alate. Njegova prilagodljiva PVC prevleka omogu\u0107ava lako postavljanje, \u010dak i na ni\u017eim temperaturama, \u010dime se eliminira potreba za zagrijavanjem. Nakon instalacije, segmenti staze su diskretno skriveni ispod prevleke, pru\u017eaju\u0107i ugla\u0111en i sofisticiran izgled.<\/p>\n<p style=\"color: rgb(34, 34, 34); font-family: Arial, Helvetica, sans-serif; font-size: small;\">Set uklju\u010duje sve potrebne komponente: neprekidnu rolu meke gume odbojnika, potrebni broj polukrutih vinilnih sekcija za pri\u010dvr\u0161\u0107ivanje, dva vinilna zavr\u0161na poklopca i jedan vinilni poklopac zgloba. Instalacija ovog profila odbojnika je jednostavna. Samo je potrebno pri\u010dvrstiti duralene \u0161ipku pomo\u0107u vijaka ili Sika ljepila, a zatim kliziti profil odbojnika na \u0161ipku.<\/p>\n<p style=\"color: rgb(34, 34, 34); font-family: Arial, Helvetica, sans-serif; font-size: small;\">Ovaj profil odbojnika ne samo da pobolj\u0161ava vizualnu privla\u010dnost va\u0161eg plovila, ve\u0107 i pobolj\u0161ava njegovu funkcionalnost. Patenti Tessilmarea u\u010dinkovito kombiniraju otpornost na visoke udarce s stilom i pristupa\u010dno\u0161\u0107u, moderniziraju\u0107i tradicionalni izgled odbojnika. Radijalni profili odbojnika pru\u017eaju kohezivno i estetski ugodno rje\u0161enje, bez vidljivih spojeva ili o\u0161trih rubova, pru\u017eaju\u0107i \u010di\u0161\u0107i i privla\u010dniji zavr\u0161etak u usporedbi s standardnim vi\u0161edijelnim odbojnicima.<\/p>\n<p style=\"color: rgb(34, 34, 34); font-family: Arial, Helvetica, sans-serif; font-size: small;\">Posebno dizajniran za sektor nautike, Tessilmare Radijal mo\u017ee se sastaviti za samo nekoliko minuta. Postupak instalacije je jednostavan: pri\u010dvrstite segmente staze na trup \u010damca i osigurajte vanjsku prevlaku preko staze. Prevleka se jednostavno odvija iz velike role, a uklju\u010deni zavr\u0161ni kapci dovr\u0161avaju instalaciju.<\/p>\n","protected":false},"excerpt":{"rendered":"<p>Tessilmare Radial 30 Crni 12mt &#8211; Ovaj patentirani sustav odbojnika sastoji se od dvije glavne komponente: Izdr\u017eljiva \u0161ipka koja se<\/p>\n","protected":false},"featured_media":5945154,"comment_status":"open","ping_status":"closed","template":"","meta":[],"product_brand":[3481],"product_cat":[1852],"product_tag":[],"class_list":{"0":"post-743462","1":"product","2":"type-product","3":"status-publish","4":"has-post-thumbnail","6":"product_brand-tessilmare-hr","7":"product_cat-profili-za-bokobrane","9":"first","10":"instock","11":"shipping-taxable","12":"purchasable","13":"product-type-simple"},"_links":{"self":[{"href":"https:\/\/stoic-curie.212-227-153-4.plesk.page\/hr\/wp-json\/wp\/v2\/product\/743462","targetHints":{"allow":["GET"]}}],"collection":[{"href":"https:\/\/stoic-curie.212-227-153-4.plesk.page\/hr\/wp-json\/wp\/v2\/product"}],"about":[{"href":"https:\/\/stoic-curie.212-227-153-4.plesk.page\/hr\/wp-json\/wp\/v2\/types\/product"}],"replies":[{"embeddable":true,"href":"https:\/\/stoic-curie.212-227-153-4.plesk.page\/hr\/wp-json\/wp\/v2\/comments?post=743462"}],"version-history":[{"count":0,"href":"https:\/\/stoic-curie.212-227-153-4.plesk.page\/hr\/wp-json\/wp\/v2\/product\/743462\/revisions"}],"wp:featuredmedia":[{"embeddable":true,"href":"https:\/\/stoic-curie.212-227-153-4.plesk.page\/hr\/wp-json\/wp\/v2\/media\/5945154"}],"wp:attachment":[{"href":"https:\/\/stoic-curie.212-227-153-4.plesk.page\/hr\/wp-json\/wp\/v2\/media?parent=743462"}],"wp:term":[{"taxonomy":"product_brand","embeddable":true,"href":"https:\/\/stoic-curie.212-227-153-4.plesk.page\/hr\/wp-json\/wp\/v2\/product_brand?post=743462"},{"taxonomy":"product_cat","embeddable":true,"href":"https:\/\/stoic-curie.212-227-153-4.plesk.page\/hr\/wp-json\/wp\/v2\/product_cat?post=743462"},{"taxonomy":"product_tag","embeddable":true,"href":"https:\/\/stoic-curie.212-227-153-4.plesk.page\/hr\/wp-json\/wp\/v2\/product_tag?post=743462"}],"curies":[{"name":"wp","href":"https:\/\/api.w.org\/{rel}","templated":true}]}}