{"id":743463,"date":"2025-03-03T18:31:16","date_gmt":"2025-03-03T17:31:16","guid":{"rendered":"https:\/\/stoic-curie.212-227-153-4.plesk.page\/producto\/tessilmare-radial-30-crno-24mt\/"},"modified":"2026-02-25T00:01:08","modified_gmt":"2026-02-25T00:01:08","slug":"tessilmare-radial-30-crno-24mt","status":"publish","type":"product","link":"https:\/\/stoic-curie.212-227-153-4.plesk.page\/hr\/product\/tessilmare-radial-30-crno-24mt\/","title":{"rendered":"Tessilmare Radial 30 Crno 24mt"},"content":{"rendered":"<p>Tessilmare Radial 30 Crno 24mt &#8211; <\/p>\n<p style=\"color: rgb(34, 34, 34); font-family: Arial, Helvetica, sans-serif; font-size: small;\">Radijalna za\u0161tita rubova nudi zna\u010dajnu prednost zahvaljuju\u0107i svom jednostavnom postupku ugradnje, koji ne zahtijeva specijalizirane alate. Njen prilagodljiv PVC pokrov omogu\u0107ava lako postavljanje, \u010dak i pri ni\u017eim temperaturama, \u010dime se eliminira potreba za grijanjem. Nakon zavr\u0161etka instalacije, segmenti tra\u010dnica su diskretno skriveni ispod pokrova, \u0161to rezultira sofisticiranim i uglednim izgledom.<\/p>\n<p style=\"color: rgb(34, 34, 34); font-family: Arial, Helvetica, sans-serif; font-size: small;\">Kostur je potpuno opremljen svim potrebnim komponentama: kontinualnom rolom mekanog pokrova rubova, odgovaraju\u0107om koli\u010dinom polukrute vinilne monta\u017ene tra\u010dnice, dva vinilna zavr\u0161na pokrova i jedan pokrovni poklopac za spoj. Instalacija ovog profila za za\u0161titu rubova je jednostavna. Potrebno je samo osigurati duralene \u0161ipku pomo\u0107u vijaka ili Sika ljepila, a zatim navu\u0107i profil na \u0161ipku.<\/p>\n<p style=\"color: rgb(34, 34, 34); font-family: Arial, Helvetica, sans-serif; font-size: small;\">Ovaj profil za za\u0161titu rubova ne samo da pobolj\u0161ava vizualnu privla\u010dnost, ve\u0107 i funkcionalnost va\u0161eg plovila. Patendirani dizajni Tessilmare spajaju izdr\u017eljivost na visoke udarce s elegancijom i pristupa\u010dno\u0161\u0107u, time transformiraju\u0107i tradicionalnu estetiku rubova. Radijalni profili za za\u0161titu rubova nude besprijekornu i vizualno privla\u010dnu soluciju, li\u0161enu vidljivih spojeva ili o\u0161trih rubova, rezultiraju\u0107i \u010di\u0161\u0107im i atraktivnijim zavr\u0161etkom u usporedbi s konvencionalnim vi\u0161edijelnim rubovima.<\/p>\n<p style=\"color: rgb(34, 34, 34); font-family: Arial, Helvetica, sans-serif; font-size: small;\">Specijalno dizajniran za morsku industriju, Tessilmare Radijal mo\u017ee se sastaviti za nekoliko minuta. Postupak instalacije je jednostavan: pri\u010dvrstite segmente tra\u010dnice na trup \u010damca i osigurajte vanjski pokrov preko tra\u010dnice. Pokrov se prakti\u010dno odmotava iz velike role, a uklju\u010deni zavr\u0161ni pokrovi dovr\u0161avaju instalaciju.<\/p>\n<p style=\"color: rgb(34, 34, 34); font-family: Arial, Helvetica, sans-serif; font-size: small;\">Ovaj patentirani sustav za\u0161tite rubova sastoji se od dva osnovna dijela:<\/p>\n<ol style=\"color: rgb(34, 34, 34); font-family: Arial, Helvetica, sans-serif; font-size: small;\">\n<li>Robustna \u0161ipka koja se mo\u017ee sigurno pri\u010dvrstiti na \u010damac pomo\u0107u vijaka ili zakovica, bez potrebe za specijaliziranim alatima.<\/li>\n<li>Fleksibilni gumeni profil koji se povezuje s bazom. Ovaj be\u0161avni umetak dostupan je u prilago\u0111enim rolama kako bi se minimizirao otpad. Radijalne PVC za\u0161tite rubova mogu se savijati u bilo kojem smjeru bez primjene topline, \u0161to rezultira 70% smanjenjem vremena sastavljanja, ekonomi\u010dnosti, jednostavnosti popravka i brzog ponovnog postavljanja.<\/li>\n<\/ol>\n","protected":false},"excerpt":{"rendered":"<p>Tessilmare Radial 30 Crno 24mt &#8211; Radijalna za\u0161tita rubova nudi zna\u010dajnu prednost zahvaljuju\u0107i svom jednostavnom postupku ugradnje, koji ne zahtijeva<\/p>\n","protected":false},"featured_media":5945154,"comment_status":"open","ping_status":"closed","template":"","meta":[],"product_brand":[3481],"product_cat":[1852],"product_tag":[],"class_list":{"0":"post-743463","1":"product","2":"type-product","3":"status-publish","4":"has-post-thumbnail","6":"product_brand-tessilmare-hr","7":"product_cat-profili-za-bokobrane","9":"first","10":"instock","11":"shipping-taxable","12":"purchasable","13":"product-type-simple"},"_links":{"self":[{"href":"https:\/\/stoic-curie.212-227-153-4.plesk.page\/hr\/wp-json\/wp\/v2\/product\/743463","targetHints":{"allow":["GET"]}}],"collection":[{"href":"https:\/\/stoic-curie.212-227-153-4.plesk.page\/hr\/wp-json\/wp\/v2\/product"}],"about":[{"href":"https:\/\/stoic-curie.212-227-153-4.plesk.page\/hr\/wp-json\/wp\/v2\/types\/product"}],"replies":[{"embeddable":true,"href":"https:\/\/stoic-curie.212-227-153-4.plesk.page\/hr\/wp-json\/wp\/v2\/comments?post=743463"}],"version-history":[{"count":0,"href":"https:\/\/stoic-curie.212-227-153-4.plesk.page\/hr\/wp-json\/wp\/v2\/product\/743463\/revisions"}],"wp:featuredmedia":[{"embeddable":true,"href":"https:\/\/stoic-curie.212-227-153-4.plesk.page\/hr\/wp-json\/wp\/v2\/media\/5945154"}],"wp:attachment":[{"href":"https:\/\/stoic-curie.212-227-153-4.plesk.page\/hr\/wp-json\/wp\/v2\/media?parent=743463"}],"wp:term":[{"taxonomy":"product_brand","embeddable":true,"href":"https:\/\/stoic-curie.212-227-153-4.plesk.page\/hr\/wp-json\/wp\/v2\/product_brand?post=743463"},{"taxonomy":"product_cat","embeddable":true,"href":"https:\/\/stoic-curie.212-227-153-4.plesk.page\/hr\/wp-json\/wp\/v2\/product_cat?post=743463"},{"taxonomy":"product_tag","embeddable":true,"href":"https:\/\/stoic-curie.212-227-153-4.plesk.page\/hr\/wp-json\/wp\/v2\/product_tag?post=743463"}],"curies":[{"name":"wp","href":"https:\/\/api.w.org\/{rel}","templated":true}]}}