{"id":743464,"date":"2025-03-03T18:31:17","date_gmt":"2025-03-03T17:31:17","guid":{"rendered":"https:\/\/stoic-curie.212-227-153-4.plesk.page\/producto\/tessilmare-radial-30-bijeli-12mt\/"},"modified":"2026-02-25T00:01:08","modified_gmt":"2026-02-25T00:01:08","slug":"tessilmare-radial-30-bijeli-12mt","status":"publish","type":"product","link":"https:\/\/stoic-curie.212-227-153-4.plesk.page\/hr\/product\/tessilmare-radial-30-bijeli-12mt\/","title":{"rendered":"Tessilmare Radial 30 Bijeli 12mt"},"content":{"rendered":"<p>Tessilmare Radial 30 Bijeli 12mt &#8211; <\/p>\n<p style=\"color: rgb(34, 34, 34); font-family: Arial, Helvetica, sans-serif; font-size: small;\">Ovaj patentirani sustav za fendere sastoji se od dva glavna elementa:<\/p>\n<ol style=\"color: rgb(34, 34, 34); font-family: Arial, Helvetica, sans-serif; font-size: small;\">\n<li>Robustna \u0161ipka koja se mo\u017ee \u010dvrsto pri\u010dvrstiti za plovilo pomo\u0107u vijaka ili zakovica, \u010dime se eliminira potreba za specijaliziranim alatima.<\/li>\n<li>Fleksibilan gumenasti profil koji se povezuje s podno\u017ejem. Ovaj be\u0161avni umetak dolazi u prilago\u0111enim rolnama kako bi se minimalizirali otpad. Radijalne PVC za\u0161titne trake mogu se savijati u bilo kojem smjeru bez potrebe za zagrijavanjem, \u0161to rezultira smanjenjem vremena sklapanja za 70%, u\u0161tedi tro\u0161kova, olak\u0161ava popravke i br\u017ee preure\u0111ivanje.<\/li>\n<\/ol>\n<p style=\"color: rgb(34, 34, 34); font-family: Arial, Helvetica, sans-serif; font-size: small;\">Radijalni za\u0161titni profil za \u010damce poznat je po jednostavnom postupku instalacije, koji ne zahtijeva nikakve specijalizirane alate. Njegov svestrani PVC pokrov omogu\u0107ava jednostavno postavljanje, \u010dak i u hladnijem vremenu, \u010dime se izbjegava potreba za zagrijavanjem. Nakon instalacije, segmenti staze su diskretno skriveni ispod pokrova, pru\u017eaju\u0107i ugla\u0111eni i sofisticirani izgled.<\/p>\n<p style=\"color: rgb(34, 34, 34); font-family: Arial, Helvetica, sans-serif; font-size: small;\">Set dolazi sa svim bitnim komponentama: kontinuiranom rolom mekog pokrova za za\u0161titu, potrebnim brojem polukrutih sekcija monta\u017ene staze od vinila, dva vinilna zavr\u0161na kapa, i jednom vinilnom kapom za spoj. Instalacija ovog fenderskog profila je jednostavna. Potrebno je samo u\u010dvrstiti duralene \u0161ipku pomo\u0107u vijaka ili Sika ljepila, a zatim kliziti fenderski profil na \u0161ipku.<\/p>\n<p style=\"color: rgb(34, 34, 34); font-family: Arial, Helvetica, sans-serif; font-size: small;\">Ovaj fenderski profil ne samo da pobolj\u0161ava estetski izgled va\u0161eg plovila, ve\u0107 tako\u0111er pove\u0107ava njegovu funkcionalnost. Patentirani dizajn kompanije Tessilmare u\u010dinkovito spaja visokou\u010dinkovitu izdr\u017eljivost sa stilom i pristupa\u010dno\u0161\u0107u, moderniziraju\u0107i tradicionalni izgled za\u0161titnih traka. Radijalni fenderski profili nude kohezivno i vizualno ugodno rje\u0161enje, bez vidljivih spojeva ili o\u0161trih rubova, \u0161to rezultira \u010di\u0161\u0107im i privla\u010dnijim zavr\u0161etkom u usporedbi sa standardnim vi\u0161edijelnim za\u0161titnim trakama.<\/p>\n<p style=\"color: rgb(34, 34, 34); font-family: Arial, Helvetica, sans-serif; font-size: small;\">Specijalno prilago\u0111en za sektor plovidbe, Tessilmare Radijal mo\u017ee se sastaviti za samo nekoliko minuta. Proces instalacije je jednostavan: pri\u010dvrstite segmente staze na trup \u010damca i osigurajte vanjski pokrov preko staze. Pokrov se prakti\u010dno odvija iz velike role, a uklju\u010dene zavr\u0161ne kape dovr\u0161avaju instalaciju.<\/p>\n","protected":false},"excerpt":{"rendered":"<p>Tessilmare Radial 30 Bijeli 12mt &#8211; Ovaj patentirani sustav za fendere sastoji se od dva glavna elementa: Robustna \u0161ipka koja<\/p>\n","protected":false},"featured_media":5945169,"comment_status":"open","ping_status":"closed","template":"","meta":[],"product_brand":[3481],"product_cat":[1852],"product_tag":[],"class_list":{"0":"post-743464","1":"product","2":"type-product","3":"status-publish","4":"has-post-thumbnail","6":"product_brand-tessilmare-hr","7":"product_cat-profili-za-bokobrane","9":"first","10":"instock","11":"shipping-taxable","12":"purchasable","13":"product-type-simple"},"_links":{"self":[{"href":"https:\/\/stoic-curie.212-227-153-4.plesk.page\/hr\/wp-json\/wp\/v2\/product\/743464","targetHints":{"allow":["GET"]}}],"collection":[{"href":"https:\/\/stoic-curie.212-227-153-4.plesk.page\/hr\/wp-json\/wp\/v2\/product"}],"about":[{"href":"https:\/\/stoic-curie.212-227-153-4.plesk.page\/hr\/wp-json\/wp\/v2\/types\/product"}],"replies":[{"embeddable":true,"href":"https:\/\/stoic-curie.212-227-153-4.plesk.page\/hr\/wp-json\/wp\/v2\/comments?post=743464"}],"version-history":[{"count":0,"href":"https:\/\/stoic-curie.212-227-153-4.plesk.page\/hr\/wp-json\/wp\/v2\/product\/743464\/revisions"}],"wp:featuredmedia":[{"embeddable":true,"href":"https:\/\/stoic-curie.212-227-153-4.plesk.page\/hr\/wp-json\/wp\/v2\/media\/5945169"}],"wp:attachment":[{"href":"https:\/\/stoic-curie.212-227-153-4.plesk.page\/hr\/wp-json\/wp\/v2\/media?parent=743464"}],"wp:term":[{"taxonomy":"product_brand","embeddable":true,"href":"https:\/\/stoic-curie.212-227-153-4.plesk.page\/hr\/wp-json\/wp\/v2\/product_brand?post=743464"},{"taxonomy":"product_cat","embeddable":true,"href":"https:\/\/stoic-curie.212-227-153-4.plesk.page\/hr\/wp-json\/wp\/v2\/product_cat?post=743464"},{"taxonomy":"product_tag","embeddable":true,"href":"https:\/\/stoic-curie.212-227-153-4.plesk.page\/hr\/wp-json\/wp\/v2\/product_tag?post=743464"}],"curies":[{"name":"wp","href":"https:\/\/api.w.org\/{rel}","templated":true}]}}