{"id":743465,"date":"2025-03-03T18:31:18","date_gmt":"2025-03-03T17:31:18","guid":{"rendered":"https:\/\/stoic-curie.212-227-153-4.plesk.page\/producto\/tessilmare-radial-30-bijeli-24mt\/"},"modified":"2026-02-25T00:01:08","modified_gmt":"2026-02-25T00:01:08","slug":"tessilmare-radial-30-bijeli-24mt","status":"publish","type":"product","link":"https:\/\/stoic-curie.212-227-153-4.plesk.page\/hr\/product\/tessilmare-radial-30-bijeli-24mt\/","title":{"rendered":"Tessilmare Radial 30 Bijeli 24mt"},"content":{"rendered":"<p>Tessilmare Radial 30 Bijeli 24mt &#8211; <\/p>\n<p style=\"color: rgb(34, 34, 34); font-family: Arial, Helvetica, sans-serif; font-size: small;\">Radijalna za\u0161titna ograda nudi zna\u010dajnu prednost zahvaljuju\u0107i jednostavnom procesu instalacije koji ne zahtijeva specijalizirane alate. Njezini svestrani PVC pokrovi omogu\u0107uju jednostavno postavljanje, \u010dak i pri ni\u017eim temperaturama, eliminiraju\u0107i potrebu za zagrijavanjem. Nakon zavr\u0161etka instalacije, segmenti staze su uredno skriveni ispod pokrova, \u0161to osigurava profinjen i elegantan izgled.<\/p>\n<p style=\"color: rgb(34, 34, 34); font-family: Arial, Helvetica, sans-serif; font-size: small;\">Ovaj komplet dolazi potpuno opremljen svim osnovnim komponentama: kontinuiranim rolom mekog pokrova, potrebnom koli\u010dinom polukrutih PVC dijelova za monta\u017eu, dva PVC zavr\u0161na pokrova i jedan PVC pokrovni spoj. Instalacija ovog za\u0161titnog profila je jednostavna. Samo trebate osigurati duralene \u0161ipke pomo\u0107u vijaka ili Sika ljepila, a zatim kliziti za\u0161titni profil na \u0161ipku.<\/p>\n<p style=\"color: rgb(34, 34, 34); font-family: Arial, Helvetica, sans-serif; font-size: small;\">Ovaj za\u0161titni profil ne samo da pobolj\u0161ava estetsku privla\u010dnost, ve\u0107 i unapre\u0111uje funkcionalnost va\u0161eg plovila. Patentirani dizajni kompanije Tessilmare kombiniraju visoku otpornost na udarce s stilom i pristupa\u010dno\u0161\u0107u, u\u010dinkovito moderniziraju\u0107i tradicionalni izgled za\u0161titnih ograda. Radijalni za\u0161titni profili pru\u017eaju besprijekornu i vizualno privla\u010dnu soluciju, bez vidljivih spojeva ili o\u0161trih rubova, rezultiraju\u0107i \u010di\u0161\u0107im i atraktivnijim zavr\u0161etkom u usporedbi sa standardnim vi\u0161edijelnim za\u0161titnim ogradama.<\/p>\n<p style=\"color: rgb(34, 34, 34); font-family: Arial, Helvetica, sans-serif; font-size: small;\">Specijalno dizajnirana za pomorski sektor, Tessilmare Radijalna mo\u017ee se sastaviti za samo nekoliko minuta. Instalacija je jednostavna: pri\u010dvrstite segmente staze na trup \u010damca i osigurajte vanjski pokrov preko staze. Pokrov se s lako\u0107om odmotava iz velike coil-a, a uklju\u010deni zavr\u0161ni pokrovi zaokru\u017euju instalaciju.<\/p>\n<p style=\"color: rgb(34, 34, 34); font-family: Arial, Helvetica, sans-serif; font-size: small;\">Ovaj patentirani sustav za\u0161tite sastoji se od dvije klju\u010dne komponente:<\/p>\n<ol style=\"color: rgb(34, 34, 34); font-family: Arial, Helvetica, sans-serif; font-size: small;\">\n<li>\u010cvrsta \u0161ipka koja se mo\u017ee \u010dvrsto pri\u010dvrstiti za \u010damac pomo\u0107u vijaka ili zakovica, bez potrebe za specijaliziranim alatima.<\/li>\n<li>Fleksibilni gumeni profil koji se povezuje s bazom. Ovaj besprijekorni umetak dostupan je u prilago\u0111enim rolama kako bi se smanjio otpad. Radijalne PVC za\u0161titne ograde mogu se savijati u svim smjerovima bez primjene topline, \u0161to dovodi do smanjenja vremena sastavljanja za 70%, u\u0161tede tro\u0161kova, jednostavne popravke i brze ponovne monta\u017ee.<\/li>\n<\/ol>\n","protected":false},"excerpt":{"rendered":"<p>Tessilmare Radial 30 Bijeli 24mt &#8211; Radijalna za\u0161titna ograda nudi zna\u010dajnu prednost zahvaljuju\u0107i jednostavnom procesu instalacije koji ne zahtijeva specijalizirane<\/p>\n","protected":false},"featured_media":5945169,"comment_status":"open","ping_status":"closed","template":"","meta":[],"product_brand":[3481],"product_cat":[1852],"product_tag":[],"class_list":{"0":"post-743465","1":"product","2":"type-product","3":"status-publish","4":"has-post-thumbnail","6":"product_brand-tessilmare-hr","7":"product_cat-profili-za-bokobrane","9":"first","10":"instock","11":"shipping-taxable","12":"purchasable","13":"product-type-simple"},"_links":{"self":[{"href":"https:\/\/stoic-curie.212-227-153-4.plesk.page\/hr\/wp-json\/wp\/v2\/product\/743465","targetHints":{"allow":["GET"]}}],"collection":[{"href":"https:\/\/stoic-curie.212-227-153-4.plesk.page\/hr\/wp-json\/wp\/v2\/product"}],"about":[{"href":"https:\/\/stoic-curie.212-227-153-4.plesk.page\/hr\/wp-json\/wp\/v2\/types\/product"}],"replies":[{"embeddable":true,"href":"https:\/\/stoic-curie.212-227-153-4.plesk.page\/hr\/wp-json\/wp\/v2\/comments?post=743465"}],"version-history":[{"count":0,"href":"https:\/\/stoic-curie.212-227-153-4.plesk.page\/hr\/wp-json\/wp\/v2\/product\/743465\/revisions"}],"wp:featuredmedia":[{"embeddable":true,"href":"https:\/\/stoic-curie.212-227-153-4.plesk.page\/hr\/wp-json\/wp\/v2\/media\/5945169"}],"wp:attachment":[{"href":"https:\/\/stoic-curie.212-227-153-4.plesk.page\/hr\/wp-json\/wp\/v2\/media?parent=743465"}],"wp:term":[{"taxonomy":"product_brand","embeddable":true,"href":"https:\/\/stoic-curie.212-227-153-4.plesk.page\/hr\/wp-json\/wp\/v2\/product_brand?post=743465"},{"taxonomy":"product_cat","embeddable":true,"href":"https:\/\/stoic-curie.212-227-153-4.plesk.page\/hr\/wp-json\/wp\/v2\/product_cat?post=743465"},{"taxonomy":"product_tag","embeddable":true,"href":"https:\/\/stoic-curie.212-227-153-4.plesk.page\/hr\/wp-json\/wp\/v2\/product_tag?post=743465"}],"curies":[{"name":"wp","href":"https:\/\/api.w.org\/{rel}","templated":true}]}}