{"id":743466,"date":"2025-03-03T18:31:19","date_gmt":"2025-03-03T17:31:19","guid":{"rendered":"https:\/\/stoic-curie.212-227-153-4.plesk.page\/producto\/tessilmare-radial-30-sivi-12mt\/"},"modified":"2026-02-25T00:01:08","modified_gmt":"2026-02-25T00:01:08","slug":"tessilmare-radial-30-sivi-12mt","status":"publish","type":"product","link":"https:\/\/stoic-curie.212-227-153-4.plesk.page\/hr\/product\/tessilmare-radial-30-sivi-12mt\/","title":{"rendered":"Tessilmare Radial 30 Sivi 12mt"},"content":{"rendered":"<p>Tessilmare Radial 30 Sivi 12mt &#8211; <\/p>\n<p style=\"color: rgb(34, 34, 34); font-family: Arial, Helvetica, sans-serif; font-size: small;\">Ovaj patentirani sustav za\u0161tite jedrilica sastoji se od dva glavna dijela:<\/p>\n<ol style=\"color: rgb(34, 34, 34); font-family: Arial, Helvetica, sans-serif; font-size: small;\">\n<li>\u010cvrsta \u0161ipka koja se mo\u017ee \u010dvrsto u\u010dvrstiti na plovilu pomo\u0107u vijaka ili zakovica, \u010dime se eliminira potreba za specijalnim alatima.<\/li>\n<li>Fleksibilni gumeni profil koji se pri\u010dvr\u0161\u0107uje na bazu. Ovaj bez\u0161avni umetak dostupan je u rolnama po mjeri kako bi se smanjio otpad. Radijalni PVC rubni tra\u010dnice mogu se savijati u bilo kojem smjeru bez potrebe za grijanjem, \u0161to dovodi do 70% smanjenja vremena sklapanja, u\u0161tede tro\u0161kova, jednostavnosti popravka i br\u017ee obnove.<\/li>\n<\/ol>\n<p style=\"color: rgb(34, 34, 34); font-family: Arial, Helvetica, sans-serif; font-size: small;\">Radijalni profil za za\u0161titu brodova poznat je po svom jednostavnom postupku instalacije, koji ne zahtijeva nikakve specijalne alate. Njegov prilagodljiv PVC pokrov omogu\u0107uje jednostavnu ugradnju, \u010dak i na hladnijim temperaturama, \u010dime se eliminira potreba za grijanjem. Nakon ugradnje, segmenti tra\u010dnica diskretno su skriveni ispod pokrova, pru\u017eaju\u0107i profinjen izgled.<\/p>\n<p style=\"color: rgb(34, 34, 34); font-family: Arial, Helvetica, sans-serif; font-size: small;\">Set uklju\u010duje sve potrebne komponente: kontinuiranu rolu mekog rubnog pokrova, potreban broj polukruti vinyl montiraju\u0107ih dijelova tra\u010dnica, dvije vinyl kapice i jednu vinyl kapicu za spoj. Ugradnja ovog profila za\u0161tite je jednostavna. Jednostavno u\u010dvrstite duralen \u0161ipku pomo\u0107u vijaka ili Sika ljepila, a zatim klizite profil za\u0161tite na \u0161ipku.<\/p>\n<p style=\"color: rgb(34, 34, 34); font-family: Arial, Helvetica, sans-serif; font-size: small;\">Ovaj profil za\u0161tite ne samo da pobolj\u0161ava vizualnu privla\u010dnost va\u0161eg plovila, ve\u0107 tako\u0111er unapre\u0111uje njegovu funkcionalnost. Patentirani dizajni tvrtke Tessilmare u\u010dinkovito kombiniraju izdr\u017eljivost visoke otpornosti s stilom i pristupa\u010dno\u0161\u0107u, moderniziraju\u0107i tradicionalni izgled rubnih tra\u010dnica. Radijalni profili za\u0161tite pru\u017eaju koherentno i estetski ugodno rje\u0161enje, bez vidljivih spojeva ili o\u0161trih rubova, rezultiraju\u0107i \u010di\u0161\u0107im i atraktivnijim zavr\u0161etkom u usporedbi s standardnim vi\u0161edijelnim rubnim tra\u010dnicama.<\/p>\n<p style=\"color: rgb(34, 34, 34); font-family: Arial, Helvetica, sans-serif; font-size: small;\">Posebno dizajniran za pomorsku industriju, Tessilmare Radijal mo\u017ee se sastaviti u samo nekoliko minuta. Postupak instalacije je jednostavan: pri\u010dvrstite segmente tra\u010dnica na trup broda i osigurajte vanjski pokrov preko tra\u010dnice. Pokrov se zgodno odmotava iz velike rolnice, a uklju\u010dene kapice dovr\u0161avaju instalaciju.<\/p>\n","protected":false},"excerpt":{"rendered":"<p>Tessilmare Radial 30 Sivi 12mt &#8211; Ovaj patentirani sustav za\u0161tite jedrilica sastoji se od dva glavna dijela: \u010cvrsta \u0161ipka koja<\/p>\n","protected":false},"featured_media":5945170,"comment_status":"open","ping_status":"closed","template":"","meta":[],"product_brand":[3481],"product_cat":[1852],"product_tag":[],"class_list":{"0":"post-743466","1":"product","2":"type-product","3":"status-publish","4":"has-post-thumbnail","6":"product_brand-tessilmare-hr","7":"product_cat-profili-za-bokobrane","9":"first","10":"instock","11":"shipping-taxable","12":"purchasable","13":"product-type-simple"},"_links":{"self":[{"href":"https:\/\/stoic-curie.212-227-153-4.plesk.page\/hr\/wp-json\/wp\/v2\/product\/743466","targetHints":{"allow":["GET"]}}],"collection":[{"href":"https:\/\/stoic-curie.212-227-153-4.plesk.page\/hr\/wp-json\/wp\/v2\/product"}],"about":[{"href":"https:\/\/stoic-curie.212-227-153-4.plesk.page\/hr\/wp-json\/wp\/v2\/types\/product"}],"replies":[{"embeddable":true,"href":"https:\/\/stoic-curie.212-227-153-4.plesk.page\/hr\/wp-json\/wp\/v2\/comments?post=743466"}],"version-history":[{"count":0,"href":"https:\/\/stoic-curie.212-227-153-4.plesk.page\/hr\/wp-json\/wp\/v2\/product\/743466\/revisions"}],"wp:featuredmedia":[{"embeddable":true,"href":"https:\/\/stoic-curie.212-227-153-4.plesk.page\/hr\/wp-json\/wp\/v2\/media\/5945170"}],"wp:attachment":[{"href":"https:\/\/stoic-curie.212-227-153-4.plesk.page\/hr\/wp-json\/wp\/v2\/media?parent=743466"}],"wp:term":[{"taxonomy":"product_brand","embeddable":true,"href":"https:\/\/stoic-curie.212-227-153-4.plesk.page\/hr\/wp-json\/wp\/v2\/product_brand?post=743466"},{"taxonomy":"product_cat","embeddable":true,"href":"https:\/\/stoic-curie.212-227-153-4.plesk.page\/hr\/wp-json\/wp\/v2\/product_cat?post=743466"},{"taxonomy":"product_tag","embeddable":true,"href":"https:\/\/stoic-curie.212-227-153-4.plesk.page\/hr\/wp-json\/wp\/v2\/product_tag?post=743466"}],"curies":[{"name":"wp","href":"https:\/\/api.w.org\/{rel}","templated":true}]}}