{"id":743467,"date":"2025-03-03T18:31:19","date_gmt":"2025-03-03T17:31:19","guid":{"rendered":"https:\/\/stoic-curie.212-227-153-4.plesk.page\/producto\/tessilmare-radial-30-sivi-24mt\/"},"modified":"2026-02-25T00:01:08","modified_gmt":"2026-02-25T00:01:08","slug":"tessilmare-radial-30-sivi-24mt","status":"publish","type":"product","link":"https:\/\/stoic-curie.212-227-153-4.plesk.page\/hr\/product\/tessilmare-radial-30-sivi-24mt\/","title":{"rendered":"Tessilmare Radial 30 Sivi 24mt"},"content":{"rendered":"<p>Tessilmare Radial 30 Sivi 24mt &#8211; <\/p>\n<p style=\"color: rgb(34, 34, 34); font-family: Arial, Helvetica, sans-serif; font-size: small;\">Radijalna za\u0161tita ugra\u0111ena je s jasnom predno\u0161\u0107u zahvaljuju\u0107i jednostavnom procesu instalacije koji ne zahtijeva specijalizirane alate. Njegova prilagodljiva PVC obloga omogu\u0107ava lako postavljanje, \u010dak i pri ni\u017eim temperaturama, \u0161to eliminira potrebu za zagrijavanjem. Nakon instalacije, segmenti staze su diskretno skriveni ispod obloge, nude\u0107i poliran i sofisticiran izgled.<\/p>\n<p style=\"color: rgb(34, 34, 34); font-family: Arial, Helvetica, sans-serif; font-size: small;\">Kitska paket sadr\u017ei sve potrebne komponente: kontinualnu traku meke za\u0161tite, odgovaraju\u0107u koli\u010dinu polu-krutih dijelova staze za monta\u017eu, dva plasti\u010dna poklopca i jedan poklopac za spoj. Instalacija ovog profila odbojnik je jednostavna. Samo osigurajte duralene \u0161ipke pomo\u0107u vijaka ili Sika ljepila, a zatim jednostavno kliznite odbojni\u010dki profil na \u0161ipke.<\/p>\n<p style=\"color: rgb(34, 34, 34); font-family: Arial, Helvetica, sans-serif; font-size: small;\">Ovaj profil odbojnik ne samo da pobolj\u0161ava vizualnu privla\u010dnost, ve\u0107 tako\u0111er pobolj\u0161ava funkcionalnost va\u0161eg plovila. Patitirani dizajni marki Tessilmare kombiniraju izdr\u017eljivost otporne na udarce s stilom i pristupa\u010dno\u0161\u0107u, efektivno unapre\u0111uju\u0107i tradicionalni izgled odbojnih \u0161ina. Radijalni odbojni profili nude besprijekorno i estetski privla\u010dno rje\u0161enje, bez vidljivih spojeva ili o\u0161trih rubova, rezultiraju\u0107i \u010distijim i privla\u010dnijim zavr\u0161etkom u usporedbi sa standardnim vi\u0161edijelnim odbojnicima.<\/p>\n<p style=\"color: rgb(34, 34, 34); font-family: Arial, Helvetica, sans-serif; font-size: small;\">Specijalno dizajnirana za brodogradnju, Tessilmare Radijal mo\u017ee se sklopiti za samo nekoliko minuta. Proces instalacije je jednostavan: pri\u010dvrstite segmente staze na trup broda i osigurajte vanjsku oblogu preko staze. Obloga se prakti\u010dno odvija iz kolutne role, a uklju\u010deni poklopci zavr\u0161avaju instalaciju.<\/p>\n<p style=\"color: rgb(34, 34, 34); font-family: Arial, Helvetica, sans-serif; font-size: small;\">Ovaj patentirani sustav odbojnika sastoji se od dva glavna dijela:<\/p>\n<ol style=\"color: rgb(34, 34, 34); font-family: Arial, Helvetica, sans-serif; font-size: small;\">\n<li>\u010cvrsta \u0161ipka koja se mo\u017ee sigurno pri\u010dvrstiti za brod pomo\u0107u vijaka ili zakovica, bez potrebe za specijaliziranim alatima.<\/li>\n<li>Fleksibilni gumeni profil koji se povezuje s osnovom. Ova be\u0161avna umetka dostupna je u prilago\u0111enim reznim kolutima kako bi se smanjio otpad. Radijalni PVC odbojnici mogu se savijati u bilo kojem smjeru bez primjene topline, \u0161to rezultira 70% smanjenjem vremena sastavljanja, u\u0161tedom tro\u0161kova, jednostavno\u0161\u0107u popravka i brzim ponovno opremanjem.<\/li>\n<\/ol>\n","protected":false},"excerpt":{"rendered":"<p>Tessilmare Radial 30 Sivi 24mt &#8211; Radijalna za\u0161tita ugra\u0111ena je s jasnom predno\u0161\u0107u zahvaljuju\u0107i jednostavnom procesu instalacije koji ne zahtijeva<\/p>\n","protected":false},"featured_media":5945170,"comment_status":"open","ping_status":"closed","template":"","meta":[],"product_brand":[3481],"product_cat":[1852],"product_tag":[],"class_list":{"0":"post-743467","1":"product","2":"type-product","3":"status-publish","4":"has-post-thumbnail","6":"product_brand-tessilmare-hr","7":"product_cat-profili-za-bokobrane","9":"first","10":"instock","11":"shipping-taxable","12":"purchasable","13":"product-type-simple"},"_links":{"self":[{"href":"https:\/\/stoic-curie.212-227-153-4.plesk.page\/hr\/wp-json\/wp\/v2\/product\/743467","targetHints":{"allow":["GET"]}}],"collection":[{"href":"https:\/\/stoic-curie.212-227-153-4.plesk.page\/hr\/wp-json\/wp\/v2\/product"}],"about":[{"href":"https:\/\/stoic-curie.212-227-153-4.plesk.page\/hr\/wp-json\/wp\/v2\/types\/product"}],"replies":[{"embeddable":true,"href":"https:\/\/stoic-curie.212-227-153-4.plesk.page\/hr\/wp-json\/wp\/v2\/comments?post=743467"}],"version-history":[{"count":0,"href":"https:\/\/stoic-curie.212-227-153-4.plesk.page\/hr\/wp-json\/wp\/v2\/product\/743467\/revisions"}],"wp:featuredmedia":[{"embeddable":true,"href":"https:\/\/stoic-curie.212-227-153-4.plesk.page\/hr\/wp-json\/wp\/v2\/media\/5945170"}],"wp:attachment":[{"href":"https:\/\/stoic-curie.212-227-153-4.plesk.page\/hr\/wp-json\/wp\/v2\/media?parent=743467"}],"wp:term":[{"taxonomy":"product_brand","embeddable":true,"href":"https:\/\/stoic-curie.212-227-153-4.plesk.page\/hr\/wp-json\/wp\/v2\/product_brand?post=743467"},{"taxonomy":"product_cat","embeddable":true,"href":"https:\/\/stoic-curie.212-227-153-4.plesk.page\/hr\/wp-json\/wp\/v2\/product_cat?post=743467"},{"taxonomy":"product_tag","embeddable":true,"href":"https:\/\/stoic-curie.212-227-153-4.plesk.page\/hr\/wp-json\/wp\/v2\/product_tag?post=743467"}],"curies":[{"name":"wp","href":"https:\/\/api.w.org\/{rel}","templated":true}]}}