{"id":743468,"date":"2025-03-03T18:31:20","date_gmt":"2025-03-03T17:31:20","guid":{"rendered":"https:\/\/stoic-curie.212-227-153-4.plesk.page\/producto\/tessilmare-radial-40-crni-12mt\/"},"modified":"2026-02-25T00:01:08","modified_gmt":"2026-02-25T00:01:08","slug":"tessilmare-radial-40-crni-12mt","status":"publish","type":"product","link":"https:\/\/stoic-curie.212-227-153-4.plesk.page\/hr\/product\/tessilmare-radial-40-crni-12mt\/","title":{"rendered":"Tessilmare Radial 40 Crni 12mt"},"content":{"rendered":"<p>Tessilmare Radial 40 Crni 12mt &#8211; <\/p>\n<p style=\"color: rgb(34, 34, 34); font-family: Arial, Helvetica, sans-serif; font-size: small;\">Ovaj patentirani sustav za za\u0161titu od udaraca sastoji se od dva osnovna elementa:<\/p>\n<ol style=\"color: rgb(34, 34, 34); font-family: Arial, Helvetica, sans-serif; font-size: small;\">\n<li>Robustan stup koji se mo\u017ee \u010dvrsto pri\u010dvrstiti za brod pomo\u0107u vijaka ili zakovica, \u0161to uklanja potrebu za specijaliziranim alatima.<\/li>\n<li>Fleksibilni gumeni profil koji se povezuje s podlogom. Ovaj be\u0161avni umetak dostupan je u prilago\u0111enim rolnama kako bi se smanjio otpad. Radial PVC za\u0161tite od udaraca mogu se savijati u bilo kojem smjeru bez potrebe za zagrijavanjem, \u0161to dovodi do 70% smanjenja vremena monta\u017ee, u\u0161tede tro\u0161kova, lak\u0161e popravke i brze prilagodbe.<\/li>\n<\/ol>\n<p style=\"color: rgb(34, 34, 34); font-family: Arial, Helvetica, sans-serif; font-size: small;\">Radial Rub Rail izdvaja se zbog jednostavnog procesa instalacije koji ne zahtijeva specijalizirane alate. Njegova svestrana PVC navlaka omogu\u0107ava jednostavno postavljanje, \u010dak i u hladnijem vremenu, bez potrebe za zagrijavanjem. Kada je instaliran, segmenti tra\u010dnica diskretno se skrivaju ispod navlake, pru\u017eaju\u0107i rafiniran i elegantan izgled.<\/p>\n<p style=\"color: rgb(34, 34, 34); font-family: Arial, Helvetica, sans-serif; font-size: small;\">Set dolazi sa svim osnovnim komponentama: kontinuiranom rolom mekane za\u0161tite od udaraca, potrebnom koli\u010dinom polu-rigidnih vinilnih dijelova za monta\u017eu, dva vinilna zavr\u0161na poklopca i jedan vinilni poklopac za spoj. Instalacija ovog profila za za\u0161titu od udaraca je jednostavna. Samo pri\u010dvrstite duralene bar pomo\u0107u vijaka ili Sika ljepila, a zatim kliznite profil za\u0161tite od udaraca na bar.<\/p>\n<p style=\"color: rgb(34, 34, 34); font-family: Arial, Helvetica, sans-serif; font-size: small;\">Ovaj profil za\u0161tite od udaraca ne samo da pobolj\u0161ava estetski izgled ve\u0107 tako\u0111er pove\u0107ava funkcionalnost va\u0161eg plovila. Patentirani dizajni Tessilmare kombiniraju visoku otpornost na udarce sa stilom i pristupa\u010dno\u0161\u0107u, u\u010dinkovito moderniziraju\u0107i tradicionalni izgled za\u0161tita od udaraca. Radial profili za\u0161tite od udaraca pru\u017eaju be\u0161avno i vizualno privla\u010dno rje\u0161enje, bez vidljivih spojeva ili o\u0161trih rubova, \u0161to rezultira \u010di\u0161\u0107im i atraktivnijim zavr\u0161etkom u usporedbi s konvencionalnim vi\u0161edijelnim za\u0161titama od udaraca.<\/p>\n<p style=\"color: rgb(34, 34, 34); font-family: Arial, Helvetica, sans-serif; font-size: small;\">Prilago\u0111en posebno za Pomorski sektor, Tessilmare Radial mo\u017ee se sastaviti u samo nekoliko minuta. Proces instalacije je jednostavan: pri\u010dvrstite segmente tra\u010dnica na trup broda i osigurajte vanjsku navlaku preko tra\u010dnice. Navlaka se lako odmotava iz velike role, a uklju\u010deni zavr\u0161ni poklopci zavr\u0161avaju instalaciju.<\/p>\n","protected":false},"excerpt":{"rendered":"<p>Tessilmare Radial 40 Crni 12mt &#8211; Ovaj patentirani sustav za za\u0161titu od udaraca sastoji se od dva osnovna elementa: Robustan<\/p>\n","protected":false},"featured_media":5945154,"comment_status":"open","ping_status":"closed","template":"","meta":[],"product_brand":[3481],"product_cat":[1852],"product_tag":[],"class_list":{"0":"post-743468","1":"product","2":"type-product","3":"status-publish","4":"has-post-thumbnail","6":"product_brand-tessilmare-hr","7":"product_cat-profili-za-bokobrane","9":"first","10":"instock","11":"shipping-taxable","12":"purchasable","13":"product-type-simple"},"_links":{"self":[{"href":"https:\/\/stoic-curie.212-227-153-4.plesk.page\/hr\/wp-json\/wp\/v2\/product\/743468","targetHints":{"allow":["GET"]}}],"collection":[{"href":"https:\/\/stoic-curie.212-227-153-4.plesk.page\/hr\/wp-json\/wp\/v2\/product"}],"about":[{"href":"https:\/\/stoic-curie.212-227-153-4.plesk.page\/hr\/wp-json\/wp\/v2\/types\/product"}],"replies":[{"embeddable":true,"href":"https:\/\/stoic-curie.212-227-153-4.plesk.page\/hr\/wp-json\/wp\/v2\/comments?post=743468"}],"version-history":[{"count":0,"href":"https:\/\/stoic-curie.212-227-153-4.plesk.page\/hr\/wp-json\/wp\/v2\/product\/743468\/revisions"}],"wp:featuredmedia":[{"embeddable":true,"href":"https:\/\/stoic-curie.212-227-153-4.plesk.page\/hr\/wp-json\/wp\/v2\/media\/5945154"}],"wp:attachment":[{"href":"https:\/\/stoic-curie.212-227-153-4.plesk.page\/hr\/wp-json\/wp\/v2\/media?parent=743468"}],"wp:term":[{"taxonomy":"product_brand","embeddable":true,"href":"https:\/\/stoic-curie.212-227-153-4.plesk.page\/hr\/wp-json\/wp\/v2\/product_brand?post=743468"},{"taxonomy":"product_cat","embeddable":true,"href":"https:\/\/stoic-curie.212-227-153-4.plesk.page\/hr\/wp-json\/wp\/v2\/product_cat?post=743468"},{"taxonomy":"product_tag","embeddable":true,"href":"https:\/\/stoic-curie.212-227-153-4.plesk.page\/hr\/wp-json\/wp\/v2\/product_tag?post=743468"}],"curies":[{"name":"wp","href":"https:\/\/api.w.org\/{rel}","templated":true}]}}