{"id":743469,"date":"2025-03-03T18:31:20","date_gmt":"2025-03-03T17:31:20","guid":{"rendered":"https:\/\/stoic-curie.212-227-153-4.plesk.page\/producto\/tessilmare-radial-40-crna-24mt\/"},"modified":"2026-02-25T00:01:08","modified_gmt":"2026-02-25T00:01:08","slug":"tessilmare-radial-40-crna-24mt","status":"publish","type":"product","link":"https:\/\/stoic-curie.212-227-153-4.plesk.page\/hr\/product\/tessilmare-radial-40-crna-24mt\/","title":{"rendered":"Tessilmare Radial 40 Crna 24mt"},"content":{"rendered":"<p>Tessilmare Radial 40 Crna 24mt &#8211; <\/p>\n<p style=\"color: rgb(34, 34, 34); font-family: Arial, Helvetica, sans-serif; font-size: small;\">Za instalaciju, ovaj profil za odbojnik zahtijeva samo u\u010dvr\u0161\u0107ivanje duralene \u0161ipke vijcima ili Sika ljepilom, a zatim klizanje profila odbojnika preko \u0161ipke. Profil odbojnika \u010damca u\u010dinkovito spaja stil i prakti\u010dnost. Patenti koji pripadaju Tessilmare kombiniraju izdr\u017eljivost pri udarcu s sofisticirano\u0161\u0107u i tro\u0161kovnom u\u010dinkovitosti. Njihovi napredni dizajni revolucioniraju izgled konvencionalnih rubnih tra\u010dnica. Radijalni profili odbojnika nude besprijekorno i estetski ugodno rje\u0161enje, bez vidljivih spojeva ili o\u0161trih rubova, \u0161to dovodi do \u010di\u0161\u0107eg i vizualno privla\u010dnijeg zavr\u0161etka u usporedbi s tradicionalnim vi\u0161edijelnim rubnim tra\u010dnicama. Tessilmare Radijal je pa\u017eljivo dizajniran za pomorski sektor, omogu\u0107uju\u0107i sastavljanje u samo nekoliko minuta. Proces instalacije je vrlo jednostavan; uklju\u010duje pri\u010dvr\u0161\u0107ivanje segmenta tra\u010dnica na trup \u010damca i osiguranje vanjskog pokrova preko tra\u010dnice. Pokrov se mo\u017ee jednostavno odmotati iz velikog koluta, a uklju\u010dene zavr\u0161ne kapice zaokru\u017euju instalaciju.<\/p>\n<p style=\"color: rgb(34, 34, 34); font-family: Arial, Helvetica, sans-serif; font-size: small;\">Jedna od glavnih prednosti Radijalnog rubnog profila je njegova jednostavna instalacija, koja ne zahtijeva posebne alate. Njegov fleksibilni PVC pokrov omogu\u0107uje jednostavno postavljanje, \u010dak i u hladnijem vremenu, \u010dime se uklanja potreba za zagrijavanjem. Kada je instalacija zavr\u0161ena, segmenti tra\u010dnica potpuno su skriveni ispod pokrova, \u0161to rezultira elegantnim i rafiniranim izgledom. Paket dolazi sa svim potrebnim komponentama: kontinuiranim kolutom mekog pokrova odbojnika, potrebnim brojem polukrutih sekcija monta\u017enih tra\u010dnica od vinila, dvije zavr\u0161ne kapice od vinila i jednom kapicom za spoj.<\/p>\n<p style=\"color: rgb(34, 34, 34); font-family: Arial, Helvetica, sans-serif; font-size: small;\">Ovaj patentirani sustav odbojnika sastoji se od dva klju\u010dna elementa:<\/p>\n<ol style=\"color: rgb(34, 34, 34); font-family: Arial, Helvetica, sans-serif; font-size: small;\">\n<li>\u010cvrsta \u0161ipka koja se mo\u017ee sigurno pri\u010dvrstiti za \u010damac pomo\u0107u vijaka ili zakovica, bez potrebe za posebnim alatima.<\/li>\n<li>Fleksibilni gumeni profil koji se povezuje s osnovom. Ovaj be\u0161avni umetak dostupan je u prilago\u0111enim kolutima kako bi se smanjio otpad. Radijalne PVC rubne tra\u010dnice mogu se ru\u010dno savijati u bilo kojem smjeru bez potrebe za zagrijavanjem. Sastoje se 70% br\u017ee, povoljne su, lake za popravak i brze za ponovno postavljanje.<\/li>\n<\/ol>\n","protected":false},"excerpt":{"rendered":"<p>Tessilmare Radial 40 Crna 24mt &#8211; Za instalaciju, ovaj profil za odbojnik zahtijeva samo u\u010dvr\u0161\u0107ivanje duralene \u0161ipke vijcima ili Sika<\/p>\n","protected":false},"featured_media":5945154,"comment_status":"open","ping_status":"closed","template":"","meta":[],"product_brand":[3481],"product_cat":[1852],"product_tag":[],"class_list":{"0":"post-743469","1":"product","2":"type-product","3":"status-publish","4":"has-post-thumbnail","6":"product_brand-tessilmare-hr","7":"product_cat-profili-za-bokobrane","9":"first","10":"instock","11":"shipping-taxable","12":"purchasable","13":"product-type-simple"},"_links":{"self":[{"href":"https:\/\/stoic-curie.212-227-153-4.plesk.page\/hr\/wp-json\/wp\/v2\/product\/743469","targetHints":{"allow":["GET"]}}],"collection":[{"href":"https:\/\/stoic-curie.212-227-153-4.plesk.page\/hr\/wp-json\/wp\/v2\/product"}],"about":[{"href":"https:\/\/stoic-curie.212-227-153-4.plesk.page\/hr\/wp-json\/wp\/v2\/types\/product"}],"replies":[{"embeddable":true,"href":"https:\/\/stoic-curie.212-227-153-4.plesk.page\/hr\/wp-json\/wp\/v2\/comments?post=743469"}],"version-history":[{"count":0,"href":"https:\/\/stoic-curie.212-227-153-4.plesk.page\/hr\/wp-json\/wp\/v2\/product\/743469\/revisions"}],"wp:featuredmedia":[{"embeddable":true,"href":"https:\/\/stoic-curie.212-227-153-4.plesk.page\/hr\/wp-json\/wp\/v2\/media\/5945154"}],"wp:attachment":[{"href":"https:\/\/stoic-curie.212-227-153-4.plesk.page\/hr\/wp-json\/wp\/v2\/media?parent=743469"}],"wp:term":[{"taxonomy":"product_brand","embeddable":true,"href":"https:\/\/stoic-curie.212-227-153-4.plesk.page\/hr\/wp-json\/wp\/v2\/product_brand?post=743469"},{"taxonomy":"product_cat","embeddable":true,"href":"https:\/\/stoic-curie.212-227-153-4.plesk.page\/hr\/wp-json\/wp\/v2\/product_cat?post=743469"},{"taxonomy":"product_tag","embeddable":true,"href":"https:\/\/stoic-curie.212-227-153-4.plesk.page\/hr\/wp-json\/wp\/v2\/product_tag?post=743469"}],"curies":[{"name":"wp","href":"https:\/\/api.w.org\/{rel}","templated":true}]}}