{"id":743470,"date":"2025-03-03T18:31:20","date_gmt":"2025-03-03T17:31:20","guid":{"rendered":"https:\/\/stoic-curie.212-227-153-4.plesk.page\/producto\/tessilmare-radial-40-bijeli-12mt\/"},"modified":"2026-02-25T00:01:08","modified_gmt":"2026-02-25T00:01:08","slug":"tessilmare-radial-40-bijeli-12mt","status":"publish","type":"product","link":"https:\/\/stoic-curie.212-227-153-4.plesk.page\/hr\/product\/tessilmare-radial-40-bijeli-12mt\/","title":{"rendered":"Tessilmare Radial 40 Bijeli 12mt"},"content":{"rendered":"<p>Tessilmare Radial 40 Bijeli 12mt &#8211; <\/p>\n<p style=\"color: rgb(34, 34, 34); font-family: Arial, Helvetica, sans-serif; font-size: small;\">Ovaj patentirani sustav fenderinga sastoji se od dva glavna komponente:<\/p>\n<ol style=\"color: rgb(34, 34, 34); font-family: Arial, Helvetica, sans-serif; font-size: small;\">\n<li>\u010cvrsta \u0161ipka koja se mo\u017ee sigurno pri\u010dvrstiti za plovilo pomo\u0107u vijaka ili zakovica, \u010dime se eliminira potreba za specijaliziranim alatom.<\/li>\n<li>Fleksibilni gumeni profil koji se povezuje s podlogom. Ovaj be\u0161avni umetak dostupan je u prilago\u0111enim rolama kako bi se smanjio otpad. Radijalne PVC rubne \u0161ine mogu se savijati u svakom smjeru bez primjene topline, \u0161to rezultira 70% smanjenjem vremena monta\u017ee, u\u0161tedom tro\u0161kova, olak\u0161anjem popravka i ubrzanim preure\u0111ivanjem.<\/li>\n<\/ol>\n<p style=\"color: rgb(34, 34, 34); font-family: Arial, Helvetica, sans-serif; font-size: small;\">Radijalni rubni profil razlikuje se po jednostavnom procesu instalacije, koji ne zahtijeva nikakav specijalizirani alat. Njegov svestrani PVC pokrov omogu\u0107uje jednostavno postavljanje, \u010dak i na hladnijim temperaturama, \u010dime se izbjegava potreba za zagrijavanjem. Nakon instalacije, segmenti tra\u010dnica su diskretno skriveni ispod pokrova, daju\u0107i sofisticiran i elegantan izgled.<\/p>\n<p style=\"color: rgb(34, 34, 34); font-family: Arial, Helvetica, sans-serif; font-size: small;\">Kit uklju\u010duje sve bitne komponente: neprekidnu rolu mekog rubnog pokrova, potrebnu koli\u010dinu polukrutih PVC monta\u017enih dijelova, dva PVC zavr\u0161na poklopca i jedan poklopac spojne veze. Instalacija ovog fendering profila je jednostavna. Dovoljno je osigurati duralene \u0161ipku pomo\u0107u vijaka ili Sika ljepila, a zatim kliziti profil fenderinga na \u0161ipku.<\/p>\n<p style=\"color: rgb(34, 34, 34); font-family: Arial, Helvetica, sans-serif; font-size: small;\">Ovaj fendering profil ne samo da pobolj\u0161ava estetski izgled va\u0161eg plovila, ve\u0107 i pove\u0107ava njegovu funkcionalnost. Tessilmareovi patentirani dizajni besprijekorno integri\u0161u izdr\u017eljivost visoke otpornosti s stilom i pristupa\u010dno\u0161\u0107u, u\u010dinkovito moderniziraju\u0107i tradicionalni izgled rubnih \u0161ina. Radijalni fendering profili nude koherentno i vizualno privla\u010dno rje\u0161enje, bez vidljivih spojeva ili o\u0161trih rubova, rezultiraju\u0107i \u010di\u0161\u0107im i privla\u010dnijim zavr\u0161etkom u usporedbi s konvencionalnim vi\u0161edijelnim rubnim \u0161inama.<\/p>\n<p style=\"color: rgb(34, 34, 34); font-family: Arial, Helvetica, sans-serif; font-size: small;\">Specijalno dizajniran za pomorski sektor, Tessilmare Radial mo\u017ee se sastaviti za nekoliko minuta. Proces instalacije je jednostavan: pri\u010dvrstite segmente tra\u010dnica na trup broda i osigurajte vanjski pokrov preko tra\u010dnice. Pokrov se prakti\u010dno odmotava iz velike role, a uklju\u010deni zavr\u0161ni poklopci upotpunjuju instalaciju.<\/p>\n","protected":false},"excerpt":{"rendered":"<p>Tessilmare Radial 40 Bijeli 12mt &#8211; Ovaj patentirani sustav fenderinga sastoji se od dva glavna komponente: \u010cvrsta \u0161ipka koja se<\/p>\n","protected":false},"featured_media":5945169,"comment_status":"open","ping_status":"closed","template":"","meta":[],"product_brand":[3481],"product_cat":[1852],"product_tag":[],"class_list":{"0":"post-743470","1":"product","2":"type-product","3":"status-publish","4":"has-post-thumbnail","6":"product_brand-tessilmare-hr","7":"product_cat-profili-za-bokobrane","9":"first","10":"instock","11":"shipping-taxable","12":"purchasable","13":"product-type-simple"},"_links":{"self":[{"href":"https:\/\/stoic-curie.212-227-153-4.plesk.page\/hr\/wp-json\/wp\/v2\/product\/743470","targetHints":{"allow":["GET"]}}],"collection":[{"href":"https:\/\/stoic-curie.212-227-153-4.plesk.page\/hr\/wp-json\/wp\/v2\/product"}],"about":[{"href":"https:\/\/stoic-curie.212-227-153-4.plesk.page\/hr\/wp-json\/wp\/v2\/types\/product"}],"replies":[{"embeddable":true,"href":"https:\/\/stoic-curie.212-227-153-4.plesk.page\/hr\/wp-json\/wp\/v2\/comments?post=743470"}],"version-history":[{"count":0,"href":"https:\/\/stoic-curie.212-227-153-4.plesk.page\/hr\/wp-json\/wp\/v2\/product\/743470\/revisions"}],"wp:featuredmedia":[{"embeddable":true,"href":"https:\/\/stoic-curie.212-227-153-4.plesk.page\/hr\/wp-json\/wp\/v2\/media\/5945169"}],"wp:attachment":[{"href":"https:\/\/stoic-curie.212-227-153-4.plesk.page\/hr\/wp-json\/wp\/v2\/media?parent=743470"}],"wp:term":[{"taxonomy":"product_brand","embeddable":true,"href":"https:\/\/stoic-curie.212-227-153-4.plesk.page\/hr\/wp-json\/wp\/v2\/product_brand?post=743470"},{"taxonomy":"product_cat","embeddable":true,"href":"https:\/\/stoic-curie.212-227-153-4.plesk.page\/hr\/wp-json\/wp\/v2\/product_cat?post=743470"},{"taxonomy":"product_tag","embeddable":true,"href":"https:\/\/stoic-curie.212-227-153-4.plesk.page\/hr\/wp-json\/wp\/v2\/product_tag?post=743470"}],"curies":[{"name":"wp","href":"https:\/\/api.w.org\/{rel}","templated":true}]}}