{"id":743472,"date":"2025-03-03T18:31:21","date_gmt":"2025-03-03T17:31:21","guid":{"rendered":"https:\/\/stoic-curie.212-227-153-4.plesk.page\/producto\/tessilmare-radial-40-sivi-12mt\/"},"modified":"2026-02-25T00:01:08","modified_gmt":"2026-02-25T00:01:08","slug":"tessilmare-radial-40-sivi-12mt","status":"publish","type":"product","link":"https:\/\/stoic-curie.212-227-153-4.plesk.page\/hr\/product\/tessilmare-radial-40-sivi-12mt\/","title":{"rendered":"Tessilmare Radial 40 Sivi 12mt"},"content":{"rendered":"<p>Tessilmare Radial 40 Sivi 12mt &#8211; <\/p>\n<p style=\"color: rgb(34, 34, 34); font-family: Arial, Helvetica, sans-serif; font-size: small;\">Ovaj patentirani sustav za\u0161tite brodskih rubova sastoji se od dva glavna elementa:<\/p>\n<ol style=\"color: rgb(34, 34, 34); font-family: Arial, Helvetica, sans-serif; font-size: small;\">\n<li>Robusna \u0161ipka koja se mo\u017ee \u010dvrsto pri\u010dvrstiti na plovilo pomo\u0107u vijaka ili zakovica, \u0161to eliminira potrebu za specijaliziranim alatima.<\/li>\n<li>Fleksibilni gumeni profil koji se spaja s bazom. Ovaj neprekidni umetak dostupan je u prilago\u0111enim kolutima radi smanjenja otpada. Radijalne PVC za\u0161tite rubova mogu se savijati u bilo kojem smjeru bez potrebe za grijanjem, \u0161to dovodi do 70% smanjenja vremena sklapanja, u\u0161tede tro\u0161kova, lak\u0161eg popravka i br\u017eeg preure\u0111enja.<\/li>\n<\/ol>\n<p style=\"color: rgb(34, 34, 34); font-family: Arial, Helvetica, sans-serif; font-size: small;\">Radijalna za\u0161tita rubova izdvaja se zbog jednostavnog postupka ugradnje, koji ne zahtijeva nikakve specijalizirane alate. Njena prilagodljiva PVC obloga omogu\u0107ava jednostavno prilago\u0111avanje, \u010dak i u hladnijim vremenskim uvjetima, \u010dime se uklanja potreba za grijanjem. Kada je instalirana, segmenti staze su diskretno skriveni ispod obloge, daju\u0107i poliran i sofisticiran izgled.<\/p>\n<p style=\"color: rgb(34, 34, 34); font-family: Arial, Helvetica, sans-serif; font-size: small;\">Komplet dolazi sa svim potrebnim komponentama: neprekidnim kolutom mekih za\u0161tita rubova, odgovaraju\u0107im brojem polukrutih vinilnih sekcija za monta\u017enu stazu, dva vinilna zavr\u0161na poklopca i jedan vinilni poklopac spoja. Instalacija ovog za\u0161titnog profila je jednostavna. Potrebno je samo osigurati duralenske \u0161ipke pomo\u0107u vijaka ili Sika ljepila, a zatim navu\u0107i za\u0161titni profil na \u0161ipku.<\/p>\n<p style=\"color: rgb(34, 34, 34); font-family: Arial, Helvetica, sans-serif; font-size: small;\">Ovaj za\u0161titni profil ne samo da pobolj\u0161ava vizualnu privla\u010dnost va\u0161eg plovila, ve\u0107 i njegovu funkcionalnost. Patentirani dizajni Tessilmarea besprijekorno kombiniraju izdr\u017eljivost otporne na visoke udarce s stilom i pristupa\u010dno\u0161\u0107u, u\u010dinkovito a\u017euriraju\u0107i tradicionalni izgled za\u0161tita rubova. Radijalni za\u0161titni profili pru\u017eaju kohezivno i estetski ugodno rje\u0161enje, bez vidljivih spojeva ili o\u0161trih rubova, \u0161to rezultira \u010di\u0161\u0107em i privla\u010dnijim zavr\u0161etkom u usporedbi sa standardnim vi\u0161edijelnim za\u0161titama rubova.<\/p>\n<p style=\"color: rgb(34, 34, 34); font-family: Arial, Helvetica, sans-serif; font-size: small;\">Specijalno dizajnirana za pomorsku industriju, Tessilmare Radijalna mo\u017ee se sastaviti u samo nekoliko minuta. Proces ugradnje je jednostavan: pri\u010dvrstite segmente staze na trup broda i osigurajte vanjsku oblogu preko staze. Obloge se prakti\u010dno odmotavaju iz koluta, a uklju\u010deni zavr\u0161ni poklopci dovr\u0161avaju instalaciju.<\/p>\n","protected":false},"excerpt":{"rendered":"<p>Tessilmare Radial 40 Sivi 12mt &#8211; Ovaj patentirani sustav za\u0161tite brodskih rubova sastoji se od dva glavna elementa: Robusna \u0161ipka<\/p>\n","protected":false},"featured_media":5945170,"comment_status":"open","ping_status":"closed","template":"","meta":[],"product_brand":[3481],"product_cat":[1852],"product_tag":[],"class_list":{"0":"post-743472","1":"product","2":"type-product","3":"status-publish","4":"has-post-thumbnail","6":"product_brand-tessilmare-hr","7":"product_cat-profili-za-bokobrane","9":"first","10":"instock","11":"shipping-taxable","12":"purchasable","13":"product-type-simple"},"_links":{"self":[{"href":"https:\/\/stoic-curie.212-227-153-4.plesk.page\/hr\/wp-json\/wp\/v2\/product\/743472","targetHints":{"allow":["GET"]}}],"collection":[{"href":"https:\/\/stoic-curie.212-227-153-4.plesk.page\/hr\/wp-json\/wp\/v2\/product"}],"about":[{"href":"https:\/\/stoic-curie.212-227-153-4.plesk.page\/hr\/wp-json\/wp\/v2\/types\/product"}],"replies":[{"embeddable":true,"href":"https:\/\/stoic-curie.212-227-153-4.plesk.page\/hr\/wp-json\/wp\/v2\/comments?post=743472"}],"version-history":[{"count":0,"href":"https:\/\/stoic-curie.212-227-153-4.plesk.page\/hr\/wp-json\/wp\/v2\/product\/743472\/revisions"}],"wp:featuredmedia":[{"embeddable":true,"href":"https:\/\/stoic-curie.212-227-153-4.plesk.page\/hr\/wp-json\/wp\/v2\/media\/5945170"}],"wp:attachment":[{"href":"https:\/\/stoic-curie.212-227-153-4.plesk.page\/hr\/wp-json\/wp\/v2\/media?parent=743472"}],"wp:term":[{"taxonomy":"product_brand","embeddable":true,"href":"https:\/\/stoic-curie.212-227-153-4.plesk.page\/hr\/wp-json\/wp\/v2\/product_brand?post=743472"},{"taxonomy":"product_cat","embeddable":true,"href":"https:\/\/stoic-curie.212-227-153-4.plesk.page\/hr\/wp-json\/wp\/v2\/product_cat?post=743472"},{"taxonomy":"product_tag","embeddable":true,"href":"https:\/\/stoic-curie.212-227-153-4.plesk.page\/hr\/wp-json\/wp\/v2\/product_tag?post=743472"}],"curies":[{"name":"wp","href":"https:\/\/api.w.org\/{rel}","templated":true}]}}