{"id":743473,"date":"2025-03-03T18:31:21","date_gmt":"2025-03-03T17:31:21","guid":{"rendered":"https:\/\/stoic-curie.212-227-153-4.plesk.page\/producto\/tessilmare-radial-40-sivi-24mt\/"},"modified":"2026-02-25T00:01:08","modified_gmt":"2026-02-25T00:01:08","slug":"tessilmare-radial-40-sivi-24mt","status":"publish","type":"product","link":"https:\/\/stoic-curie.212-227-153-4.plesk.page\/hr\/product\/tessilmare-radial-40-sivi-24mt\/","title":{"rendered":"Tessilmare Radial 40 Sivi 24mt"},"content":{"rendered":"<p>Tessilmare Radial 40 Sivi 24mt &#8211; <\/p>\n<p style=\"color: rgb(34, 34, 34); font-family: Arial, Helvetica, sans-serif; font-size: small;\">Za instalaciju, ovaj profil za za\u0161titu od udaraca zahtijeva jednostavan pristup, koji uklju\u010duje sigurno pri\u010dvr\u0161\u0107ivanje duralene trake vijcima ili Sika ljepilom, nakon \u010dega slijedi pa\u017eljivo pomicanje profila za za\u0161titu na traku. Profil za za\u0161titu broda u\u010dinkovito kombinira estetsku privla\u010dnost s funkcionalno\u0161\u0107u. Patenti Tessilmarea integriraju visoku otpornost na udarce s elegancijom i ekonomi\u010dno\u0161\u0107u. Njihovi inovativni dizajni redefinirali su izgled tradicionalnih rubnih tra\u010dnica. Radijalni profili za za\u0161titu nude besprijekornu i vizualno privla\u010dnu soluciju, bez vidljivih spojeva ili o\u0161trih rubova, \u0161to rezultira \u010di\u0161\u0107im i privla\u010dnijim zavr\u0161etkom u usporedbi s konvencionalnim vi\u0161edijelnim rubnim tra\u010dnicama. Tessilmare Radijal je pa\u017eljivo dizajniran za pomorsku industriju, omogu\u0107avaju\u0107i sklapanje u samo nekoliko minuta. Proces instalacije je izuzetno jednostavan; uklju\u010duje pri\u010dvr\u0161\u0107ivanje segmenta staze na trup broda i osiguravanje vanjskog pokriva\u010da preko staze. Pokriva\u010d se mo\u017ee jednostavno odmotati iz velike kolutne role, a uklju\u010deni zavr\u0161ni poklopci upotpunjuju instalaciju.<\/p>\n<p style=\"color: rgb(34, 34, 34); font-family: Arial, Helvetica, sans-serif; font-size: small;\">Jedna od glavnih prednosti Radijalne za\u0161titne tra\u010dnice je njezina jednostavna instalacija, koja ne zahtijeva specijalizirane alate. Njezin fleksibilni PVC pokriva\u010d omogu\u0107ava jednostavno prilago\u0111avanje, \u010dak i u hladnijem vremenu, \u010dime se eliminira potreba za zagrijavanjem. Nakon zavr\u0161etka instalacije, segmenti staze su potpuno skriveni ispod pokriva\u010da, \u0161to rezultira elegantnim i rafiniranim izgledom. Paket uklju\u010duje sve osnovne komponente: kontinuiranu rol od mekog pokriva\u010da za za\u0161titu, potrebni broj polukrutih vinilnih sekcija za montiranje, dva vinilna zavr\u0161na poklopca i jedan vinilni poklopac za spoj.<\/p>\n<p style=\"color: rgb(34, 34, 34); font-family: Arial, Helvetica, sans-serif; font-size: small;\">Ovaj patentirani sustav za za\u0161titu od udaraca sastoji se od dva osnovna elementa:<\/p>\n<ol style=\"color: rgb(34, 34, 34); font-family: Arial, Helvetica, sans-serif; font-size: small;\">\n<li>Robusna \u0161ipka koja se mo\u017ee \u010dvrsto pri\u010dvrstiti za brod pomo\u0107u vijaka ili zakovica, bez potrebe za specijaliziranim alatima.<\/li>\n<li>Fleksibilni gumeni profil koji se povezuje s bazom. Ovaj nevidljivi umetak dostupan je u prilago\u0111eno rezanim rolama kako bi se smanjio otpad. Radijalne PVC rubne tra\u010dnice mogu se ru\u010dno saviti u bilo kojem smjeru bez potrebe za toplinom. One su 70% br\u017ee za sastavljanje, isplative, lako se popravljaju i brzo se ponovo postavljaju.<\/li>\n<\/ol>\n","protected":false},"excerpt":{"rendered":"<p>Tessilmare Radial 40 Sivi 24mt &#8211; Za instalaciju, ovaj profil za za\u0161titu od udaraca zahtijeva jednostavan pristup, koji uklju\u010duje sigurno<\/p>\n","protected":false},"featured_media":5945170,"comment_status":"open","ping_status":"closed","template":"","meta":[],"product_brand":[3481],"product_cat":[1852],"product_tag":[],"class_list":{"0":"post-743473","1":"product","2":"type-product","3":"status-publish","4":"has-post-thumbnail","6":"product_brand-tessilmare-hr","7":"product_cat-profili-za-bokobrane","9":"first","10":"instock","11":"shipping-taxable","12":"purchasable","13":"product-type-simple"},"_links":{"self":[{"href":"https:\/\/stoic-curie.212-227-153-4.plesk.page\/hr\/wp-json\/wp\/v2\/product\/743473","targetHints":{"allow":["GET"]}}],"collection":[{"href":"https:\/\/stoic-curie.212-227-153-4.plesk.page\/hr\/wp-json\/wp\/v2\/product"}],"about":[{"href":"https:\/\/stoic-curie.212-227-153-4.plesk.page\/hr\/wp-json\/wp\/v2\/types\/product"}],"replies":[{"embeddable":true,"href":"https:\/\/stoic-curie.212-227-153-4.plesk.page\/hr\/wp-json\/wp\/v2\/comments?post=743473"}],"version-history":[{"count":0,"href":"https:\/\/stoic-curie.212-227-153-4.plesk.page\/hr\/wp-json\/wp\/v2\/product\/743473\/revisions"}],"wp:featuredmedia":[{"embeddable":true,"href":"https:\/\/stoic-curie.212-227-153-4.plesk.page\/hr\/wp-json\/wp\/v2\/media\/5945170"}],"wp:attachment":[{"href":"https:\/\/stoic-curie.212-227-153-4.plesk.page\/hr\/wp-json\/wp\/v2\/media?parent=743473"}],"wp:term":[{"taxonomy":"product_brand","embeddable":true,"href":"https:\/\/stoic-curie.212-227-153-4.plesk.page\/hr\/wp-json\/wp\/v2\/product_brand?post=743473"},{"taxonomy":"product_cat","embeddable":true,"href":"https:\/\/stoic-curie.212-227-153-4.plesk.page\/hr\/wp-json\/wp\/v2\/product_cat?post=743473"},{"taxonomy":"product_tag","embeddable":true,"href":"https:\/\/stoic-curie.212-227-153-4.plesk.page\/hr\/wp-json\/wp\/v2\/product_tag?post=743473"}],"curies":[{"name":"wp","href":"https:\/\/api.w.org\/{rel}","templated":true}]}}