{"id":743475,"date":"2025-03-03T18:31:22","date_gmt":"2025-03-03T17:31:22","guid":{"rendered":"https:\/\/stoic-curie.212-227-153-4.plesk.page\/producto\/tessilmare-radial-52-bijeli-12mt\/"},"modified":"2026-02-25T00:01:08","modified_gmt":"2026-02-25T00:01:08","slug":"tessilmare-radial-52-bijeli-12mt","status":"publish","type":"product","link":"https:\/\/stoic-curie.212-227-153-4.plesk.page\/hr\/product\/tessilmare-radial-52-bijeli-12mt\/","title":{"rendered":"Tessilmare Radial 52 Bijeli 12mt"},"content":{"rendered":"<p>Tessilmare Radial 52 Bijeli 12mt &#8211; <\/p>\n<p style=\"color: rgb(34, 34, 34); font-family: Arial, Helvetica, sans-serif; font-size: small;\">Radijalna rubna traka nudi zna\u010dajnu prednost zahvaljuju\u0107i jednostavnom postupku ugradnje koji ne zahtijeva posebne alate. Njezina prilagodljiva PVC navlaka omogu\u0107uje lako postavljanje \u010dak i pri ni\u017eim temperaturama, \u010dime se eliminira potreba za zagrijavanjem. Nakon ugradnje, segmenti tra\u010dnica su skriveni ispod navlake, \u0161to rezultira elegantnim i sofisticiranim izgledom.<\/p>\n<p style=\"color: rgb(34, 34, 34); font-family: Arial, Helvetica, sans-serif; font-size: small;\">Komplet je potpuno opremljen svim potrebnim komponentama: neprekidnom rolom mekane rubne trake, odgovaraju\u0107om koli\u010dinom polu-rigidnih vinilnih sekcija monta\u017ene tra\u010dnice, dva vinilna zavr\u0161na kapica i jedna vinilna kapica za spoj. Ugradnja ovog fendering profila je jednostavna. Dovoljno je u\u010dvrstiti duralene bar pomo\u0107u vijaka ili Sika ljepila, a zatim kliziti fendering profil preko bara.<\/p>\n<p style=\"color: rgb(34, 34, 34); font-family: Arial, Helvetica, sans-serif; font-size: small;\">Ovaj fendering profil ne samo da pobolj\u0161ava estetski izgled, nego i funkcionalnost va\u0161e plovila. Patentirani dizajni Tessilmarea spajaju otpornost na udarce s sofisticirano\u0161\u0107u i pristupa\u010dno\u0161\u0107u, revolucioniraju\u0107i konvencionalni izgled rubnih traka. Radijalni fendering profili nude besprijekorno i vizualno privla\u010dno rje\u0161enje, bez vidljivih spojeva ili o\u0161trih rubova, \u0161to dovodi do \u010di\u0161\u0107eg i atraktivnijeg zavr\u0161etka u usporedbi s tradicionalnim vi\u0161edijelnim rubnim trakama.<\/p>\n<p style=\"color: rgb(34, 34, 34); font-family: Arial, Helvetica, sans-serif; font-size: small;\">Specijalno dizajnirani za pomorski sektor, Tessilmare Radijalni se mo\u017ee sastaviti za nekoliko minuta. Postupak ugradnje je jednostavan: pri\u010dvrstite segmente tra\u010dnica na trup plovila i osigurajte vanjsku navlaku preko tra\u010dnice. Navlaka se prakti\u010dno odmotava iz velikog koluta, a osigurane zavr\u0161ne kapice dovr\u0161avaju ugradnju.<\/p>\n<p style=\"color: rgb(34, 34, 34); font-family: Arial, Helvetica, sans-serif; font-size: small;\">Ovaj patentirani fendering sustav sastoji se od dva osnovna komponenta:<\/p>\n<ol style=\"color: rgb(34, 34, 34); font-family: Arial, Helvetica, sans-serif; font-size: small;\">\n<li>Robustan bar koji se mo\u017ee \u010dvrsto pri\u010dvrstiti na brod pomo\u0107u vijaka ili zakovica, bez potrebe za specijaliziranim alatima.<\/li>\n<li>Fleksibilni gumeni profil koji se spaja s podlogom. Ovaj be\u0161avni umetak dostupan je u prilago\u0111enim rolama kako bi se smanjio otpad. Radijalne PVC rubne trake mogu se savijati u bilo kojem smjeru bez potrebe za zagrijavanjem, \u0161to ih \u010dini 70% br\u017eima za sastavljanje, isplativima, lakima za popravak i brzim za ponovnu ugradnju.<\/li>\n<\/ol>\n","protected":false},"excerpt":{"rendered":"<p>Tessilmare Radial 52 Bijeli 12mt &#8211; Radijalna rubna traka nudi zna\u010dajnu prednost zahvaljuju\u0107i jednostavnom postupku ugradnje koji ne zahtijeva posebne<\/p>\n","protected":false},"featured_media":5945169,"comment_status":"open","ping_status":"closed","template":"","meta":[],"product_brand":[3481],"product_cat":[1852],"product_tag":[],"class_list":{"0":"post-743475","1":"product","2":"type-product","3":"status-publish","4":"has-post-thumbnail","6":"product_brand-tessilmare-hr","7":"product_cat-profili-za-bokobrane","9":"first","10":"instock","11":"shipping-taxable","12":"purchasable","13":"product-type-simple"},"_links":{"self":[{"href":"https:\/\/stoic-curie.212-227-153-4.plesk.page\/hr\/wp-json\/wp\/v2\/product\/743475","targetHints":{"allow":["GET"]}}],"collection":[{"href":"https:\/\/stoic-curie.212-227-153-4.plesk.page\/hr\/wp-json\/wp\/v2\/product"}],"about":[{"href":"https:\/\/stoic-curie.212-227-153-4.plesk.page\/hr\/wp-json\/wp\/v2\/types\/product"}],"replies":[{"embeddable":true,"href":"https:\/\/stoic-curie.212-227-153-4.plesk.page\/hr\/wp-json\/wp\/v2\/comments?post=743475"}],"version-history":[{"count":0,"href":"https:\/\/stoic-curie.212-227-153-4.plesk.page\/hr\/wp-json\/wp\/v2\/product\/743475\/revisions"}],"wp:featuredmedia":[{"embeddable":true,"href":"https:\/\/stoic-curie.212-227-153-4.plesk.page\/hr\/wp-json\/wp\/v2\/media\/5945169"}],"wp:attachment":[{"href":"https:\/\/stoic-curie.212-227-153-4.plesk.page\/hr\/wp-json\/wp\/v2\/media?parent=743475"}],"wp:term":[{"taxonomy":"product_brand","embeddable":true,"href":"https:\/\/stoic-curie.212-227-153-4.plesk.page\/hr\/wp-json\/wp\/v2\/product_brand?post=743475"},{"taxonomy":"product_cat","embeddable":true,"href":"https:\/\/stoic-curie.212-227-153-4.plesk.page\/hr\/wp-json\/wp\/v2\/product_cat?post=743475"},{"taxonomy":"product_tag","embeddable":true,"href":"https:\/\/stoic-curie.212-227-153-4.plesk.page\/hr\/wp-json\/wp\/v2\/product_tag?post=743475"}],"curies":[{"name":"wp","href":"https:\/\/api.w.org\/{rel}","templated":true}]}}