{"id":743476,"date":"2025-03-03T18:31:22","date_gmt":"2025-03-03T17:31:22","guid":{"rendered":"https:\/\/stoic-curie.212-227-153-4.plesk.page\/producto\/tessilmare-radial-52-sivi-12mt\/"},"modified":"2026-02-25T00:01:08","modified_gmt":"2026-02-25T00:01:08","slug":"tessilmare-radial-52-sivi-12mt","status":"publish","type":"product","link":"https:\/\/stoic-curie.212-227-153-4.plesk.page\/hr\/product\/tessilmare-radial-52-sivi-12mt\/","title":{"rendered":"Tessilmare Radial 52 Sivi 12mt"},"content":{"rendered":"<p>Tessilmare Radial 52 Sivi 12mt &#8211; <\/p>\n<p style=\"color: rgb(34, 34, 34); font-family: Arial, Helvetica, sans-serif; font-size: small;\">Radijalna rubna obloga nudi zna\u010dajnu prednost kroz jednostavan postupak instalacije, koji ne zahtijeva upotrebu specijaliziranih alata. Njegova svestrana PVC obloga omogu\u0107ava lako prilago\u0111avanje, \u010dak i pri hladnijim temperaturama, \u010dime se eliminira potreba za zagrijavanjem. Nakon zavr\u0161etka instalacije, segmenti staze su diskretno skriveni ispod obloge, \u0161to rezultira poliranim i sofisticiranim izgledom.<\/p>\n<p style=\"color: rgb(34, 34, 34); font-family: Arial, Helvetica, sans-serif; font-size: small;\">Komplet je opremljen svim potrebnim komponentama: kontinuiranom rolom meke rubne obloge, odgovaraju\u0107om koli\u010dinom polukrutih PVC ljeva\u010dkih sektora, dvije PVC zavr\u0161ne kapice i jednom PVC kapicom za spoj. Instalacija ovog profila za za\u0161titu je jednostavna. Potrebno je samo u\u010dvrstiti duralene \u0161ipku pomo\u0107u vijaka ili Sika ljepila, a zatim kliziti profil za\u0161tite na \u0161ipku.<\/p>\n<p style=\"color: rgb(34, 34, 34); font-family: Arial, Helvetica, sans-serif; font-size: small;\">Ovaj profil za\u0161tite ne samo da pove\u0107ava vizualnu privla\u010dnost, ve\u0107 i pobolj\u0161ava funkcionalnost va\u0161eg plovila. Patenti dizajni Tessilmare kombiniraju otpornost na udarce s elegancijom i pristupa\u010dno\u0161\u0107u, transformiraju\u0107i tradicionalnu estetiku rubnih obloga. Radijalni profili za\u0161tite pru\u017eaju besprijekorno i vizualno privla\u010dno rje\u0161enje, bez vidljivih spojeva ili o\u0161trih rubova, rezultiraju\u0107i \u010di\u0161\u0107im i privla\u010dnijim zavr\u0161etkom u usporedbi s konvencionalnim vi\u0161edjelnim rubnim oblogama.<\/p>\n<p style=\"color: rgb(34, 34, 34); font-family: Arial, Helvetica, sans-serif; font-size: small;\">Specijalno dizajniran za pomorsku industriju, Tessilmare Radijalni se mo\u017ee sastaviti za nekoliko minuta. Postupak instalacije je jednostavan: pri\u010dvrstite sektore staze na trup \u010damca i osigurajte vanjsku oblogu preko staze. Obloge se prakti\u010dno odmotavaju iz velike koilske role, a uklju\u010dene zavr\u0161ne kapice finaliziraju instalaciju.<\/p>\n<p style=\"color: rgb(34, 34, 34); font-family: Arial, Helvetica, sans-serif; font-size: small;\">Ovaj patentirani sustav za\u0161tite sastoji se od dvije osnovne komponente:<\/p>\n<ol style=\"color: rgb(34, 34, 34); font-family: Arial, Helvetica, sans-serif; font-size: small;\">\n<li>Robusna \u0161ipka koja se mo\u017ee sigurno pri\u010dvrstiti za \u010damac pomo\u0107u vijaka ili zakovica, bez potrebe za specijaliziranim alatima.<\/li>\n<li>Fleksibilni gumeni profil koji se spaja s osnovom. Ova be\u0161avna ulo\u017eak dostupna je u prilago\u0111enim rezovima kako bi se smanjio otpad. Radijalne PVC rubne obloge mogu se savijati u bilo kojem smjeru bez primjene topline, rezultiraju\u0107i u 70% smanjenja vremena monta\u017ee, isplativosti, jednostavnosti popravka i brze ponovne opreme.<\/li>\n<\/ol>\n","protected":false},"excerpt":{"rendered":"<p>Tessilmare Radial 52 Sivi 12mt &#8211; Radijalna rubna obloga nudi zna\u010dajnu prednost kroz jednostavan postupak instalacije, koji ne zahtijeva upotrebu<\/p>\n","protected":false},"featured_media":5945170,"comment_status":"open","ping_status":"closed","template":"","meta":[],"product_brand":[3481],"product_cat":[1852],"product_tag":[],"class_list":{"0":"post-743476","1":"product","2":"type-product","3":"status-publish","4":"has-post-thumbnail","6":"product_brand-tessilmare-hr","7":"product_cat-profili-za-bokobrane","9":"first","10":"instock","11":"shipping-taxable","12":"purchasable","13":"product-type-simple"},"_links":{"self":[{"href":"https:\/\/stoic-curie.212-227-153-4.plesk.page\/hr\/wp-json\/wp\/v2\/product\/743476","targetHints":{"allow":["GET"]}}],"collection":[{"href":"https:\/\/stoic-curie.212-227-153-4.plesk.page\/hr\/wp-json\/wp\/v2\/product"}],"about":[{"href":"https:\/\/stoic-curie.212-227-153-4.plesk.page\/hr\/wp-json\/wp\/v2\/types\/product"}],"replies":[{"embeddable":true,"href":"https:\/\/stoic-curie.212-227-153-4.plesk.page\/hr\/wp-json\/wp\/v2\/comments?post=743476"}],"version-history":[{"count":0,"href":"https:\/\/stoic-curie.212-227-153-4.plesk.page\/hr\/wp-json\/wp\/v2\/product\/743476\/revisions"}],"wp:featuredmedia":[{"embeddable":true,"href":"https:\/\/stoic-curie.212-227-153-4.plesk.page\/hr\/wp-json\/wp\/v2\/media\/5945170"}],"wp:attachment":[{"href":"https:\/\/stoic-curie.212-227-153-4.plesk.page\/hr\/wp-json\/wp\/v2\/media?parent=743476"}],"wp:term":[{"taxonomy":"product_brand","embeddable":true,"href":"https:\/\/stoic-curie.212-227-153-4.plesk.page\/hr\/wp-json\/wp\/v2\/product_brand?post=743476"},{"taxonomy":"product_cat","embeddable":true,"href":"https:\/\/stoic-curie.212-227-153-4.plesk.page\/hr\/wp-json\/wp\/v2\/product_cat?post=743476"},{"taxonomy":"product_tag","embeddable":true,"href":"https:\/\/stoic-curie.212-227-153-4.plesk.page\/hr\/wp-json\/wp\/v2\/product_tag?post=743476"}],"curies":[{"name":"wp","href":"https:\/\/api.w.org\/{rel}","templated":true}]}}