{"id":743484,"date":"2025-03-03T18:31:25","date_gmt":"2025-03-03T17:31:25","guid":{"rendered":"https:\/\/stoic-curie.212-227-153-4.plesk.page\/producto\/teleskopske-ljestve-u-kutiji-s-4-kstepenice-25-x-h115cm\/"},"modified":"2026-02-25T00:01:09","modified_gmt":"2026-02-25T00:01:09","slug":"teleskopske-ljestve-u-kutiji-s-4-kstepenice-25-x-h115cm","status":"publish","type":"product","link":"https:\/\/stoic-curie.212-227-153-4.plesk.page\/hr\/product\/teleskopske-ljestve-u-kutiji-s-4-kstepenice-25-x-h115cm\/","title":{"rendered":"Teleskopske ljestve u kutiji s 4 kstepenice ( 25 x H115cm)"},"content":{"rendered":"<p>Teleskopske ljestve u kutiji s 4 kstepenice ( 25 x H115cm) &#8211; <\/p>\n<p>Telescopske ljestve od nehr\u0111aju\u0107eg \u010delika u kutiji. Potpuno s kutijom i vodi\u010dima. Ugradnja na transom. Dimenzije kutije 33 x 47 x 4,6 cm (49 cm za verziju s 4 stepenice).<\/p>\n","protected":false},"excerpt":{"rendered":"<p>Teleskopske ljestve u kutiji s 4 kstepenice ( 25 x H115cm) &#8211; Telescopske ljestve od nehr\u0111aju\u0107eg \u010delika u kutiji. Potpuno<\/p>\n","protected":false},"featured_media":5945228,"comment_status":"open","ping_status":"closed","template":"","meta":[],"product_brand":[3491],"product_cat":[1618],"product_tag":[],"class_list":{"0":"post-743484","1":"product","2":"type-product","3":"status-publish","4":"has-post-thumbnail","6":"product_brand-trem-hr","7":"product_cat-ljestve-za-brodove","9":"first","10":"instock","11":"shipping-taxable","12":"purchasable","13":"product-type-simple"},"_links":{"self":[{"href":"https:\/\/stoic-curie.212-227-153-4.plesk.page\/hr\/wp-json\/wp\/v2\/product\/743484","targetHints":{"allow":["GET"]}}],"collection":[{"href":"https:\/\/stoic-curie.212-227-153-4.plesk.page\/hr\/wp-json\/wp\/v2\/product"}],"about":[{"href":"https:\/\/stoic-curie.212-227-153-4.plesk.page\/hr\/wp-json\/wp\/v2\/types\/product"}],"replies":[{"embeddable":true,"href":"https:\/\/stoic-curie.212-227-153-4.plesk.page\/hr\/wp-json\/wp\/v2\/comments?post=743484"}],"version-history":[{"count":0,"href":"https:\/\/stoic-curie.212-227-153-4.plesk.page\/hr\/wp-json\/wp\/v2\/product\/743484\/revisions"}],"wp:featuredmedia":[{"embeddable":true,"href":"https:\/\/stoic-curie.212-227-153-4.plesk.page\/hr\/wp-json\/wp\/v2\/media\/5945228"}],"wp:attachment":[{"href":"https:\/\/stoic-curie.212-227-153-4.plesk.page\/hr\/wp-json\/wp\/v2\/media?parent=743484"}],"wp:term":[{"taxonomy":"product_brand","embeddable":true,"href":"https:\/\/stoic-curie.212-227-153-4.plesk.page\/hr\/wp-json\/wp\/v2\/product_brand?post=743484"},{"taxonomy":"product_cat","embeddable":true,"href":"https:\/\/stoic-curie.212-227-153-4.plesk.page\/hr\/wp-json\/wp\/v2\/product_cat?post=743484"},{"taxonomy":"product_tag","embeddable":true,"href":"https:\/\/stoic-curie.212-227-153-4.plesk.page\/hr\/wp-json\/wp\/v2\/product_tag?post=743484"}],"curies":[{"name":"wp","href":"https:\/\/api.w.org\/{rel}","templated":true}]}}