{"id":743485,"date":"2025-03-03T18:31:25","date_gmt":"2025-03-03T17:31:25","guid":{"rendered":"https:\/\/stoic-curie.212-227-153-4.plesk.page\/producto\/teleskopske-stepenice-sklopive-s-rukohvatom-4-stepenice\/"},"modified":"2026-02-25T00:01:09","modified_gmt":"2026-02-25T00:01:09","slug":"teleskopske-stepenice-sklopive-s-rukohvatom-4-stepenice","status":"publish","type":"product","link":"https:\/\/stoic-curie.212-227-153-4.plesk.page\/hr\/product\/teleskopske-stepenice-sklopive-s-rukohvatom-4-stepenice\/","title":{"rendered":"Teleskopske stepenice, sklopive s rukohvatom, 4 stepenice"},"content":{"rendered":"<p>Teleskopske stepenice, sklopive s rukohvatom, 4 stepenice &#8211; <\/p>\n<p>Telescopske sklopive ljestve za ukrcavanje od nehr\u0111aju\u0107eg \u010delika s preklopnom rukohvatom. Ravne poliuretanske stepenice za pove\u0107anu udobnost. Za monta\u017eu na platformu. Dimenzije rukohvata 30 cm.<\/p>\n","protected":false},"excerpt":{"rendered":"<p>Teleskopske stepenice, sklopive s rukohvatom, 4 stepenice &#8211; Telescopske sklopive ljestve za ukrcavanje od nehr\u0111aju\u0107eg \u010delika s preklopnom rukohvatom. Ravne<\/p>\n","protected":false},"featured_media":5945231,"comment_status":"open","ping_status":"closed","template":"","meta":[],"product_brand":[3491],"product_cat":[1618],"product_tag":[],"class_list":{"0":"post-743485","1":"product","2":"type-product","3":"status-publish","4":"has-post-thumbnail","6":"product_brand-trem-hr","7":"product_cat-ljestve-za-brodove","9":"first","10":"instock","11":"shipping-taxable","12":"purchasable","13":"product-type-simple"},"_links":{"self":[{"href":"https:\/\/stoic-curie.212-227-153-4.plesk.page\/hr\/wp-json\/wp\/v2\/product\/743485","targetHints":{"allow":["GET"]}}],"collection":[{"href":"https:\/\/stoic-curie.212-227-153-4.plesk.page\/hr\/wp-json\/wp\/v2\/product"}],"about":[{"href":"https:\/\/stoic-curie.212-227-153-4.plesk.page\/hr\/wp-json\/wp\/v2\/types\/product"}],"replies":[{"embeddable":true,"href":"https:\/\/stoic-curie.212-227-153-4.plesk.page\/hr\/wp-json\/wp\/v2\/comments?post=743485"}],"version-history":[{"count":0,"href":"https:\/\/stoic-curie.212-227-153-4.plesk.page\/hr\/wp-json\/wp\/v2\/product\/743485\/revisions"}],"wp:featuredmedia":[{"embeddable":true,"href":"https:\/\/stoic-curie.212-227-153-4.plesk.page\/hr\/wp-json\/wp\/v2\/media\/5945231"}],"wp:attachment":[{"href":"https:\/\/stoic-curie.212-227-153-4.plesk.page\/hr\/wp-json\/wp\/v2\/media?parent=743485"}],"wp:term":[{"taxonomy":"product_brand","embeddable":true,"href":"https:\/\/stoic-curie.212-227-153-4.plesk.page\/hr\/wp-json\/wp\/v2\/product_brand?post=743485"},{"taxonomy":"product_cat","embeddable":true,"href":"https:\/\/stoic-curie.212-227-153-4.plesk.page\/hr\/wp-json\/wp\/v2\/product_cat?post=743485"},{"taxonomy":"product_tag","embeddable":true,"href":"https:\/\/stoic-curie.212-227-153-4.plesk.page\/hr\/wp-json\/wp\/v2\/product_tag?post=743485"}],"curies":[{"name":"wp","href":"https:\/\/api.w.org\/{rel}","templated":true}]}}