{"id":743489,"date":"2025-03-03T18:31:27","date_gmt":"2025-03-03T17:31:27","guid":{"rendered":"https:\/\/stoic-curie.212-227-153-4.plesk.page\/producto\/mostic-tpc-kompozit-220x40cm\/"},"modified":"2026-02-25T00:01:09","modified_gmt":"2026-02-25T00:01:09","slug":"mostic-tpc-kompozit-220x40cm","status":"publish","type":"product","link":"https:\/\/stoic-curie.212-227-153-4.plesk.page\/hr\/product\/mostic-tpc-kompozit-220x40cm\/","title":{"rendered":"Mosti\u0107 Tpc Kompozit 220x40cm"},"content":{"rendered":"<p>Mosti\u0107 Tpc Kompozit 220x40cm &#8211; <\/p>\n<p>TPK prolaz je izra\u0111en od termoplasti\u010dnog kompozitnog materijala, \u010desto prepoznatog kao materijal budu\u0107nosti. Ova inovativna supstanca omogu\u0107ava TPK prolazu da zamijeni tradicionalne, jeftine drvene daske. To je robusna i lagana opcija dizajnirana za te\u0161ku i kontinuiranu upotrebu, \u0161to je \u010dini idealnom za \u010dartere i marine. Prolaz je izgra\u0111en kao jedna cjelina bez ikakvog ljepila, osiguravaju\u0107i da pluta, otporan je na koroziju i izdr\u017eava UV izlaganje. Njegova povr\u0161ina je potpuno antislip, s gumenim rubovima koji su otporni na ogrebotine i pru\u017eaju dodatnu za\u0161titu.<\/p>\n<p><strong>Za\u0161to odabrati POLYMER prolaze?<\/strong><\/p>\n<p>Uz godine napretka u morskim prolazima i na\u0161u poziciju kao lidera u industriji, stvorili smo pojednostavljenu pristupnu soluciju koja zamjenjuje nezgodne drvene prolaze.<\/p>\n<p>TPK prolazi su projektirani da izdr\u017ee te\u0161ke uvjete \u010darter okru\u017eenja, \u0161to ih \u010dini najboljim laganim, plivaju\u0107im i izdr\u017eljivim izborom.<\/p>\n<p><strong>Klju\u010dne zna\u010dajke<\/strong><\/p>\n<ul>\n<li>Pojednostavljeni dizajn<\/li>\n<li>Lagana konstrukcija<\/li>\n<li>Samo modeli koji se ne preklapaju<\/li>\n<li>Antislip povr\u0161ina za sigurno ukrcavanje na va\u0161 \u010damac<\/li>\n<li>Svi materijali su otporni na UV<\/li>\n<\/ul>\n<p>Mekani plasti\u010dni rubovi ne ostavljaju tragove i funkcioniraju kao monta\u017ene mjerne jedinice i za\u0161tita rubova, koje se mogu zamijeniti kada se istro\u0161e. Zatvoreni dizajn jam\u010di da POLYMER prolaz ostane plovak.<\/p>\n<p><strong>Tehni\u010dke specifikacije<\/strong><\/p>\n<ul>\n<li>Duljina: 220 cm ili 245 cm<\/li>\n<li>\u0160irina: 40 cm ili po narud\u017ebi<\/li>\n<li>Te\u017eina: 8,5 kg ili 10,5 kg<\/li>\n<li>Nosivost: 250 kg<\/li>\n<\/ul>\n<p>Uz TPC prolaz mo\u017eete iskusiti pouzdanu i u\u010dinkovitu pristupnu soluciju za sve va\u0161e potreba brodarstva.<\/p>\n","protected":false},"excerpt":{"rendered":"<p>Mosti\u0107 Tpc Kompozit 220x40cm &#8211; TPK prolaz je izra\u0111en od termoplasti\u010dnog kompozitnog materijala, \u010desto prepoznatog kao materijal budu\u0107nosti. Ova inovativna<\/p>\n","protected":false},"featured_media":5945254,"comment_status":"open","ping_status":"closed","template":"","meta":[],"product_brand":[3491],"product_cat":[1612],"product_tag":[],"class_list":{"0":"post-743489","1":"product","2":"type-product","3":"status-publish","4":"has-post-thumbnail","6":"product_brand-trem-hr","7":"product_cat-gangways-za-brodove","9":"first","10":"instock","11":"shipping-taxable","12":"purchasable","13":"product-type-simple"},"_links":{"self":[{"href":"https:\/\/stoic-curie.212-227-153-4.plesk.page\/hr\/wp-json\/wp\/v2\/product\/743489","targetHints":{"allow":["GET"]}}],"collection":[{"href":"https:\/\/stoic-curie.212-227-153-4.plesk.page\/hr\/wp-json\/wp\/v2\/product"}],"about":[{"href":"https:\/\/stoic-curie.212-227-153-4.plesk.page\/hr\/wp-json\/wp\/v2\/types\/product"}],"replies":[{"embeddable":true,"href":"https:\/\/stoic-curie.212-227-153-4.plesk.page\/hr\/wp-json\/wp\/v2\/comments?post=743489"}],"version-history":[{"count":0,"href":"https:\/\/stoic-curie.212-227-153-4.plesk.page\/hr\/wp-json\/wp\/v2\/product\/743489\/revisions"}],"wp:featuredmedia":[{"embeddable":true,"href":"https:\/\/stoic-curie.212-227-153-4.plesk.page\/hr\/wp-json\/wp\/v2\/media\/5945254"}],"wp:attachment":[{"href":"https:\/\/stoic-curie.212-227-153-4.plesk.page\/hr\/wp-json\/wp\/v2\/media?parent=743489"}],"wp:term":[{"taxonomy":"product_brand","embeddable":true,"href":"https:\/\/stoic-curie.212-227-153-4.plesk.page\/hr\/wp-json\/wp\/v2\/product_brand?post=743489"},{"taxonomy":"product_cat","embeddable":true,"href":"https:\/\/stoic-curie.212-227-153-4.plesk.page\/hr\/wp-json\/wp\/v2\/product_cat?post=743489"},{"taxonomy":"product_tag","embeddable":true,"href":"https:\/\/stoic-curie.212-227-153-4.plesk.page\/hr\/wp-json\/wp\/v2\/product_tag?post=743489"}],"curies":[{"name":"wp","href":"https:\/\/api.w.org\/{rel}","templated":true}]}}