{"id":743490,"date":"2025-03-03T18:31:27","date_gmt":"2025-03-03T17:31:27","guid":{"rendered":"https:\/\/stoic-curie.212-227-153-4.plesk.page\/producto\/mostic-tpc-kompozit-245x40cm-maksimalno-opterecenje-250kg-tezina-9kg\/"},"modified":"2026-02-25T00:01:09","modified_gmt":"2026-02-25T00:01:09","slug":"mostic-tpc-kompozit-245x40cm-maksimalno-opterecenje-250kg-tezina-9kg","status":"publish","type":"product","link":"https:\/\/stoic-curie.212-227-153-4.plesk.page\/hr\/product\/mostic-tpc-kompozit-245x40cm-maksimalno-opterecenje-250kg-tezina-9kg\/","title":{"rendered":"Mosti\u0107 Tpc Kompozit 245x40cm"},"content":{"rendered":"<p>Mosti\u0107 Tpc Kompozit 245x40cm &#8211; <\/p>\n<p>TCP pristupna daska izra\u0111ena je od materijala od termoplasti\u010dnog kompozita, koji se \u010desto smatra materijalom budu\u0107nosti. Ovaj napredni materijal omogu\u0107ava pristupnoj dasci TPC da zamijeni tradicionalne, jeftine drvene daske. Ovo je jaka i lagana opcija dizajnirana za intenzivnu i kontinuiranu upotrebu, \u0161to je \u010dini savr\u0161enom za \u010dartere i marine. Pristupna daska je napravljena kao jedan komad bez spojeva, osiguravaju\u0107i da pluta, otporna na koroziju i da izdr\u017ei UV zrake. Njena povr\u0161ina je potpuno protuklizna, sa rubovima od gume koji su otporni na ogrebotine i pru\u017eaju dodatnu za\u0161titu.<\/p>\n<p><strong>Za\u0161to odabrati POLYMER pristupne daske?<\/strong><\/p>\n<p>S godinama inovacija u morskim pristupnim daskama i na\u0161om vode\u0107om pozicijom u industriji, razvili smo pojednostavljenu re\u0161enje za pristup koja zamjenjuje te\u0161ke drvene daske.<\/p>\n<p>TPC pristupne daske su osmi\u0161ljene da izdr\u017ee izazovne uvjete \u010darter okru\u017eenja, \u0161to ih \u010dini najboljom laganom, plove\u0107om i izdr\u017eljivom opcijom dostupnom.<\/p>\n<p><strong>Klju\u010dne karakteristike<\/strong><\/p>\n<ul>\n<li>P pojednostavljen dizajn<\/li>\n<li>Lagana konstrukcija<\/li>\n<li>Samo nepreklopljive verzije<\/li>\n<li>Protuklizna povr\u0161ina za siguran pristup va\u0161em \u010damcu<\/li>\n<li>Svi materijali su UV za\u0161ti\u0107eni<\/li>\n<\/ul>\n<p>Mehke plasti\u010dne ivice ne ostavljaju tragove i slu\u017ee kao monta\u017eni dodaci i za\u0161tita ivica, koje se mogu zamijeniti kada se istro\u0161e. Zatvoren dizajn osigurava da abstinsive POLYMER ostane plovna.<\/p>\n<p><strong>Tehni\u010dke specifikacije<\/strong><\/p>\n<ul>\n<li>Du\u017eina: 220 cm ili 245 cm<\/li>\n<li>\u0160irina: 40 cm ili po meri<\/li>\n<li>Peso: 8,5 kg ili 10,5 kg<\/li>\n<li>Nosivost: 250 kg<\/li>\n<\/ul>\n<p>Uz TPC pristupnu dasku, mo\u017eete u\u017eivati u pouzdanoj i efikasnoj re\u0161enju za pristup svim va\u0161im potrebama za jedrenje.<\/p>\n","protected":false},"excerpt":{"rendered":"<p>Mosti\u0107 Tpc Kompozit 245x40cm &#8211; TCP pristupna daska izra\u0111ena je od materijala od termoplasti\u010dnog kompozita, koji se \u010desto smatra materijalom<\/p>\n","protected":false},"featured_media":5945254,"comment_status":"open","ping_status":"closed","template":"","meta":[],"product_brand":[3491],"product_cat":[1612],"product_tag":[],"class_list":{"0":"post-743490","1":"product","2":"type-product","3":"status-publish","4":"has-post-thumbnail","6":"product_brand-trem-hr","7":"product_cat-gangways-za-brodove","9":"first","10":"instock","11":"shipping-taxable","12":"purchasable","13":"product-type-simple"},"_links":{"self":[{"href":"https:\/\/stoic-curie.212-227-153-4.plesk.page\/hr\/wp-json\/wp\/v2\/product\/743490","targetHints":{"allow":["GET"]}}],"collection":[{"href":"https:\/\/stoic-curie.212-227-153-4.plesk.page\/hr\/wp-json\/wp\/v2\/product"}],"about":[{"href":"https:\/\/stoic-curie.212-227-153-4.plesk.page\/hr\/wp-json\/wp\/v2\/types\/product"}],"replies":[{"embeddable":true,"href":"https:\/\/stoic-curie.212-227-153-4.plesk.page\/hr\/wp-json\/wp\/v2\/comments?post=743490"}],"version-history":[{"count":0,"href":"https:\/\/stoic-curie.212-227-153-4.plesk.page\/hr\/wp-json\/wp\/v2\/product\/743490\/revisions"}],"wp:featuredmedia":[{"embeddable":true,"href":"https:\/\/stoic-curie.212-227-153-4.plesk.page\/hr\/wp-json\/wp\/v2\/media\/5945254"}],"wp:attachment":[{"href":"https:\/\/stoic-curie.212-227-153-4.plesk.page\/hr\/wp-json\/wp\/v2\/media?parent=743490"}],"wp:term":[{"taxonomy":"product_brand","embeddable":true,"href":"https:\/\/stoic-curie.212-227-153-4.plesk.page\/hr\/wp-json\/wp\/v2\/product_brand?post=743490"},{"taxonomy":"product_cat","embeddable":true,"href":"https:\/\/stoic-curie.212-227-153-4.plesk.page\/hr\/wp-json\/wp\/v2\/product_cat?post=743490"},{"taxonomy":"product_tag","embeddable":true,"href":"https:\/\/stoic-curie.212-227-153-4.plesk.page\/hr\/wp-json\/wp\/v2\/product_tag?post=743490"}],"curies":[{"name":"wp","href":"https:\/\/api.w.org\/{rel}","templated":true}]}}