{"id":743493,"date":"2025-03-03T18:31:28","date_gmt":"2025-03-03T17:31:28","guid":{"rendered":"https:\/\/stoic-curie.212-227-153-4.plesk.page\/producto\/sigurnosni-pojas-za-dizanje-vanbrodskog-motora-do-75-kg\/"},"modified":"2026-02-25T00:01:09","modified_gmt":"2026-02-25T00:01:09","slug":"sigurnosni-pojas-za-dizanje-vanbrodskog-motora-do-75-kg","status":"publish","type":"product","link":"https:\/\/stoic-curie.212-227-153-4.plesk.page\/hr\/product\/sigurnosni-pojas-za-dizanje-vanbrodskog-motora-do-75-kg\/","title":{"rendered":"Sigurnosni pojas za dizanje vanbrodskog motora do 75 kg"},"content":{"rendered":"<p>Sigurnosni pojas za dizanje vanbrodskog motora do 75 kg &#8211; <\/p>\n<p>U\u017ee otporno na UV i morsko okru\u017eenje. Sigurno i jednostavno za upotrebu zahvaljuju\u0107i u\u017ee posebno dizajniranoj za 2-4 taktne motore do 15 KS.<\/p>\n","protected":false},"excerpt":{"rendered":"<p>Sigurnosni pojas za dizanje vanbrodskog motora do 75 kg &#8211; U\u017ee otporno na UV i morsko okru\u017eenje. Sigurno i jednostavno<\/p>\n","protected":false},"featured_media":5945259,"comment_status":"open","ping_status":"closed","template":"","meta":[],"product_brand":[3236],"product_cat":[1827,1840],"product_tag":[],"class_list":{"0":"post-743493","1":"product","2":"type-product","3":"status-publish","4":"has-post-thumbnail","6":"product_brand-osculati-hr","7":"product_cat-dodatna-oprema-za-vanbrodske-motore","8":"product_cat-sohe","10":"first","11":"instock","12":"shipping-taxable","13":"purchasable","14":"product-type-simple"},"_links":{"self":[{"href":"https:\/\/stoic-curie.212-227-153-4.plesk.page\/hr\/wp-json\/wp\/v2\/product\/743493","targetHints":{"allow":["GET"]}}],"collection":[{"href":"https:\/\/stoic-curie.212-227-153-4.plesk.page\/hr\/wp-json\/wp\/v2\/product"}],"about":[{"href":"https:\/\/stoic-curie.212-227-153-4.plesk.page\/hr\/wp-json\/wp\/v2\/types\/product"}],"replies":[{"embeddable":true,"href":"https:\/\/stoic-curie.212-227-153-4.plesk.page\/hr\/wp-json\/wp\/v2\/comments?post=743493"}],"version-history":[{"count":0,"href":"https:\/\/stoic-curie.212-227-153-4.plesk.page\/hr\/wp-json\/wp\/v2\/product\/743493\/revisions"}],"wp:featuredmedia":[{"embeddable":true,"href":"https:\/\/stoic-curie.212-227-153-4.plesk.page\/hr\/wp-json\/wp\/v2\/media\/5945259"}],"wp:attachment":[{"href":"https:\/\/stoic-curie.212-227-153-4.plesk.page\/hr\/wp-json\/wp\/v2\/media?parent=743493"}],"wp:term":[{"taxonomy":"product_brand","embeddable":true,"href":"https:\/\/stoic-curie.212-227-153-4.plesk.page\/hr\/wp-json\/wp\/v2\/product_brand?post=743493"},{"taxonomy":"product_cat","embeddable":true,"href":"https:\/\/stoic-curie.212-227-153-4.plesk.page\/hr\/wp-json\/wp\/v2\/product_cat?post=743493"},{"taxonomy":"product_tag","embeddable":true,"href":"https:\/\/stoic-curie.212-227-153-4.plesk.page\/hr\/wp-json\/wp\/v2\/product_tag?post=743493"}],"curies":[{"name":"wp","href":"https:\/\/api.w.org\/{rel}","templated":true}]}}